{"id":295,"date":"2026-03-19T13:32:53","date_gmt":"2026-03-19T13:32:53","guid":{"rendered":"https:\/\/pwent.lionstackailab.hu\/?post_type=product&#038;p=295"},"modified":"2026-03-19T13:33:10","modified_gmt":"2026-03-19T13:33:10","slug":"dyna-2350-nyomatekkulcs-gazpalackok-szelepelesehez","status":"publish","type":"product","link":"https:\/\/pwent.lionstackailab.hu\/es\/termek\/dyna-2350-nyomatekkulcs-gazpalackok-szelepelesehez\/","title":{"rendered":"DYNA 2350 nyomat\u00e9kkulcs g\u00e1zpalackok szelepel\u00e9s\u00e9hez"},"content":{"rendered":"<p class=\"tw-data-text vk_txt tw-ta tw-text-small\" dir=\"ltr\" data-placeholder=\"Ford\u00edt\u00e1s\"><span lang=\"hu\">Nyomat\u00e9k: 0-350 Nm.Pontoss\u00e1g +-4% (EN ISO 6789:2004). Ez lehet\u0151v\u00e9 teszi , hogy el\u00e9rj\u00fck a legpontosabb nyomat\u00e9kot k\u00f6sz\u00f6nhet\u0151en a torzi\u00f3s rendszernek. S\u0151t, a kis fej lehet\u0151v\u00e9 teszi a nyomat\u00e9kkulcs haszn\u00e1lat\u00e1t m\u00e9g sz\u0171k ter\u00fcleteken is. Ennek k\u00f6sz\u00f6nhet\u0151en DYNA 2350 egys\u00e9g kifejezetten alkalmas az \u00a0beszelepel\u0151 g\u00e9pek (EL sorozat) id\u0151szakos ellen\u0151rz\u00e9s\u00e9re. Nem folyamatos haszn\u00e1latra aj\u00e1nljuk, hanem ellen\u0151rz\u00e9si munk\u00e1k elv\u00e9gz\u00e9s\u00e9re<\/span><\/p>\n<hr \/>\n<h3><span lang=\"hu\"><strong>Let\u00f6lthet\u0151 anyagok<\/strong><\/span><\/h3>\n<ul>\n<li class=\"tw-data-text vk_txt tw-ta tw-text-small\" data-placeholder=\"Ford\u00edt\u00e1s\"><a href=\"https:\/\/pwent.eu\/wp-content\/uploads\/2016\/04\/DYNA2350_wrench.pdf\" rel=\"\">DYNA2350_nyomat\u00e9kkulcs<\/a><\/li>\n<\/ul>","protected":false},"excerpt":{"rendered":"<p>Professzion\u00e1lis kulcs 0-350 Nm er\u0151h\u00f6z. A\u00a0kis fej lehet\u0151v\u00e9 teszi, szelepel\u00e9st m\u00e9g sz\u0171k ter\u00fcleteken is.\u00a0Nem folyamatos haszn\u00e1latra aj\u00e1nljuk, hanem ellen\u0151rz\u00e9si munk\u00e1k elv\u00e9gz\u00e9s\u00e9re<\/p>","protected":false},"featured_media":332,"template":"","meta":[],"product_brand":[],"product_cat":[32,75,76,36,33,34,31],"product_tag":[77,35],"class_list":{"0":"post-295","1":"product","2":"type-product","3":"status-publish","4":"has-post-thumbnail","6":"product_cat-gazpalack-nyomasproba-es-felujitas","7":"product_cat-kiegeszitok","8":"product_cat-mobil-karbantarto-allomas","9":"product_cat-muhely-porralolto-keszulek-karbantartasahoz","10":"product_cat-muhely-szendioxiddal-olto-keszulekhez","11":"product_cat-szelepszereles","12":"product_cat-termekek","13":"product_tag-nyomatekkulcs","14":"product_tag-szelepeles","16":"first","17":"instock","18":"shipping-taxable","19":"purchasable","20":"product-type-simple"},"_links":{"self":[{"href":"https:\/\/pwent.lionstackailab.hu\/es\/wp-json\/wp\/v2\/product\/295","targetHints":{"allow":["GET"]}}],"collection":[{"href":"https:\/\/pwent.lionstackailab.hu\/es\/wp-json\/wp\/v2\/product"}],"about":[{"href":"https:\/\/pwent.lionstackailab.hu\/es\/wp-json\/wp\/v2\/types\/product"}],"wp:featuredmedia":[{"embeddable":true,"href":"https:\/\/pwent.lionstackailab.hu\/es\/wp-json\/wp\/v2\/media\/332"}],"wp:attachment":[{"href":"https:\/\/pwent.lionstackailab.hu\/es\/wp-json\/wp\/v2\/media?parent=295"}],"wp:term":[{"taxonomy":"product_brand","embeddable":true,"href":"https:\/\/pwent.lionstackailab.hu\/es\/wp-json\/wp\/v2\/product_brand?post=295"},{"taxonomy":"product_cat","embeddable":true,"href":"https:\/\/pwent.lionstackailab.hu\/es\/wp-json\/wp\/v2\/product_cat?post=295"},{"taxonomy":"product_tag","embeddable":true,"href":"https:\/\/pwent.lionstackailab.hu\/es\/wp-json\/wp\/v2\/product_tag?post=295"}],"curies":[{"name":"wp","href":"https:\/\/api.w.org\/{rel}","templated":true}]}}