{"id":294,"date":"2026-03-19T13:32:53","date_gmt":"2026-03-19T13:32:53","guid":{"rendered":"https:\/\/pwent.lionstackailab.hu\/?post_type=product&#038;p=294"},"modified":"2026-03-19T13:34:26","modified_gmt":"2026-03-19T13:34:26","slug":"be-sorozat-merleg","status":"publish","type":"product","link":"https:\/\/pwent.lionstackailab.hu\/es\/termek\/be-sorozat-merleg\/","title":{"rendered":"BE sorozat m\u00e9rleg"},"content":{"rendered":"<p class=\"tw-data-text vk_txt tw-ta tw-text-small\" dir=\"ltr\" data-placeholder=\"Ford\u00edt\u00e1s\">G\u00e1zpalackok, b\u00fcndelek m\u00e9r\u00e9s\u00e9re m\u00e9rlegek 60-3000 kg kapacit\u00e1ssal, 20-1000 gr pontoss\u00e1ggal. A m\u00e9rlegek haszn\u00e1lhat\u00f3ak karbantart\u00e1si \u00e9s t\u00f6lt\u00e9si munk\u00e1k elv\u00e9gz\u00e9s\u00e9hez. A kialak\u00edt\u00e1suk lehet\u0151v\u00e9 teszi a\u00a0padl\u00f3szintbe t\u00f6rt\u00e9n\u0151 telep\u00edt\u00e9st. Ak\u00e1r a\u00a0FCD\/SSW2 teljes CO2 t\u00f6lt\u0151\u00e1llom\u00e1sba is integr\u00e1l\u00e1sra ker\u00fclhetnek. A f\u00e9m emelv\u00e9ny ellen\u00e1ll\u00f3, b\u00edrja a neh\u00e9z s\u00falyokat \u00a0(a megengedett maxim\u00e1lis terhelhet\u0151s\u00e9gi hat\u00e1ron bel\u00fcl) . A digit\u00e1lis kijelz\u0151 pontos adatot ad a brutt\u00f3 \u00e9s \u00fcres s\u00falyr\u00f3l. A m\u00e9rlegen TARA s\u00faly r\u00f6gz\u00edthet\u0151 s \u00edgy azonnali m\u00f3don mutatja a t\u00f6lt\u0151s\u00falyt. A digit\u00e1lis vez\u00e9rl\u00e9se lehet\u0151v\u00e9 teszi a t\u00f6lt\u0151g\u00e9pek automatikus le\u00e1ll\u00edt\u00e1s\u00e1t amikor el\u00e9rt\u00fck a k\u00edv\u00e1nt s\u00falyt.<\/p>\n<hr \/>\n<h3 class=\"tw-data-text vk_txt tw-ta tw-text-small\" data-placeholder=\"Ford\u00edt\u00e1s\"><strong>Let\u00f6lthet\u0151 anyagok<\/strong><\/h3>\n<ul>\n<li><a href=\"https:\/\/pwent.eu\/wp-content\/uploads\/2016\/05\/BE_electronic_platf.pdf\" rel=\"\">BE elektromos m\u00e9rleg<\/a><\/li>\n<\/ul>","protected":false},"excerpt":{"rendered":"<p id=\"tw-target-text\" class=\"tw-data-text vk_txt tw-ta tw-text-small\" dir=\"ltr\" data-placeholder=\"Ford\u00edt\u00e1s\">G\u00e1zpalackok, b\u00fcndelek m\u00e9r\u00e9s\u00e9re m\u00e9rlegek 60-3000 kg kapacit\u00e1ssal, 20-1000 gr pontoss\u00e1ggal. Az elektronikus BE platform m\u00e9rlegek a g\u00e1zpalackok \u00e9s t\u0171zolt\u00f3k\u00e9sz\u00fcl\u00e9kek t\u00f6lt\u00e9s \u00e9s tesztel\u00e9s k\u00f6zbeni s\u00falyellen\u0151rz\u00e9s\u00e9re haszn\u00e1lhat\u00f3ak<\/p>","protected":false},"featured_media":331,"template":"","meta":[],"product_brand":[],"product_cat":[69,32,70,36,33,31,71],"product_tag":[72,73,74],"class_list":{"0":"post-294","1":"product","2":"type-product","3":"status-publish","4":"has-post-thumbnail","6":"product_cat-co2-tolto-es-atfejto-gepek","7":"product_cat-gazpalack-nyomasproba-es-felujitas","8":"product_cat-merlegek-meroeszkozok","9":"product_cat-muhely-porralolto-keszulek-karbantartasahoz","10":"product_cat-muhely-szendioxiddal-olto-keszulekhez","11":"product_cat-termekek","12":"product_cat-transzfer-gepek-fm200-novec-es-inert-oltogazokhoz","13":"product_tag-merleg","14":"product_tag-platform","15":"product_tag-vizsgalat","17":"first","18":"instock","19":"shipping-taxable","20":"purchasable","21":"product-type-variable"},"_links":{"self":[{"href":"https:\/\/pwent.lionstackailab.hu\/es\/wp-json\/wp\/v2\/product\/294","targetHints":{"allow":["GET"]}}],"collection":[{"href":"https:\/\/pwent.lionstackailab.hu\/es\/wp-json\/wp\/v2\/product"}],"about":[{"href":"https:\/\/pwent.lionstackailab.hu\/es\/wp-json\/wp\/v2\/types\/product"}],"wp:featuredmedia":[{"embeddable":true,"href":"https:\/\/pwent.lionstackailab.hu\/es\/wp-json\/wp\/v2\/media\/331"}],"wp:attachment":[{"href":"https:\/\/pwent.lionstackailab.hu\/es\/wp-json\/wp\/v2\/media?parent=294"}],"wp:term":[{"taxonomy":"product_brand","embeddable":true,"href":"https:\/\/pwent.lionstackailab.hu\/es\/wp-json\/wp\/v2\/product_brand?post=294"},{"taxonomy":"product_cat","embeddable":true,"href":"https:\/\/pwent.lionstackailab.hu\/es\/wp-json\/wp\/v2\/product_cat?post=294"},{"taxonomy":"product_tag","embeddable":true,"href":"https:\/\/pwent.lionstackailab.hu\/es\/wp-json\/wp\/v2\/product_tag?post=294"}],"curies":[{"name":"wp","href":"https:\/\/api.w.org\/{rel}","templated":true}]}}