{"id":290,"date":"2026-03-19T13:32:53","date_gmt":"2026-03-19T13:32:53","guid":{"rendered":"https:\/\/pwent.lionstackailab.hu\/?post_type=product&#038;p=290"},"modified":"2026-03-19T13:33:06","modified_gmt":"2026-03-19T13:33:06","slug":"winj72-vizkoppenyes-tagulasos-nyomasprobazo-gep","status":"publish","type":"product","link":"https:\/\/pwent.lionstackailab.hu\/es\/termek\/winj72-vizkoppenyes-tagulasos-nyomasprobazo-gep\/","title":{"rendered":"WINJ72 v\u00edzk\u00f6ppenyes t\u00e1gul\u00e1sos nyom\u00e1spr\u00f3b\u00e1z\u00f3 g\u00e9p"},"content":{"rendered":"<p>Nyom\u00e1s:500 bar. A WIN72 seg\u00edt meghat\u00e1rozni a \u00a0g\u00e1zpalack alakv\u00e1ltoz\u00e1s\u00e1t nyom\u00e1s pr\u00f3ba k\u00f6zben\/ut\u00e1n.\u00a0Az egys\u00e9g egy festett ac\u00e9l kabinetb\u0151l \u00a0\u00e1ll. Ebben, megtal\u00e1lja a hidraulikus tesztel\u0151 pump\u00e1t\u00a0\u00a0\u00e9s a\u00a0hidraulikus h\u00e1l\u00f3zatot. A h\u00e1z tetej\u00e9n, \u00a0ellen\u0151rz\u0151 manom\u00e9ter\u00a0\u00e9s opcion\u00e1lisan a nyom\u00e1s r\u00f6gz\u00edt\u0151 vannak telep\u00edtve . Az expanzi\u00f3s ellen\u0151rz\u0151 berendez\u00e9ssel elektronikus \u00faton s\u00faly m\u00f3dszerrel \u00a0m\u00e9rnek- 0,1 gramm pontoss\u00e1ggal meghat\u00e1rozhat\u00f3 a v\u00e1ltoz\u00e1s. A vizsg\u00e1lat folyam\u00e1n egy v\u00edzk\u00f6peny veszi k\u00f6r\u00fcl a g\u00e1zpalackot.<\/p>\n<hr \/>\n<p><strong>Let\u00f6lthet\u0151 anyagok<\/strong><\/p>\n<ul>\n<li><a href=\"http:\/\/pwent.eu\/wp-content\/uploads\/2016\/04\/WINJ72_hydraulic_exp_test.pdf\" rel=\"\">WINJ72 model &#8211; G\u00e1zpalack v\u00edznyom\u00e1spr\u00f3ba t\u00e1gul\u00e1si vizsg\u00e1lat vez\u00e9rl\u0151egys\u00e9g<\/a><\/li>\n<\/ul>","protected":false},"excerpt":{"rendered":"<p>A WIN72 seg\u00edt meghat\u00e1rozni a g\u00e1zpalack ideiglenes \u00e9s maradand\u00f3 t\u00e9rfogatv\u00e1ltoz\u00e1s\u00e1t nyom\u00e1s pr\u00f3ba seg\u00edts\u00e9g\u00e9vel.\u00a0Az expanzi\u00f3s ellen\u0151rz\u0151 berendez\u00e9ssel elektronikus \u00faton s\u00faly m\u00f3dszerrel \u00a0m\u00e9rnek- 0,1 gramm pontoss\u00e1ggal meghat\u00e1rozhat\u00f3 a v\u00e1ltoz\u00e1s. A vizsg\u00e1lat folyam\u00e1n egy v\u00edzk\u00f6peny veszi k\u00f6r\u00fcl a g\u00e1zpalackot<\/p>","protected":false},"featured_media":326,"template":"","meta":[],"product_brand":[],"product_cat":[32,40],"product_tag":[43,63],"class_list":{"0":"post-290","1":"product","2":"type-product","3":"status-publish","4":"has-post-thumbnail","6":"product_cat-gazpalack-nyomasproba-es-felujitas","7":"product_cat-gazpalack-nyomasproba-rampa","8":"product_tag-nyomasproba","9":"product_tag-vizkoppeny","11":"first","12":"instock","13":"shipping-taxable","14":"purchasable","15":"product-type-simple"},"_links":{"self":[{"href":"https:\/\/pwent.lionstackailab.hu\/es\/wp-json\/wp\/v2\/product\/290","targetHints":{"allow":["GET"]}}],"collection":[{"href":"https:\/\/pwent.lionstackailab.hu\/es\/wp-json\/wp\/v2\/product"}],"about":[{"href":"https:\/\/pwent.lionstackailab.hu\/es\/wp-json\/wp\/v2\/types\/product"}],"wp:featuredmedia":[{"embeddable":true,"href":"https:\/\/pwent.lionstackailab.hu\/es\/wp-json\/wp\/v2\/media\/326"}],"wp:attachment":[{"href":"https:\/\/pwent.lionstackailab.hu\/es\/wp-json\/wp\/v2\/media?parent=290"}],"wp:term":[{"taxonomy":"product_brand","embeddable":true,"href":"https:\/\/pwent.lionstackailab.hu\/es\/wp-json\/wp\/v2\/product_brand?post=290"},{"taxonomy":"product_cat","embeddable":true,"href":"https:\/\/pwent.lionstackailab.hu\/es\/wp-json\/wp\/v2\/product_cat?post=290"},{"taxonomy":"product_tag","embeddable":true,"href":"https:\/\/pwent.lionstackailab.hu\/es\/wp-json\/wp\/v2\/product_tag?post=290"}],"curies":[{"name":"wp","href":"https:\/\/api.w.org\/{rel}","templated":true}]}}