{"id":288,"date":"2026-03-19T13:32:53","date_gmt":"2026-03-19T13:32:53","guid":{"rendered":"https:\/\/pwent.lionstackailab.hu\/?post_type=product&#038;p=288"},"modified":"2026-03-19T13:33:05","modified_gmt":"2026-03-19T13:33:05","slug":"fit350-magasnyomasu-nyomasprobazo-pad-4-gazpalack-reszere","status":"publish","type":"product","link":"https:\/\/pwent.lionstackailab.hu\/es\/termek\/fit350-magasnyomasu-nyomasprobazo-pad-4-gazpalack-reszere\/","title":{"rendered":"FIT350 magasnyom\u00e1s\u00fa nyom\u00e1spr\u00f3b\u00e1z\u00f3 pad 4 g\u00e1zpalack r\u00e9sz\u00e9re"},"content":{"rendered":"<p>Maximum nyom\u00e1s: 450 bar G\u00e1zpalack \u00e1tm\u00e9r\u0151: 60-225 mm, G\u00e1zpalack hossz: 200-1100 mm.\u00a0<span style=\"font-size: 12.0pt;font-family: 'Georgia','serif';color: #333333\">Az egys\u00e9g alapvet\u0151en \u00e1ll egy festett ac\u00e9l tart\u00f3- \u00e9s forgat\u00f3szerkezetb\u0151l. A forg\u00f3 szerkezetre 4 k\u00e9zi satu van telep\u00edtve, annak \u00e9rdek\u00e9ben, hogy tartsa a g\u00e1zpalackokat a vizsg\u00e1lat sor\u00e1n. A forg\u00f3 keretre van r\u00e1szerelve a nyom\u00e1spr\u00f3b\u00e1z\u00e1shoz sz\u00fcks\u00e9ges t\u00f6ml\u0151k is. A forgat\u00f3 m\u0171veletet egy elektromos motor \u00a0inverter szab\u00e1lyozza\u00a0amely megakad\u00e1lyozza a keret palackok visszaes\u00e9s\u00e9t m\u00e9g ak\u00e1r \u00e1ramkimarad\u00e1s eset\u00e9n is. \u00a0Minden elektromos vez\u00e9rl\u00e9s alacsony fesz\u00fclts\u00e9ggel van szerelve a k\u00e9sz\u00fcl\u00e9k bal oldal\u00e1n. F\u00e9m doboz v\u00e9di a mechanikus forgat\u00f3t, a pneumatikus szelepeket \u00e9s eszk\u00f6z\u00f6ket. Az elektronikus vez\u00e9rl\u00e9s \u00e9s a pneumatikus vez\u00e9rl\u00e9s is a szekr\u00e9ny tetej\u00e9re van k\u00f6tve. Ezzel egy helyr\u0151l tudjuk a teljes vizsg\u00e1lati ciklust vez\u00e9relni. A g\u00e9phez tartozik egy v\u00edzszivatty\u00fa a sz\u00fcks\u00e9ges m\u0171anyag tart\u00e1llyal, amely a palackok t\u00f6lt\u00e9s\u00e9t \u00e9s le\u00fcr\u00edt\u00e9s\u00e9t is k\u00e9pes elv\u00e9gezni.\u00a0<\/span><\/p>\n<hr \/>\n<p><strong>Let\u00f6lthet\u0151 anyagok<\/strong><\/p>\n<ul>\n<li><a href=\"http:\/\/pwent.eu\/wp-content\/uploads\/2016\/05\/FIT350-4S_hydraul_testing-1.pdf\" rel=\"\">FIT350-4 \u00e1ll\u00e1sos g\u00e1zpalack tesztel\u00e9shez<\/a><\/li>\n<\/ul>","protected":false},"excerpt":{"rendered":"<p>Maximum nyom\u00e1s: 450 bar G\u00e1zpalack \u00e1tm\u00e9r\u0151: 60-225 mm, G\u00e1zpalack hossz: 200-1100 mm.\u00a0A forg\u00f3 szerkezetre 4 k\u00e9zi satu van telep\u00edtve. Be\u00e9p\u00edtett pumpa \u00e9s tart\u00e1ly<\/p>","protected":false},"featured_media":324,"template":"","meta":[],"product_brand":[],"product_cat":[32,40],"product_tag":[59,45,43,44],"class_list":{"0":"post-288","1":"product","2":"type-product","3":"status-publish","4":"has-post-thumbnail","6":"product_cat-gazpalack-nyomasproba-es-felujitas","7":"product_cat-gazpalack-nyomasproba-rampa","8":"product_tag-4-allas","9":"product_tag-450-bar","10":"product_tag-nyomasproba","11":"product_tag-nyomopad","13":"first","14":"instock","15":"shipping-taxable","16":"purchasable","17":"product-type-simple"},"_links":{"self":[{"href":"https:\/\/pwent.lionstackailab.hu\/es\/wp-json\/wp\/v2\/product\/288","targetHints":{"allow":["GET"]}}],"collection":[{"href":"https:\/\/pwent.lionstackailab.hu\/es\/wp-json\/wp\/v2\/product"}],"about":[{"href":"https:\/\/pwent.lionstackailab.hu\/es\/wp-json\/wp\/v2\/types\/product"}],"wp:featuredmedia":[{"embeddable":true,"href":"https:\/\/pwent.lionstackailab.hu\/es\/wp-json\/wp\/v2\/media\/324"}],"wp:attachment":[{"href":"https:\/\/pwent.lionstackailab.hu\/es\/wp-json\/wp\/v2\/media?parent=288"}],"wp:term":[{"taxonomy":"product_brand","embeddable":true,"href":"https:\/\/pwent.lionstackailab.hu\/es\/wp-json\/wp\/v2\/product_brand?post=288"},{"taxonomy":"product_cat","embeddable":true,"href":"https:\/\/pwent.lionstackailab.hu\/es\/wp-json\/wp\/v2\/product_cat?post=288"},{"taxonomy":"product_tag","embeddable":true,"href":"https:\/\/pwent.lionstackailab.hu\/es\/wp-json\/wp\/v2\/product_tag?post=288"}],"curies":[{"name":"wp","href":"https:\/\/api.w.org\/{rel}","templated":true}]}}