{"id":287,"date":"2026-03-19T13:32:53","date_gmt":"2026-03-19T13:32:53","guid":{"rendered":"https:\/\/pwent.lionstackailab.hu\/?post_type=product&#038;p=287"},"modified":"2026-03-19T13:34:27","modified_gmt":"2026-03-19T13:34:27","slug":"dry-sorozat-kis-palackok-szaritasahoz","status":"publish","type":"product","link":"https:\/\/pwent.lionstackailab.hu\/es\/termek\/dry-sorozat-kis-palackok-szaritasahoz\/","title":{"rendered":"DRY sorozat kis palackok sz\u00e1r\u00edt\u00e1s\u00e1hoz"},"content":{"rendered":"<p>DRY \u00a0g\u00e1zpalack sz\u00e1r\u00edt\u00f3 kis palackhoz (-20liter) 2-6 sz\u00e1m\u00fa g\u00e1zpalack vagy t\u0171zolt\u00f3k\u00e9sz\u00fcl\u00e9k palack egyidej\u0171 sz\u00e1r\u00edt\u00e1s\u00e1hoz<\/p>\n<p>A hidraulikus nyom\u00e1spr\u00f3b\u00e1t k\u00f6vet\u0151en a g\u00e1zpalackok \u00e9s t\u0171zolt\u00f3k\u00e9sz\u00fcl\u00e9kek belsej\u00e9ben nedvess\u00e9g marad. A c\u00e9lg\u00e9ppel ezt a nedvess\u00e9get tudjuk hat\u00e9konyan sz\u00e1r\u00edtani. Kis m\u00e9ret \u00e9s alacsony energiafogyaszt\u00e1s teszi a DRY-t teszi k\u00f6nnyen haszn\u00e1lhat\u00f3v\u00e1 ak\u00e1r m\u0171helyben ak\u00e1r mobil megold\u00e1sban.<\/p>\n<p><strong>DRY2 (MZEE002)<\/strong> &#8211; 2 \u00e1ll\u00e1sos, 1,14 kW teljes\u00edtm\u00e9ny\u0171<\/p>\n<p><strong>DRY2-U45 (MZEE002-020)<\/strong>\u00a0&#8211; 2 \u00e1ll\u00e1sos, 1,14 kW teljes\u00edtm\u00e9ny\u0171, 1 ki\u00e1ll\u00e1s kerekes g\u00e1zpalackok sz\u00e1r\u00edt\u00e1s\u00e1hoz<\/p>\n<p><strong>DRY6\/4 (MZEE001)<\/strong> &#8211; 6\u00a0\u00e1ll\u00e1sos, 5,5 kW teljes\u00edtm\u00e9ny\u0171, 2 ki\u00e1ll\u00e1s kerekes g\u00e1zpalackok sz\u00e1r\u00edt\u00e1s\u00e1hoz<\/p>\n<p><strong>DRY6\/4-PT (MZEE001-PT)<\/strong> &#8211; 6\u00a0\u00e1ll\u00e1sos, 5,5 kW teljes\u00edtm\u00e9ny\u0171, 2 ki\u00e1ll\u00e1s kerekes g\u00e1zpalackok sz\u00e1r\u00edt\u00e1s\u00e1hoz, <strong>h\u0151fokszab\u00e1lyz\u00f3val<\/strong><\/p>\n<p><strong>DRY6\/4 (MZEE003)<\/strong> &#8211; 6\u00a0\u00e1ll\u00e1sos, 11,5 kW teljes\u00edtm\u00e9ny\u0171, 3 ki\u00e1ll\u00e1s kerekes g\u00e1zpalackok sz\u00e1r\u00edt\u00e1s\u00e1hoz<\/p>\n<hr \/>\n<p><strong>Let\u00f6lthet\u0151 anyagok<\/strong><\/p>\n<ul>\n<li><a href=\"https:\/\/pwent.eu\/wp-content\/uploads\/2016\/04\/DRY_extinguisher_drying-2.pdf\" rel=\"\">DRY_extinguisher_drying<\/a><\/li>\n<\/ul>\n<p>&nbsp;<\/p>","protected":false},"excerpt":{"rendered":"<p>G\u00e1zpalack sz\u00e1r\u00edt\u00f3 kis palackokhoz (-20 literig), adapterrel kerekes t\u0171zolt\u00f3k\u00e9sz\u00fcl\u00e9kekhez<\/p>","protected":false},"featured_media":322,"template":"","meta":[],"product_brand":[],"product_cat":[32,58,36,33,31],"product_tag":[55],"class_list":{"0":"post-287","1":"product","2":"type-product","3":"status-publish","4":"has-post-thumbnail","6":"product_cat-gazpalack-nyomasproba-es-felujitas","7":"product_cat-gazpalackszaritas","8":"product_cat-muhely-porralolto-keszulek-karbantartasahoz","9":"product_cat-muhely-szendioxiddal-olto-keszulekhez","10":"product_cat-termekek","11":"product_tag-szaritas","13":"first","14":"instock","15":"shipping-taxable","16":"purchasable","17":"product-type-variable"},"_links":{"self":[{"href":"https:\/\/pwent.lionstackailab.hu\/es\/wp-json\/wp\/v2\/product\/287","targetHints":{"allow":["GET"]}}],"collection":[{"href":"https:\/\/pwent.lionstackailab.hu\/es\/wp-json\/wp\/v2\/product"}],"about":[{"href":"https:\/\/pwent.lionstackailab.hu\/es\/wp-json\/wp\/v2\/types\/product"}],"wp:featuredmedia":[{"embeddable":true,"href":"https:\/\/pwent.lionstackailab.hu\/es\/wp-json\/wp\/v2\/media\/322"}],"wp:attachment":[{"href":"https:\/\/pwent.lionstackailab.hu\/es\/wp-json\/wp\/v2\/media?parent=287"}],"wp:term":[{"taxonomy":"product_brand","embeddable":true,"href":"https:\/\/pwent.lionstackailab.hu\/es\/wp-json\/wp\/v2\/product_brand?post=287"},{"taxonomy":"product_cat","embeddable":true,"href":"https:\/\/pwent.lionstackailab.hu\/es\/wp-json\/wp\/v2\/product_cat?post=287"},{"taxonomy":"product_tag","embeddable":true,"href":"https:\/\/pwent.lionstackailab.hu\/es\/wp-json\/wp\/v2\/product_tag?post=287"}],"curies":[{"name":"wp","href":"https:\/\/api.w.org\/{rel}","templated":true}]}}