{"id":283,"date":"2026-03-19T13:32:53","date_gmt":"2026-03-19T13:32:53","guid":{"rendered":"https:\/\/pwent.lionstackailab.hu\/?post_type=product&#038;p=283"},"modified":"2026-03-19T13:33:01","modified_gmt":"2026-03-19T13:33:01","slug":"fit50-low-viznyomasproba-alacsonynyomasu-gazpalackok-reszere","status":"publish","type":"product","link":"https:\/\/pwent.lionstackailab.hu\/es\/termek\/fit50-low-viznyomasproba-alacsonynyomasu-gazpalackok-reszere\/","title":{"rendered":"FIT50\/LOW v\u00edznyom\u00e1spr\u00f3ba alacsonynyom\u00e1s\u00fa g\u00e1zpalackok r\u00e9sz\u00e9re"},"content":{"rendered":"<p>Teljesen automata, komplett felszerel\u00e9s. Max nyom\u00e1s:45 bar.G\u00e1zpalack \u00e1ll\u00e1sok:6 G\u00e1zpalack \u00e1tm\u00e9r\u0151:140-380 mm G\u00e1zpalack hossz:300-1200 mm Kapacit\u00e1s:36 g\u00e1zpalack\/\u00f3ra.FIT\/50 LOW modell kifejezetten alacsonynyom\u00e1s\u00fa g\u00e1zpalackok pr\u00f3b\u00e1z\u00e1s\u00e1hoz lett tervezve\u00a0(pl. LPG, h\u0171z\u0151g\u00e1zok&#8230;)A hagyom\u00e1nyos rendszerekkel szemben\u00a0FIT\/50LOW kik\u00fcsz\u00f6b\u00f6li a munkaig\u00e9nyes v\u00edzzel teli palackok cser\u00e9j\u00e9t. A t\u00f6lt\u00e9s a nyom\u00e1spr\u00f3ba a ki\u00fcr\u00edt\u00e9s mind mind a g\u00e9pben t\u00f6rt\u00e9nik, egyszer\u0171bb\u00e9, gyorsabb\u00e1, biztons\u00e1gosabb\u00e1 t\u00e9ve a folyamatot.<\/p>\n<hr \/>\n<p><strong>Let\u00f6lthet\u0151 anyagok:<\/strong><\/p>\n<ul>\n<li><a href=\"https:\/\/pwent.eu\/wp-content\/uploads\/2016\/05\/FIT50_LOW_LP_hydraul_testing.pdf\" rel=\"\">FIT50-LOW pr\u00f3bapad<\/a><\/li>\n<\/ul>\n<p>&nbsp;<\/p>","protected":false},"excerpt":{"rendered":"<p>Teljesen automata, komplett felszerel\u00e9s. Max nyom\u00e1s:45 bar.G\u00e1zpalack \u00e1ll\u00e1sok:6 G\u00e1zpalack \u00e1tm\u00e9r\u0151:140-380 mm G\u00e1zpalack hossz:300-1200 mm Kapacit\u00e1s:36 g\u00e1zpalack\/\u00f3ra<\/p>","protected":false},"featured_media":318,"template":"","meta":[],"product_brand":[],"product_cat":[32,40,31],"product_tag":[48,46,49,50,43],"class_list":{"0":"post-283","1":"product","2":"type-product","3":"status-publish","4":"has-post-thumbnail","6":"product_cat-gazpalack-nyomasproba-es-felujitas","7":"product_cat-gazpalack-nyomasproba-rampa","8":"product_cat-termekek","9":"product_tag-45-bar","10":"product_tag-6-allas","11":"product_tag-alacsonynyomas","12":"product_tag-lpg","13":"product_tag-nyomasproba","15":"first","16":"instock","17":"shipping-taxable","18":"purchasable","19":"product-type-simple"},"_links":{"self":[{"href":"https:\/\/pwent.lionstackailab.hu\/es\/wp-json\/wp\/v2\/product\/283","targetHints":{"allow":["GET"]}}],"collection":[{"href":"https:\/\/pwent.lionstackailab.hu\/es\/wp-json\/wp\/v2\/product"}],"about":[{"href":"https:\/\/pwent.lionstackailab.hu\/es\/wp-json\/wp\/v2\/types\/product"}],"wp:featuredmedia":[{"embeddable":true,"href":"https:\/\/pwent.lionstackailab.hu\/es\/wp-json\/wp\/v2\/media\/318"}],"wp:attachment":[{"href":"https:\/\/pwent.lionstackailab.hu\/es\/wp-json\/wp\/v2\/media?parent=283"}],"wp:term":[{"taxonomy":"product_brand","embeddable":true,"href":"https:\/\/pwent.lionstackailab.hu\/es\/wp-json\/wp\/v2\/product_brand?post=283"},{"taxonomy":"product_cat","embeddable":true,"href":"https:\/\/pwent.lionstackailab.hu\/es\/wp-json\/wp\/v2\/product_cat?post=283"},{"taxonomy":"product_tag","embeddable":true,"href":"https:\/\/pwent.lionstackailab.hu\/es\/wp-json\/wp\/v2\/product_tag?post=283"}],"curies":[{"name":"wp","href":"https:\/\/api.w.org\/{rel}","templated":true}]}}