{"id":282,"date":"2026-03-19T13:32:53","date_gmt":"2026-03-19T13:32:53","guid":{"rendered":"https:\/\/pwent.lionstackailab.hu\/?post_type=product&#038;p=282"},"modified":"2026-03-19T13:33:00","modified_gmt":"2026-03-19T13:33:00","slug":"fit50-viznyomasproba-pad-gazpalackok-vizsgalatahoz","status":"publish","type":"product","link":"https:\/\/pwent.lionstackailab.hu\/es\/termek\/fit50-viznyomasproba-pad-gazpalackok-vizsgalatahoz\/","title":{"rendered":"FIT50 v\u00edznyom\u00e1spr\u00f3ba pad g\u00e1zpalackok vizsg\u00e1lat\u00e1hoz"},"content":{"rendered":"<p>G\u00e1zpalack hely: 6. G\u00e1zpalack \u00e1tm\u00e9r\u0151: 160-270 mm ,G\u00e1zpalack hossz: \u00a0900-1700 mm, Kapacit\u00e1s max: 30 palack\/\u00f3ra. Maxim\u00e1lis pr\u00f3banyom\u00e1s: 450 bar. F\u00e9lautomata. A g\u00e9pet arra tervezt\u00fck, hogy g\u00e1zpalackok \u00e9s t\u0171zolt\u00f3k\u00e9sz\u00fcl\u00e9k palackok nyom\u00e1spr\u00f3b\u00e1j\u00e1t tudjuk elv\u00e9gezni. FIT50 sorozatot k\u00e9t alapvet\u0151 kivitelben gy\u00e1rtjuk. A f\u0151 k\u00fcl\u00f6nbs\u00e9g az egyszerre nyom\u00e1spr\u00f3b\u00e1zhat\u00f3 g\u00e1zpalackok sz\u00e1m\u00e1ban van. A FIT\/50 modell 6 palack nyom\u00e1spr\u00f3b\u00e1j\u00e1nak az elv\u00e9gz\u00e9s\u00e9hez. A m\u00e1s pr\u00f3barendszerekkel ellent\u00e9tben ez a rendszer megengedi hogy \u00fcres g\u00e1zpalackokat kezelj\u00fcnk (nem kell v\u00edzzel el\u0151t\u00f6lteni). K\u00f6sz\u00f6nhet\u0151en a be\u00e9p\u00edtett g\u00e1zpalack ford\u00edt\u00f3nak a FIT50 rendszer \u00f6nmaga elv\u00e9gzi a g\u00e1zpalackok t\u00f6lt\u00e9s\u00e9t, nyom\u00e1spr\u00f3b\u00e1z\u00e1s\u00e1t \u00e9s a v\u00edz ki\u00fcr\u00edt\u00e9s\u00e9t. Ezzel a folyamat kev\u00e9sb\u00e9 munkaig\u00e9nyess\u00e9 biztons\u00e1gosabb\u00e1 \u00e9s gyorsabb\u00e1 v\u00e1lik.<\/p>\n<hr \/>\n<p><strong>Let\u00f6lthet\u0151 anyagok<\/strong><\/p>\n<ul>\n<li><a href=\"https:\/\/pwent.eu\/wp-content\/uploads\/2016\/04\/FIT50_hydraulic_testing.pdf\" rel=\"\">FIT50 V\u00edznyom\u00e1spr\u00f3ba-pad<\/a><\/li>\n<\/ul>\n<p>&nbsp;<\/p>","protected":false},"excerpt":{"rendered":"<p>G\u00e1zpalack hely: 6. G\u00e1zpalack \u00e1tm\u00e9r\u0151: 160-270 mm ,G\u00e1zpalack hossz: \u00a0900-1700 mm, Kapacit\u00e1s max: 30 palack\/\u00f3ra. Maxim\u00e1lis pr\u00f3banyom\u00e1s: 450 bar. F\u00e9lautomata.<\/p>","protected":false},"featured_media":317,"template":"","meta":[],"product_brand":[],"product_cat":[32,40],"product_tag":[45,46,47,43],"class_list":{"0":"post-282","1":"product","2":"type-product","3":"status-publish","4":"has-post-thumbnail","6":"product_cat-gazpalack-nyomasproba-es-felujitas","7":"product_cat-gazpalack-nyomasproba-rampa","8":"product_tag-450-bar","9":"product_tag-6-allas","10":"product_tag-felautomata","11":"product_tag-nyomasproba","13":"first","14":"instock","15":"shipping-taxable","16":"purchasable","17":"product-type-simple"},"_links":{"self":[{"href":"https:\/\/pwent.lionstackailab.hu\/es\/wp-json\/wp\/v2\/product\/282","targetHints":{"allow":["GET"]}}],"collection":[{"href":"https:\/\/pwent.lionstackailab.hu\/es\/wp-json\/wp\/v2\/product"}],"about":[{"href":"https:\/\/pwent.lionstackailab.hu\/es\/wp-json\/wp\/v2\/types\/product"}],"wp:featuredmedia":[{"embeddable":true,"href":"https:\/\/pwent.lionstackailab.hu\/es\/wp-json\/wp\/v2\/media\/317"}],"wp:attachment":[{"href":"https:\/\/pwent.lionstackailab.hu\/es\/wp-json\/wp\/v2\/media?parent=282"}],"wp:term":[{"taxonomy":"product_brand","embeddable":true,"href":"https:\/\/pwent.lionstackailab.hu\/es\/wp-json\/wp\/v2\/product_brand?post=282"},{"taxonomy":"product_cat","embeddable":true,"href":"https:\/\/pwent.lionstackailab.hu\/es\/wp-json\/wp\/v2\/product_cat?post=282"},{"taxonomy":"product_tag","embeddable":true,"href":"https:\/\/pwent.lionstackailab.hu\/es\/wp-json\/wp\/v2\/product_tag?post=282"}],"curies":[{"name":"wp","href":"https:\/\/api.w.org\/{rel}","templated":true}]}}