{"id":280,"date":"2026-03-19T13:32:53","date_gmt":"2026-03-19T13:32:53","guid":{"rendered":"https:\/\/pwent.lionstackailab.hu\/?post_type=product&#038;p=280"},"modified":"2026-03-19T13:32:57","modified_gmt":"2026-03-19T13:32:57","slug":"ics-1850-automatikus-belso-soretezogep-gazpalackok-belso-tisztitasahoz","status":"publish","type":"product","link":"https:\/\/pwent.lionstackailab.hu\/es\/termek\/ics-1850-automatikus-belso-soretezogep-gazpalackok-belso-tisztitasahoz\/","title":{"rendered":"ICS 1850 automatikus bels\u0151 s\u00f6r\u00e9tez\u0151g\u00e9p g\u00e1zpalackok bels\u0151 tiszt\u00edt\u00e1s\u00e1hoz"},"content":{"rendered":"<p>G\u00e1zpalackok bels\u0151 tiszt\u00edt\u00e1s\u00e1ra tervezt\u00fck, s\u00f6r\u00e9tez\u0151, teljesen automata. A g\u00e9p max 1850 mm magass\u00e1ggal \u00e9s 270 mm \u00e1tm\u00e9r\u0151vel rendelkez\u0151 g\u00e1zpalackokat k\u00e9pes tiszt\u00edtani. A tiszt\u00edt\u00e1si folyamat egy z\u00e1rt szemcsesz\u00f3r\u00f3 kabinban teljesen automatikus ciklussal t\u00f6rt\u00e9nik. A f\u00e9m s\u00f6r\u00e9tszemcs\u00e9k biztos\u00edtj\u00e1k a nagy hat\u00e9konys\u00e1ggal t\u00f6rt\u00e9n\u0151 tiszt\u00edt\u00e1st, an\u00e9lk\u00fcl hogy a g\u00e1zpalack bels\u0151 fel\u00fclete s\u00e9r\u00fclne, vagy azokon b\u00e1rmilyen szennyez\u0151d\u00e9s maradna. A f\u00e9m s\u00f6r\u00e9tszemcs\u00e9ket visszaforgatjuk \u00e9s ciklon porlev\u00e1laszt\u00f3 seg\u00edts\u00e9g\u00e9vel megtiszt\u00edtjuk a g\u00e1zpalackb\u00f3l sz\u00e1rmaz\u00f3 szennyez\u0151d\u00e9sekt\u0151l. A folyamatosan \u00e1raml\u00f3 szemcs\u00e9k tiszt\u00edt\u00e1s\u00e1n\u00e1l egy \u00f6ntiszt\u00edt\u00f3 sz\u0171r\u0151t haszn\u00e1lunk, m\u00edg a felgy\u00fclemlett szem\u00e9t egy k\u00f6nnyen \u00fcr\u00edthet\u0151 tart\u00e1lyban gy\u0171lik.<\/p>\n<hr \/>\n<p><strong>Let\u00f6lthet\u0151 anyagok<\/strong><\/p>\n<ul>\n<li><a href=\"https:\/\/pwent.eu\/wp-content\/uploads\/2016\/04\/ICS1850_internal_cleaning.pdf\" rel=\"\">ICS1850 automata g\u00e1zpalack bels\u0151 tisztit\u00f3<\/a><\/li>\n<li><a href=\"https:\/\/pwent.eu\/wp-content\/uploads\/2016\/04\/ICS-1850-CLD-Working-with-ICS1850.pdf\">ics-1850-cld-working-with-ics1850 m\u00e9retek<\/a><\/li>\n<\/ul>\n<p>&nbsp;<\/p>","protected":false},"excerpt":{"rendered":"<p>G\u00e1zpalackok bels\u0151 tiszt\u00edt\u00e1s\u00e1ra tervezt\u00fck, s\u00f6r\u00e9tez\u0151, teljesen automata. A g\u00e9p <strong>max 1850 mm magass\u00e1ggal \u00e9s 270 mm \u00e1tm\u00e9r\u0151vel<\/strong> rendelkez\u0151 g\u00e1zpalackokat k\u00e9pes tiszt\u00edtani.<\/p>","protected":false},"featured_media":308,"template":"","meta":[],"product_brand":[],"product_cat":[32,38,31],"product_tag":[39],"class_list":{"0":"post-280","1":"product","2":"type-product","3":"status-publish","4":"has-post-thumbnail","6":"product_cat-gazpalack-nyomasproba-es-felujitas","7":"product_cat-gazpalackok-belso-tisztitasa","8":"product_cat-termekek","9":"product_tag-soretezes","11":"first","12":"instock","13":"featured","14":"shipping-taxable","15":"purchasable","16":"product-type-simple"},"_links":{"self":[{"href":"https:\/\/pwent.lionstackailab.hu\/es\/wp-json\/wp\/v2\/product\/280","targetHints":{"allow":["GET"]}}],"collection":[{"href":"https:\/\/pwent.lionstackailab.hu\/es\/wp-json\/wp\/v2\/product"}],"about":[{"href":"https:\/\/pwent.lionstackailab.hu\/es\/wp-json\/wp\/v2\/types\/product"}],"wp:featuredmedia":[{"embeddable":true,"href":"https:\/\/pwent.lionstackailab.hu\/es\/wp-json\/wp\/v2\/media\/308"}],"wp:attachment":[{"href":"https:\/\/pwent.lionstackailab.hu\/es\/wp-json\/wp\/v2\/media?parent=280"}],"wp:term":[{"taxonomy":"product_brand","embeddable":true,"href":"https:\/\/pwent.lionstackailab.hu\/es\/wp-json\/wp\/v2\/product_brand?post=280"},{"taxonomy":"product_cat","embeddable":true,"href":"https:\/\/pwent.lionstackailab.hu\/es\/wp-json\/wp\/v2\/product_cat?post=280"},{"taxonomy":"product_tag","embeddable":true,"href":"https:\/\/pwent.lionstackailab.hu\/es\/wp-json\/wp\/v2\/product_tag?post=280"}],"curies":[{"name":"wp","href":"https:\/\/api.w.org\/{rel}","templated":true}]}}