{"id":40,"date":"2026-03-10T10:39:20","date_gmt":"2026-03-10T10:39:20","guid":{"rendered":"https:\/\/pwent.lionstackailab.hu\/kosar\/"},"modified":"2026-04-01T11:28:07","modified_gmt":"2026-04-01T11:28:07","slug":"kosar","status":"publish","type":"page","link":"https:\/\/pwent.lionstackailab.hu\/en\/kosar\/","title":{"rendered":"Kos\u00e1r"},"content":{"rendered":"<div data-elementor-type=\"wp-page\" data-elementor-id=\"40\" class=\"elementor elementor-40\" data-elementor-post-type=\"page\">\n\t\t\t\t<div class=\"elementor-element elementor-element-85edfb4 e-flex e-con-boxed e-con e-parent\" data-id=\"85edfb4\" data-element_type=\"container\" data-e-type=\"container\" data-settings=\"{&quot;background_background&quot;:&quot;classic&quot;}\">\n\t\t\t\t\t<div class=\"e-con-inner\">\n\t\t\t\t<div class=\"elementor-element elementor-element-9d27629 elementor-widget elementor-widget-heading\" data-id=\"9d27629\" data-element_type=\"widget\" data-e-type=\"widget\" data-widget_type=\"heading.default\">\n\t\t\t\t\t<h2 class=\"elementor-heading-title elementor-size-default\">Kos\u00e1r \u00e1ttekint\u00e9s<\/h2>\t\t\t\t<\/div>\n\t\t\t\t<div class=\"elementor-element elementor-element-188c680 elementor-widget elementor-widget-woocommerce-breadcrumb\" data-id=\"188c680\" data-element_type=\"widget\" data-e-type=\"widget\" data-widget_type=\"woocommerce-breadcrumb.default\">\n\t\t\t\t\t<nav class=\"woocommerce-breadcrumb\" aria-label=\"Breadcrumb\" data-no-translation=\"\" data-trp-gettext=\"\">Home<\/nav>\t\t\t\t<\/div>\n\t\t\t\t\t<\/div>\n\t\t\t\t<\/div>\n\t\t<div class=\"elementor-element elementor-element-ef4d04f e-flex e-con-boxed e-con e-parent\" data-id=\"ef4d04f\" data-element_type=\"container\" data-e-type=\"container\">\n\t\t\t\t\t<div class=\"e-con-inner\">\n\t\t\t\t\t<\/div>\n\t\t\t\t<\/div>\n\t\t\t\t<\/div>","protected":false},"excerpt":{"rendered":"<p>Kos\u00e1r \u00e1ttekint\u00e9s Jelenleg nincs olyan term\u00e9k a kos\u00e1rban, amelyre aj\u00e1nlatot tudn\u00e1l k\u00e9rni. K\u00e9rlek, tegy\u00e9l legal\u00e1bb egy term\u00e9ket a kos\u00e1rba az aj\u00e1nlatk\u00e9r\u00e9s elk\u00fcld\u00e9s\u00e9hez. Term\u00e9kek megtekint\u00e9se<\/p>","protected":false},"author":1,"featured_media":0,"parent":0,"menu_order":0,"comment_status":"closed","ping_status":"closed","template":"","meta":{"footnotes":""},"class_list":["post-40","page","type-page","status-publish","hentry"],"_links":{"self":[{"href":"https:\/\/pwent.lionstackailab.hu\/en\/wp-json\/wp\/v2\/pages\/40","targetHints":{"allow":["GET"]}}],"collection":[{"href":"https:\/\/pwent.lionstackailab.hu\/en\/wp-json\/wp\/v2\/pages"}],"about":[{"href":"https:\/\/pwent.lionstackailab.hu\/en\/wp-json\/wp\/v2\/types\/page"}],"author":[{"embeddable":true,"href":"https:\/\/pwent.lionstackailab.hu\/en\/wp-json\/wp\/v2\/users\/1"}],"replies":[{"embeddable":true,"href":"https:\/\/pwent.lionstackailab.hu\/en\/wp-json\/wp\/v2\/comments?post=40"}],"version-history":[{"count":19,"href":"https:\/\/pwent.lionstackailab.hu\/en\/wp-json\/wp\/v2\/pages\/40\/revisions"}],"predecessor-version":[{"id":1610,"href":"https:\/\/pwent.lionstackailab.hu\/en\/wp-json\/wp\/v2\/pages\/40\/revisions\/1610"}],"wp:attachment":[{"href":"https:\/\/pwent.lionstackailab.hu\/en\/wp-json\/wp\/v2\/media?parent=40"}],"curies":[{"name":"wp","href":"https:\/\/api.w.org\/{rel}","templated":true}]}}