{"id":1800,"date":"2026-04-21T13:49:46","date_gmt":"2026-04-21T13:49:46","guid":{"rendered":"https:\/\/pwent.lionstackailab.hu\/?page_id=1800"},"modified":"2026-04-21T13:53:33","modified_gmt":"2026-04-21T13:53:33","slug":"gyik","status":"publish","type":"page","link":"https:\/\/pwent.lionstackailab.hu\/en\/gyik\/","title":{"rendered":"Gyik"},"content":{"rendered":"<div data-elementor-type=\"wp-page\" data-elementor-id=\"1800\" class=\"elementor elementor-1800\" data-elementor-post-type=\"page\">\n\t\t\t\t<div class=\"elementor-element elementor-element-af23fac e-flex e-con-boxed e-con e-parent\" data-id=\"af23fac\" data-element_type=\"container\" data-e-type=\"container\" data-settings=\"{&quot;background_background&quot;:&quot;classic&quot;}\">\n\t\t\t\t\t<div class=\"e-con-inner\">\n\t\t\t\t<div class=\"elementor-element elementor-element-a6d78cf elementor-widget elementor-widget-heading\" data-id=\"a6d78cf\" data-element_type=\"widget\" data-e-type=\"widget\" data-widget_type=\"heading.default\">\n\t\t\t\t\t<h2 class=\"elementor-heading-title elementor-size-default\">Gyakran ism\u00e9telt k\u00e9rd\u00e9sek<\/h2>\t\t\t\t<\/div>\n\t\t\t\t<div class=\"elementor-element elementor-element-47db9d5 elementor-widget elementor-widget-text-editor\" data-id=\"47db9d5\" data-element_type=\"widget\" data-e-type=\"widget\" data-widget_type=\"text-editor.default\">\n\t\t\t\t\t\t\t\t\tTal\u00e1lja meg egy helyen a leggyakrabban felmer\u00fcl\u0151 k\u00e9rd\u00e9sekre adott v\u00e1laszokat.\t\t\t\t\t\t\t\t<\/div>\n\t\t\t\t\t<\/div>\n\t\t\t\t<\/div>\n\t\t<div class=\"elementor-element elementor-element-c47fe42 e-flex e-con-boxed e-con e-parent\" data-id=\"c47fe42\" data-element_type=\"container\" data-e-type=\"container\" data-settings=\"{&quot;background_background&quot;:&quot;classic&quot;}\">\n\t\t\t\t\t<div class=\"e-con-inner\">\n\t\t<div class=\"elementor-element elementor-element-1f95eb1 e-con-full e-flex e-con e-child\" data-id=\"1f95eb1\" data-element_type=\"container\" data-e-type=\"container\">\n\t\t<div class=\"elementor-element elementor-element-3407a95 e-con-full e-flex e-con e-child\" data-id=\"3407a95\" data-element_type=\"container\" data-e-type=\"container\">\n\t\t\t\t<div class=\"elementor-element elementor-element-a585cf1 elementor-widget elementor-widget-heading\" data-id=\"a585cf1\" data-element_type=\"widget\" data-e-type=\"widget\" data-widget_type=\"heading.default\">\n\t\t\t\t\t<h6 class=\"elementor-heading-title elementor-size-default\">FAQ<\/h6>\t\t\t\t<\/div>\n\t\t\t\t<div class=\"elementor-element elementor-element-b93ac07 elementor-widget elementor-widget-heading\" data-id=\"b93ac07\" data-element_type=\"widget\" data-e-type=\"widget\" data-widget_type=\"heading.default\">\n\t\t\t\t\t<h2 class=\"elementor-heading-title elementor-size-default\">Gyakran ism\u00e9telt k\u00e9rd\u00e9sek<\/h2>\t\t\t\t<\/div>\n\t\t\t\t<\/div>\n\t\t\t\t<\/div>\n\t\t\t\t<div class=\"elementor-element elementor-element-758a0d4 align-at-right uael-faq-box-layout-yes elementor-widget elementor-widget-uael-faq\" data-id=\"758a0d4\" data-element_type=\"widget\" data-e-type=\"widget\" data-widget_type=\"uael-faq.default\">\n\t\t\t\t<div class=\"elementor-widget-container\">\n\t\t\t\t\t\n\t\t\t<div id='uael-faq-wrapper-123' class=\"uael-faq-wrapper\">\n\t\t\t\t<div class=\"uael-faq-container uael-faq-layout-accordion\" data-layout=\"accordion\" >\n\t\t\t\t\t\t\t\t\t\t\t\t<div id=\"uael-accordion-19c94c1\" class=\"uael-faq-accordion\" role=\"tablist\">\n\t\t\t\t\t\t\t\t<div class= \"uael-accordion-title\" aria-expanded=\"false\" role=\"tab\">\n\t\t\t\t\t\t\t\t\t<span class=\"uael-accordion-icon uael-accordion-icon-right\">\n\t\t\t\t\t\t\t\t\t\t<span class=\"uael-accordion-icon-closed\"><svg class=\"e-font-icon-svg e-fas-angle-right\" viewbox=\"0 0 256 512\" xmlns=\"http:\/\/www.w3.org\/2000\/svg\"><path d=\"M224.3 273l-136 136c-9.4 9.4-24.6 9.4-33.9 0l-22.6-22.6c-9.4-9.4-9.4-24.6 0-33.9l96.4-96.4-96.4-96.4c-9.4-9.4-9.4-24.6 0-33.9L54.3 103c9.4-9.4 24.6-9.4 33.9 0l136 136c9.5 9.4 9.5 24.6.1 34z\"><\/path><\/svg><\/span>\n\t\t\t\t\t\t\t\t\t\t<span class=\"uael-accordion-icon-opened\"><svg class=\"e-font-icon-svg e-fas-angle-up\" viewbox=\"0 0 320 512\" xmlns=\"http:\/\/www.w3.org\/2000\/svg\"><path d=\"M177 159.7l136 136c9.4 9.4 9.4 24.6 0 33.9l-22.6 22.6c-9.4 9.4-24.6 9.4-33.9 0L160 255.9l-96.4 96.4c-9.4 9.4-24.6 9.4-33.9 0L7 329.7c-9.4-9.4-9.4-24.6 0-33.9l136-136c9.4-9.5 24.6-9.5 34-.1z\"><\/path><\/svg><\/span>\n\t\t\t\t\t\t\t\t\t<\/span>\n\t\t\t\t\t\t\t\t\t<h4 class=\"uael-question-19c94c1 uael-question-span\" tabindex=\"0\" id=\"uael-faq-1-69ecee50d5e3f\">Mennyi id\u0151 am\u00edg megkapom a g\u00e9pem?<\/h4>\n\t\t\t\t\t\t\t\t<\/div>\n\t\t\t\t\t\t\t\t<div class=\"uael-accordion-content\" role=\"tabpanel\">\n\t\t\t\t\t\t\t\t\t<span>\n\t\t\t\t\t\t\t\t\t<span><p>\u00dczemeink \u00e1ltal\u00e1ban rendel\u00e9st\u0151l \u00e9s el\u0151fizet\u00e9st k\u00f6vet\u0151 3-5 h\u00e9t alatt gy\u00e1rtj\u00e1k k\u00e9szre a megrendel\u00e9seket. Fontos hogy az \u00d6n\u00f6k \u00e1ltal biztos\u00edtott alkatr\u00e9szek meg\u00e9rkezzenek. Ilyen lehet p\u00e9ld\u00e1ul egy g\u00e1zpalackk\u00f6tegn\u00e9l az \u00d6n\u00f6k \u00e1ltal biztos\u00edtott palack vagy szelep. A 3-5 h\u00e9t gy\u00e1rt\u00e1si id\u0151n bel\u00fcl m\u00e9g sz\u00e1molni kell az Eur\u00f3p\u00e1n bel\u00fcl k\u00f6r\u00fclbel\u00fcl 1 hetes sz\u00e1ll\u00edt\u00e1si id\u0151.<\/p><\/span>\t\t\t\t\t\t\t\t\t<\/span>\n\t\t\t\t\t\t\t\t<\/div>\n\t\t\t\t\t\t\t<\/div>\n\t\t\t\t\t\t\t\t\t\t\t\t\t\t<div id=\"uael-accordion-c6bb60f\" class=\"uael-faq-accordion\" role=\"tablist\">\n\t\t\t\t\t\t\t\t<div class= \"uael-accordion-title\" aria-expanded=\"false\" role=\"tab\">\n\t\t\t\t\t\t\t\t\t<span class=\"uael-accordion-icon uael-accordion-icon-right\">\n\t\t\t\t\t\t\t\t\t\t<span class=\"uael-accordion-icon-closed\"><svg class=\"e-font-icon-svg e-fas-angle-right\" viewbox=\"0 0 256 512\" xmlns=\"http:\/\/www.w3.org\/2000\/svg\"><path d=\"M224.3 273l-136 136c-9.4 9.4-24.6 9.4-33.9 0l-22.6-22.6c-9.4-9.4-9.4-24.6 0-33.9l96.4-96.4-96.4-96.4c-9.4-9.4-9.4-24.6 0-33.9L54.3 103c9.4-9.4 24.6-9.4 33.9 0l136 136c9.5 9.4 9.5 24.6.1 34z\"><\/path><\/svg><\/span>\n\t\t\t\t\t\t\t\t\t\t<span class=\"uael-accordion-icon-opened\"><svg class=\"e-font-icon-svg e-fas-angle-up\" viewbox=\"0 0 320 512\" xmlns=\"http:\/\/www.w3.org\/2000\/svg\"><path d=\"M177 159.7l136 136c9.4 9.4 9.4 24.6 0 33.9l-22.6 22.6c-9.4 9.4-24.6 9.4-33.9 0L160 255.9l-96.4 96.4c-9.4 9.4-24.6 9.4-33.9 0L7 329.7c-9.4-9.4-9.4-24.6 0-33.9l136-136c9.4-9.5 24.6-9.5 34-.1z\"><\/path><\/svg><\/span>\n\t\t\t\t\t\t\t\t\t<\/span>\n\t\t\t\t\t\t\t\t\t<h4 class=\"uael-question-c6bb60f uael-question-span\" tabindex=\"0\" id=\"uael-faq-2-69ecee50d5efd\">Van lehet\u0151s\u00e9g saj\u00e1t g\u00e1zpalackjaim haszn\u00e1lata g\u00e1zpalack k\u00f6tegekhez<\/h4>\n\t\t\t\t\t\t\t\t<\/div>\n\t\t\t\t\t\t\t\t<div class=\"uael-accordion-content\" role=\"tabpanel\">\n\t\t\t\t\t\t\t\t\t<span>\n\t\t\t\t\t\t\t\t\t<span><p>Ha a saj\u00e1t m\u00e1r megl\u00e9v\u0151 g\u00e1zpalackjait akarja haszn\u00e1lni a g\u00e1zpalackk\u00f6tegek meg\u00e9p\u00edt\u00e9s\u00e9hez akkor erre is lehet\u0151s\u00e9g van. Fontos hogy a g\u00e1zpalackok eur\u00f3pai szabv\u00e1nyoknak kell hogy megfeleljenek, s rendelkezzenek a gy\u00e1rt\u00e1si dokumentumokkal<\/p><\/span>\t\t\t\t\t\t\t\t\t<\/span>\n\t\t\t\t\t\t\t\t<\/div>\n\t\t\t\t\t\t\t<\/div>\n\t\t\t\t\t\t\t\t\t\t\t\t\t\t<div id=\"uael-accordion-8a315aa\" class=\"uael-faq-accordion\" role=\"tablist\">\n\t\t\t\t\t\t\t\t<div class= \"uael-accordion-title\" aria-expanded=\"false\" role=\"tab\">\n\t\t\t\t\t\t\t\t\t<span class=\"uael-accordion-icon uael-accordion-icon-right\">\n\t\t\t\t\t\t\t\t\t\t<span class=\"uael-accordion-icon-closed\"><svg class=\"e-font-icon-svg e-fas-angle-right\" viewbox=\"0 0 256 512\" xmlns=\"http:\/\/www.w3.org\/2000\/svg\"><path d=\"M224.3 273l-136 136c-9.4 9.4-24.6 9.4-33.9 0l-22.6-22.6c-9.4-9.4-9.4-24.6 0-33.9l96.4-96.4-96.4-96.4c-9.4-9.4-9.4-24.6 0-33.9L54.3 103c9.4-9.4 24.6-9.4 33.9 0l136 136c9.5 9.4 9.5 24.6.1 34z\"><\/path><\/svg><\/span>\n\t\t\t\t\t\t\t\t\t\t<span class=\"uael-accordion-icon-opened\"><svg class=\"e-font-icon-svg e-fas-angle-up\" viewbox=\"0 0 320 512\" xmlns=\"http:\/\/www.w3.org\/2000\/svg\"><path d=\"M177 159.7l136 136c9.4 9.4 9.4 24.6 0 33.9l-22.6 22.6c-9.4 9.4-24.6 9.4-33.9 0L160 255.9l-96.4 96.4c-9.4 9.4-24.6 9.4-33.9 0L7 329.7c-9.4-9.4-9.4-24.6 0-33.9l136-136c9.4-9.5 24.6-9.5 34-.1z\"><\/path><\/svg><\/span>\n\t\t\t\t\t\t\t\t\t<\/span>\n\t\t\t\t\t\t\t\t\t<h4 class=\"uael-question-8a315aa uael-question-span\" tabindex=\"0\" id=\"uael-faq-3-69ecee50d5f7a\">Mi\u00e9rt kell fizetnem a csomagol\u00e1s\u00e9rt?<\/h4>\n\t\t\t\t\t\t\t\t<\/div>\n\t\t\t\t\t\t\t\t<div class=\"uael-accordion-content\" role=\"tabpanel\">\n\t\t\t\t\t\t\t\t\t<span>\n\t\t\t\t\t\t\t\t\t<span><p>G\u00e9peink \u00e1r\u00e1ban egy raklapos csomagol\u00e1st kalkul\u00e1ltunk bele. A tapasztalat azt mutatja, hogy gyakran sz\u00fcks\u00e9ges egy fa keretes \u00e9s teker\u0151f\u00f3li\u00e1s csomagol\u00e1s. A csomagol\u00e1s m\u00e1r biztons\u00e1gos m\u00f3don v\u00e9di a g\u00e9pet a sz\u00e1ll\u00edt\u00e1s k\u00f6zbeni s\u00e9r\u00fcl\u00e9st\u0151l. Extra ig\u00e9ny eset\u00e9n ak\u00e1r a fakeret m\u00e9g farostlappal is beburkol\u00e1sra ker\u00fclhet.<\/p><\/span>\t\t\t\t\t\t\t\t\t<\/span>\n\t\t\t\t\t\t\t\t<\/div>\n\t\t\t\t\t\t\t<\/div>\n\t\t\t\t\t\t\t\t\t\t\t<\/div>\n\t\t\t<\/div>\n\t\t\t\t\t\t\t<\/div>\n\t\t\t\t<\/div>\n\t\t\t\t\t<\/div>\n\t\t\t\t<\/div>\n\t\t\t\t<\/div>","protected":false},"excerpt":{"rendered":"<p>Gyakran ism\u00e9telt k\u00e9rd\u00e9sek Tal\u00e1lja meg egy helyen a leggyakrabban felmer\u00fcl\u0151 k\u00e9rd\u00e9sekre adott v\u00e1laszokat. GYIK Gyakran ism\u00e9telt k\u00e9rd\u00e9sek Mennyi id\u0151 am\u00edg megkapom a g\u00e9pem? \u00dczemeink \u00e1ltal\u00e1ban rendel\u00e9st\u0151l \u00e9s el\u0151fizet\u00e9st k\u00f6vet\u0151 3-5 h\u00e9t alatt gy\u00e1rtj\u00e1k k\u00e9szre a megrendel\u00e9seket. Fontos hogy az \u00d6n\u00f6k \u00e1ltal biztos\u00edtott alkatr\u00e9szek meg\u00e9rkezzenek. Ilyen lehet p\u00e9ld\u00e1ul egy g\u00e1zpalackk\u00f6tegn\u00e9l az \u00d6n\u00f6k \u00e1ltal biztos\u00edtott palack vagy [&hellip;]<\/p>\n","protected":false},"author":1,"featured_media":0,"parent":0,"menu_order":0,"comment_status":"closed","ping_status":"closed","template":"","meta":{"footnotes":""},"class_list":["post-1800","page","type-page","status-publish","hentry"],"_links":{"self":[{"href":"https:\/\/pwent.lionstackailab.hu\/en\/wp-json\/wp\/v2\/pages\/1800","targetHints":{"allow":["GET"]}}],"collection":[{"href":"https:\/\/pwent.lionstackailab.hu\/en\/wp-json\/wp\/v2\/pages"}],"about":[{"href":"https:\/\/pwent.lionstackailab.hu\/en\/wp-json\/wp\/v2\/types\/page"}],"author":[{"embeddable":true,"href":"https:\/\/pwent.lionstackailab.hu\/en\/wp-json\/wp\/v2\/users\/1"}],"replies":[{"embeddable":true,"href":"https:\/\/pwent.lionstackailab.hu\/en\/wp-json\/wp\/v2\/comments?post=1800"}],"version-history":[{"count":7,"href":"https:\/\/pwent.lionstackailab.hu\/en\/wp-json\/wp\/v2\/pages\/1800\/revisions"}],"predecessor-version":[{"id":1808,"href":"https:\/\/pwent.lionstackailab.hu\/en\/wp-json\/wp\/v2\/pages\/1800\/revisions\/1808"}],"wp:attachment":[{"href":"https:\/\/pwent.lionstackailab.hu\/en\/wp-json\/wp\/v2\/media?parent=1800"}],"curies":[{"name":"wp","href":"https:\/\/api.w.org\/{rel}","templated":true}]}}