{"id":869,"date":"2026-03-19T13:36:11","date_gmt":"2026-03-19T13:36:11","guid":{"rendered":"https:\/\/pwent.lionstackailab.hu\/?post_type=product&#038;p=869"},"modified":"2026-03-19T13:37:02","modified_gmt":"2026-03-19T13:37:02","slug":"74w14-300-nyomatekkulcs","status":"publish","type":"product","link":"https:\/\/pwent.lionstackailab.hu\/de\/termek\/74w14-300-nyomatekkulcs\/","title":{"rendered":"74W14-300 Drehmomentschl\u00fcssel"},"content":{"rendered":"<p>Langlebige Konstruktion, Genauigkeit garantiert bis 100.000 Zyklen<br \/>\n\u2022 Schnelle Skaleneinstellung, die den Einstellungsaufwand reduziert<br \/>\n\u2022 Gro\u00dfes Doppelskala-Display N.m \/ ft.lb (bei 15 und 25 N.m Drehmomentschl\u00fcsseln N.m \/ in.lb)<br \/>\n\u2022 Drehmomentbereich von 60-300 Nm \/ 27 in.lb \u2013 300 ft.lb<br \/>\nKann durch Drehen des Schl\u00fcssels im oder gegen den Uhrzeigersinn verwendet werden<br \/>\n\u2022 \u00b1 3% -os torzi\u00f3s megh\u00faz\u00e1si pontoss\u00e1g, az ISO6789-1: 2017 k\u00f6vetelm\u00e9nyeinek megfelel\u0151en<br \/>\n\u2022 14x18 mm Durchmesser, quadratisch, aufsteckbare, austauschbare K\u00f6pfe.<br \/>\n\u2022 Der Verriegelungs-\/Entriegelungsknopf mit blauem Ring warnt, dass der Schl\u00fcssel offen ist.<br \/>\nZu allen Drehmomentschl\u00fcsseln wurde eine Werks-Konformit\u00e4tserkl\u00e4rung beigelegt, die gem\u00e4\u00df der internationalen Norm ISO 6789 r\u00fcckverfolgbar ist.<\/p>","protected":false},"excerpt":{"rendered":"<p>Langlebige Konstruktion, Genauigkeit garantiert bis 100.000 Zyklen<\/p>","protected":false},"featured_media":952,"template":"","meta":[],"product_brand":[],"product_cat":[32,75,34,31],"product_tag":[77,35],"class_list":{"0":"post-869","1":"product","2":"type-product","3":"status-publish","4":"has-post-thumbnail","6":"product_cat-gazpalack-nyomasproba-es-felujitas","7":"product_cat-kiegeszitok","8":"product_cat-szelepszereles","9":"product_cat-termekek","10":"product_tag-nyomatekkulcs","11":"product_tag-szelepeles","13":"first","14":"instock","15":"shipping-taxable","16":"purchasable","17":"product-type-simple"},"_links":{"self":[{"href":"https:\/\/pwent.lionstackailab.hu\/de\/wp-json\/wp\/v2\/product\/869","targetHints":{"allow":["GET"]}}],"collection":[{"href":"https:\/\/pwent.lionstackailab.hu\/de\/wp-json\/wp\/v2\/product"}],"about":[{"href":"https:\/\/pwent.lionstackailab.hu\/de\/wp-json\/wp\/v2\/types\/product"}],"wp:featuredmedia":[{"embeddable":true,"href":"https:\/\/pwent.lionstackailab.hu\/de\/wp-json\/wp\/v2\/media\/952"}],"wp:attachment":[{"href":"https:\/\/pwent.lionstackailab.hu\/de\/wp-json\/wp\/v2\/media?parent=869"}],"wp:term":[{"taxonomy":"product_brand","embeddable":true,"href":"https:\/\/pwent.lionstackailab.hu\/de\/wp-json\/wp\/v2\/product_brand?post=869"},{"taxonomy":"product_cat","embeddable":true,"href":"https:\/\/pwent.lionstackailab.hu\/de\/wp-json\/wp\/v2\/product_cat?post=869"},{"taxonomy":"product_tag","embeddable":true,"href":"https:\/\/pwent.lionstackailab.hu\/de\/wp-json\/wp\/v2\/product_tag?post=869"}],"curies":[{"name":"wp","href":"https:\/\/api.w.org\/{rel}","templated":true}]}}