{"id":865,"date":"2026-03-19T13:36:11","date_gmt":"2026-03-19T13:36:11","guid":{"rendered":"https:\/\/pwent.lionstackailab.hu\/?post_type=product&#038;p=865"},"modified":"2026-03-19T13:36:54","modified_gmt":"2026-03-19T13:36:54","slug":"12c-lemez-alj-gazpalack-szallito-paletta-12x50-rampaval-es-lemez-alj","status":"publish","type":"product","link":"https:\/\/pwent.lionstackailab.hu\/de\/termek\/12c-lemez-alj-gazpalack-szallito-paletta-12x50-rampaval-es-lemez-alj\/","title":{"rendered":"12C (lemez alj) &#8211; G\u00e1zpalack sz\u00e1ll\u00edt\u00f3 paletta 12&#215;50 r\u00e1mp\u00e1val \u00e9s lemez alj"},"content":{"rendered":"<p>R\u00e1mp\u00e1val rendelkez\u0151 horganyzott, robot hegesztett f\u00e9m paletta 12 db 50 literes g\u00e1zpalack sz\u00e1ll\u00edt\u00e1s\u00e1ra, t\u00e1rol\u00e1s\u00e1ra. <span style=\"text-decoration: underline;\"><b>A <\/b><b><u>palett\u00e1ra a jobb s\u00faly \u00e9s a kisebb k\u00f6lts\u00e9g miatt lemez aljat tervezt\u00fcnk. <\/u><\/b><\/span>A paletta targonc\u00e1zhat\u00f3 kivitelben k\u00e9sz\u00fcl \u00e9s daru emel\u0151f\u00fcllel rendelkezik. A r\u00e1mpa tartoz\u00e9ka a g\u00e1zpalackok biztons\u00e1gos r\u00f6gz\u00edt\u00e9s\u00e9re szolg\u00e1l\u00f3 spanifer is. A g\u00e1zpalack egyszer\u0171 ki- \u00e9s bet\u00e1rol\u00e1s\u00e1t seg\u00edti a lenyithat\u00f3 r\u00e1mpa.<\/p>\n<p>Ig\u00e9ny szerint a f\u00e9mszerkezetet a g\u00e1zpalackkal \u00e9rintkez\u0151 fel\u00fcleten szilikonbor\u00edt\u00e1ssal l\u00e1tjuk el. A kisebb g\u00e1zpalackok kies\u00e9s\u00e9t a g\u00e1zpalack sz\u00e1ll\u00edt\u00f3 kaloda oldals\u00f3 f\u00e9mszerkezet\u00e9nek kialak\u00edt\u00e1sa biztos\u00edtja.<\/p>\n<p>A tervez\u0151ink, technikusaink \u00e9s oper\u00e1toraink minden ig\u00e9nyek k\u00e9pesek megfelelni. Munkat\u00e1rsaink megfelel\u0151en k\u00e9pzettek \u00e9s megfelel\u0151 bizony\u00edtv\u00e1nyokkal rendelkeznek hegeszt\u00e9s, forraszt\u00e1s \u00e9s b\u00e1rmilyen m\u00e1s ac\u00e9lmunk\u00e1k ter\u00fclet\u00e9n. A bels\u0151 szervezeti fel\u00e9p\u00edt\u00e9s biztos\u00edtja a legmagasabb min\u0151s\u00e9g sz\u00e1ll\u00edt\u00e1s\u00e1t.<\/p>","protected":false},"excerpt":{"rendered":"<p>Szabv\u00e1nyos horganyzott g\u00e1zpalack sz\u00e1ll\u00edt\u00f3 kaloda <strong>r\u00e1mp\u00e1val, lemez alj.<\/strong> A horganyzott paletta robot hegesztett, 12 db 50 literes g\u00e1zpalack t\u00e1rol\u00e1s\u00e1ra \u00e9s sz\u00e1ll\u00edt\u00e1s\u00e1ra szolg\u00e1l. <span style=\"color: #ff6600;\">Mennyis\u00e9gi kedvezm\u00e9ny\u00e9rt keressen benn\u00fcnket<\/span><\/p>","protected":false},"featured_media":935,"template":"","meta":[],"product_brand":[],"product_cat":[158,31],"product_tag":[159],"class_list":{"0":"post-865","1":"product","2":"type-product","3":"status-publish","4":"has-post-thumbnail","6":"product_cat-gazpalack-szallito-fem-paletta","7":"product_cat-termekek","8":"product_tag-femszerkezet","10":"first","11":"instock","12":"featured","13":"shipping-taxable","14":"purchasable","15":"product-type-simple"},"_links":{"self":[{"href":"https:\/\/pwent.lionstackailab.hu\/de\/wp-json\/wp\/v2\/product\/865","targetHints":{"allow":["GET"]}}],"collection":[{"href":"https:\/\/pwent.lionstackailab.hu\/de\/wp-json\/wp\/v2\/product"}],"about":[{"href":"https:\/\/pwent.lionstackailab.hu\/de\/wp-json\/wp\/v2\/types\/product"}],"wp:featuredmedia":[{"embeddable":true,"href":"https:\/\/pwent.lionstackailab.hu\/de\/wp-json\/wp\/v2\/media\/935"}],"wp:attachment":[{"href":"https:\/\/pwent.lionstackailab.hu\/de\/wp-json\/wp\/v2\/media?parent=865"}],"wp:term":[{"taxonomy":"product_brand","embeddable":true,"href":"https:\/\/pwent.lionstackailab.hu\/de\/wp-json\/wp\/v2\/product_brand?post=865"},{"taxonomy":"product_cat","embeddable":true,"href":"https:\/\/pwent.lionstackailab.hu\/de\/wp-json\/wp\/v2\/product_cat?post=865"},{"taxonomy":"product_tag","embeddable":true,"href":"https:\/\/pwent.lionstackailab.hu\/de\/wp-json\/wp\/v2\/product_tag?post=865"}],"curies":[{"name":"wp","href":"https:\/\/api.w.org\/{rel}","templated":true}]}}