{"id":862,"date":"2026-03-19T13:36:11","date_gmt":"2026-03-19T13:36:11","guid":{"rendered":"https:\/\/pwent.lionstackailab.hu\/?post_type=product&#038;p=862"},"modified":"2026-03-19T13:36:44","modified_gmt":"2026-03-19T13:36:44","slug":"pwent-gazpalack-koteg-allo-16-x-50-liter","status":"publish","type":"product","link":"https:\/\/pwent.lionstackailab.hu\/de\/termek\/pwent-gazpalack-koteg-allo-16-x-50-liter\/","title":{"rendered":"PWENT Gasflaschenb\u00fcndel (stehend) 16 x 50 Liter"},"content":{"rendered":"<p>PWENT standart 16 db 50 literes g\u00e1zpalackb\u00f3l \u00e1ll\u00f3 g\u00e1zpalack k\u00f6tegeink, 200 bar, 300 bar vagy ak\u00e1r 350 bar \u00fczemi nyom\u00e1shoz. Csod\u00e1s industrial kialak\u00edt\u00e1s \u00e9s l\u00e1tv\u00e1nyvil\u00e1g. A kiaj\u00e1nlott \u00e1rak tartalmazz\u00e1k a keretet a gy\u0171jt\u0151cs\u00f6vez\u00e9st a g\u00e1zpalackok csatlakoz\u00f3it, nyom\u00e1sm\u00e9r\u0151 manom\u00e9tert, f\u0151 elz\u00e1r\u00f3 szelepet, szerel\u00e9st, enged\u00e9lyeztet\u00e9st, <strong><span style=\"text-decoration: underline;\">de a palackokat nem (hacsak az k\u00fcl\u00f6n jelz\u00e9sre nem ker\u00fclt) <\/span>\u00a0<\/strong>A term\u00e9ket a vonatkoz\u00f3 eur\u00f3pai szabv\u00e1nyok szerint gy\u00e1rtjuk. Hegesztett horganyzott ac\u00e9lszerkezet, rozsdamentes gy\u0171jt\u0151cs\u00f6vez\u00e9s \u00e9s szerelv\u00e9nyek. Modul\u00e1ris fel\u00e9p\u00edt\u00e9s a legnagyobb rugalmass\u00e1ghoz.<\/p>\n<h2>G\u00e1zpalack k\u00f6teg m\u00e9retei<\/h2>\n<ul>\n<li>Magass\u00e1g emel\u0151szem n\u00e9lk\u00fcl: 1905 +-10 mm szabv\u00e1nyos m\u00e9ret, de alacsonyabb verzi\u00f3t is tudunk \u00e9p\u00edteni (1000-1905 mm)\n<ul>\n<li>Magass\u00e1g s\u00fcllyesztett emel\u0151szemmel: +9 mm<\/li>\n<li>Magass\u00e1g kih\u00fazott emel\u0151szemmel: +55 mm<\/li>\n<\/ul>\n<\/li>\n<li>Sz\u00e9less\u00e9g: 1015 +-10 mm<\/li>\n<li>\u00a0M\u00e9lys\u00e9g: 1015 +-10 mm<\/li>\n<li>G\u00e1zpalackok m\u00e9retei: 15-50 liter (229 mm \u00e1tm\u00e9r\u0151)<\/li>\n<\/ul>\n<h2>Alapfelszerelts\u00e9g<\/h2>\n<ul>\n<li>Bes\u00fcllyeszthet\u0151 emel\u0151szemek<\/li>\n<li>Targoncazsebek<\/li>\n<li>Horganyzott ac\u00e9lszerkezet<\/li>\n<li>Rozsdamentes cs\u00f6vez\u00e9s<\/li>\n<li>1 f\u0151 elz\u00e1r\u00f3szelep \u00e9s 1 manom\u00e9ter<\/li>\n<li>L\u00e9zergrav\u00edrozott adatt\u00e1bla a tulajdonos nev\u00e9vel \u00e9s log\u00f3j\u00e1val<\/li>\n<\/ul>\n<h2>A PWENT g\u00e1zpalack k\u00f6teg a k\u00f6vetkez\u0151 szabv\u00e1nyok szerint \u00e9s param\u00e9terekkel ker\u00fcl legy\u00e1rt\u00e1sra<\/h2>\n<ul>\n<li>Szerkezet \u00e9s m\u0171k\u00f6d\u00e9s\n<ul>\n<li>Directive 2010\/35\/EU and Annex to the Directive 2008\/68\/EC \u2013 ADR\/RID 2021 (TPED &#8211; Transportable Pressure Equipment)<\/li>\n<li>1999\/36\/CE &#8211; PED (Pressure Equipment Directive)<\/li>\n<\/ul>\n<\/li>\n<li>EN 13769 g\u00e1zpalackok \u00e9s g\u00e1zpalack k\u00f6tegek jel\u00f6l\u00e9sei<\/li>\n<li>EN 10961:2012 &#8211; g\u00e1zpalack k\u00f6teg gy\u0171jt\u0151cs\u00f6vez\u00e9s\u00e9nek tesztjei<\/li>\n<li>EN 15607 &#8211; hegeszt\u00e9si elj\u00e1r\u00e1sok<\/li>\n<li>EN 11114 &#8211; g\u00e1zcsatlakoz\u00e1sok anyagv\u00e1laszt\u00e1sa<\/li>\n<li>Csatlakoz\u00e1sok form\u00e1ja:\n<ul>\n<li>DIN477-1<\/li>\n<li>ISO 5145<\/li>\n<li>Egy\u00e9b nemzeti szabv\u00e1nyra is lehet\u0151s\u00e9g van. K\u00e9rem keressen benn\u00fcnket.<\/li>\n<\/ul>\n<\/li>\n<li>M\u0171k\u00f6d\u00e9si h\u0151m\u00e9rs\u00e9klet: -20..+65 celsius<\/li>\n<\/ul>\n<h2>PWENT G\u00e1zpalack k\u00f6tegeinkhez rendelhet\u0151 opci\u00f3k<\/h2>\n<ul>\n<li><strong>G\u00e1zpalackok sz\u00e1ma:<\/strong> 4, 6, 8, 9, 12, 16, 20, 24, 30<\/li>\n<li><strong>G\u00e1zpalack m\u00e9retek:<\/strong> 15-50 liter (229 mm \u00e1tm\u00e9r\u0151vel)<\/li>\n<li><strong>K\u00fcl\u00f6nb\u00f6z\u0151 nyom\u00e1s\u00e9rt\u00e9kek:<\/strong> 200 bar, 300 bar, 350 bar<\/li>\n<li><strong>Szekci\u00f3k:<\/strong> ak\u00e1r 4 \u00f6sszef\u00fcgg\u0151\/ szeleppel z\u00e1rhat\u00f3 vagy f\u00fcggetlen szekci\u00f3 kialak\u00edt\u00e1s\u00e1nak\u00a0 lehet\u0151s\u00e9ge<\/li>\n<li><strong>El\u00e9rhet\u0151 g\u00e1znemek:<\/strong> cseppfoly\u00f3s\u00edthat\u00f3 illetve permanens g\u00e1zokhoz. K\u00e9rem n\u00e9zze meg a lenti t\u00e1bl\u00e1zatot.<\/li>\n<li><strong>F\u0151 elz\u00e1r\u00f3 szelep \/ szelepek (db):<\/strong> 1 (szabv\u00e1nyos), de maxim\u00e1lisan 8 kivezet\u0151 csatlakoz\u00e1s<\/li>\n<li><strong>Cs\u00f6vez\u00e9s anyaga:<\/strong> Rozsdamentes ac\u00e9l<\/li>\n<li><strong>G\u00e1zpalack:<\/strong> \u00daj, Haszn\u00e1lt \u00fajramin\u0151s\u00edtett, Haszn\u00e1lt lej\u00e1rt min\u0151s\u00edt\u00e9ssel<\/li>\n<li><strong>F\u00e1zisok sz\u00e1ma:<\/strong> g\u00e1zf\u00e1zis vagy cseppfoly\u00f3s g\u00e1zelv\u00e9tel mer\u00fcl\u0151cs\u0151vel<\/li>\n<li><strong>Opci\u00f3k\/ kieg\u00e9sz\u00edt\u0151k:<\/strong>\n<ul>\n<li>Mer\u00fcl\u0151cs\u0151 a g\u00e1zpalackokban<\/li>\n<li>Egyedi elz\u00e1r\u00f3szelep a g\u00e1zpalackokon<\/li>\n<li>Biztons\u00e1gi szelep<\/li>\n<li>Egyedi takar\u00f3lemez<\/li>\n<li>Palacksz\u00edn\/ k\u00f6tegsz\u00edn (nem k\u00f6telez\u0151 szabv\u00e1ny szerint)<\/li>\n<\/ul>\n<\/li>\n<\/ul>\n<h2>A PWENT g\u00e1zpalack k\u00f6tegeket a k\u00f6vetkez\u0151 dokument\u00e1ci\u00f3val sz\u00e1ll\u00edtjuk<\/h2>\n<ul>\n<li>Megfelel\u0151s\u00e9gi bizony\u00edtv\u00e1ny mint pl. a 2010\/35\/EU vagy ADR megfelel\u0151s\u00e9g<\/li>\n<li>Teszt bizony\u00edtv\u00e1ny<\/li>\n<li>Haszn\u00e1lti \u00e9s karbantart\u00e1si utas\u00edt\u00e1s<\/li>\n<\/ul>\n<h2>A PWENT g\u00e1zpalack k\u00f6tegeink el\u0151nyei<\/h2>\n<p>Nagyon magas vari\u00e1ci\u00f3s lehet\u0151s\u00e9g, hogy azt a g\u00e1zpalackk\u00f6teget kapja ami megfelel c\u00e9ljainak. A kialak\u00edt\u00e1ssal t\u00e1mogatjuk a gyors sz\u00e1ll\u00edt\u00e1si hat\u00e1rid\u0151t. Szeretn\u00e9nk el\u00e9rni hogy a sz\u00e1ll\u00edt\u00e1st a g\u00e1zpalackok megl\u00e9te vagy rakt\u00e1rszintje hat\u00e1rozza meg, s ne az \u00f6sszeszerel\u00e9s.<\/p>\n<h2>G\u00e1zpalack amelyekb\u0151l g\u00e1zpalack k\u00f6teget tudunk \u00e9p\u00edteni<\/h2>\n<p>Meg tudjuk szerelni a g\u00e1zpalackk\u00f6teg\u00e9t ak\u00e1r \u00faj g\u00e1zpalackb\u00f3l ak\u00e1r az \u00d6n \u00e1ltal biztos\u00edtott haszn\u00e1lt de \u00e9rv\u00e9nyes g\u00e1zpalackb\u00f3l ak\u00e1r m\u00e1r lej\u00e1rt g\u00e1zpalackb\u00f3l (term\u00e9szetesen ellen\u0151rz\u00e9seket k\u00f6vet\u0151en).<\/p>\n<h2>G\u00e1zok<\/h2>\n<p>Sokfajta g\u00e1zhoz k\u00e9sz\u00edt\u00fcnk g\u00e1zpalack k\u00f6teget. Lentebb a legtipikusabb g\u00e1zokat soroltuk fel. M\u00e1s ig\u00e9ny eset\u00e9n k\u00e9rem keressen benn\u00fcnket.<\/p>\n<table width=\"343\">\n<tbody>\n<tr>\n<td width=\"64\"><strong>ADR group<\/strong><\/td>\n<td width=\"64\"><strong>UN<\/strong><\/td>\n<td width=\"149\"><strong>Name<\/strong><\/td>\n<td width=\"66\"><strong>Symbol<\/strong><\/td>\n<\/tr>\n<tr>\n<td width=\"64\"><strong>1A<\/strong><\/td>\n<td width=\"64\">UN1002<\/td>\n<td width=\"149\">S\u00fcr\u00edtett leveg\u0151<\/td>\n<td width=\"66\">Air<\/td>\n<\/tr>\n<tr>\n<td width=\"64\"><strong>2TC<\/strong><\/td>\n<td width=\"64\">UN1005<\/td>\n<td width=\"149\">Amm\u00f3nia (g\u00e1z)<\/td>\n<td width=\"66\">NH3<\/td>\n<\/tr>\n<tr>\n<td width=\"64\"><strong>1A<\/strong><\/td>\n<td width=\"64\">UN1006<\/td>\n<td width=\"149\">Argon<\/td>\n<td width=\"66\">Ar<\/td>\n<\/tr>\n<tr>\n<td width=\"64\"><strong>2F<\/strong><\/td>\n<td width=\"64\">UN1011<\/td>\n<td width=\"149\">But\u00e1n<\/td>\n<td width=\"66\">C4H10<\/td>\n<\/tr>\n<tr>\n<td width=\"64\"><strong>2A<\/strong><\/td>\n<td width=\"64\">UN1013<\/td>\n<td width=\"149\">Sz\u00e9ndioxid<\/td>\n<td width=\"66\">CO2<\/td>\n<\/tr>\n<tr>\n<td width=\"64\"><strong>1TF<\/strong><\/td>\n<td width=\"64\">UN1016<\/td>\n<td width=\"149\">Sz\u00e9nmonoxid<\/td>\n<td width=\"66\">CO<\/td>\n<\/tr>\n<tr>\n<td width=\"64\"><\/td>\n<td width=\"64\"><\/td>\n<td width=\"149\">G\u00e1zkever\u00e9k AR\/CO2<\/td>\n<td width=\"66\"><\/td>\n<\/tr>\n<tr>\n<td width=\"64\"><\/td>\n<td width=\"64\"><\/td>\n<td width=\"149\">GG\u00e1zkever\u00e9k O2\/CO2<\/td>\n<td width=\"66\"><\/td>\n<\/tr>\n<tr>\n<td width=\"64\"><strong>1A<\/strong><\/td>\n<td width=\"64\">UN1046<\/td>\n<td width=\"149\">H\u00e9lium<\/td>\n<td width=\"66\">He<\/td>\n<\/tr>\n<tr>\n<td width=\"64\"><strong>1F<\/strong><\/td>\n<td width=\"64\">UN1049<\/td>\n<td width=\"149\">Hidrog\u00e9n<\/td>\n<td width=\"66\">H2<\/td>\n<\/tr>\n<tr>\n<td width=\"64\"><strong>1A<\/strong><\/td>\n<td width=\"64\">UN1056<\/td>\n<td width=\"149\">Kripton<\/td>\n<td width=\"66\">Kr<\/td>\n<\/tr>\n<tr>\n<td width=\"64\"><strong>1F<\/strong><\/td>\n<td width=\"64\">UN1971<\/td>\n<td width=\"149\">S\u0171r\u00edtett Met\u00e1n (g\u00e1z)<\/td>\n<td width=\"66\">CH4<\/td>\n<\/tr>\n<tr>\n<td width=\"64\"><strong>1A<\/strong><\/td>\n<td width=\"64\">UN1065<\/td>\n<td width=\"149\">Neon<\/td>\n<td width=\"66\">Ne<\/td>\n<\/tr>\n<tr>\n<td width=\"64\"><strong>A<\/strong><\/td>\n<td width=\"64\">UN1066<\/td>\n<td width=\"149\">Nitrog\u00e9n<\/td>\n<td width=\"66\">N2<\/td>\n<\/tr>\n<tr>\n<td width=\"64\"><strong>2O<\/strong><\/td>\n<td width=\"64\">UN1070<\/td>\n<td width=\"149\">Dinitrog\u00e9n oxid<\/td>\n<td width=\"66\">N2O<\/td>\n<\/tr>\n<tr>\n<td width=\"64\"><strong>1O<\/strong><\/td>\n<td width=\"64\">UN1072<\/td>\n<td width=\"149\">Oxig\u00e9n<\/td>\n<td width=\"66\">O2<\/td>\n<\/tr>\n<tr>\n<td width=\"64\"><strong>2A<\/strong><\/td>\n<td width=\"64\">UN2036<\/td>\n<td width=\"149\">Xenon<\/td>\n<td width=\"66\">Xe<\/td>\n<\/tr>\n<tr>\n<td width=\"64\"><\/td>\n<td width=\"64\"><\/td>\n<td width=\"149\"><\/td>\n<\/tr>\n<\/tbody>\n<\/table>","protected":false},"excerpt":{"rendered":"<p>PWENT 16 x 50 liter g\u00e1zpalack k\u00f6teg 200 bar, 300 bar vagy 350 bar \u00fczemi nyom\u00e1ssal, permanens vagy cseppfoly\u00f3s\u00edthat\u00f3 g\u00e1zokhoz. A g\u00e1zpalack k\u00f6tegeink az EU szabv\u00e1nyoknak megfelel\u0151en ker\u00fclnek legy\u00e1rt\u00e1sra. Hegesztett galvaniz\u00e1lt szerkezet rozsdamentes kialak\u00edt\u00e1s\u00fa gy\u0171jt\u0151cs\u00f6vez\u00e9ssel, s sok m\u00e1s egy\u00e9b el\u0151nnyel. K\u00e9rem kattintson a r\u00e9szletek\u00e9rt. <strong><span style=\"color: #ff6600;\">F\u00fcr individuelle Entw\u00fcrfe und Ausf\u00fchrungen sowie Mengenrabatte rufen Sie bitte an<\/span><\/strong><\/p>","protected":false},"featured_media":916,"template":"","meta":[],"product_brand":[],"product_cat":[160,31],"product_tag":[223,161,155,222],"class_list":{"0":"post-862","1":"product","2":"type-product","3":"status-publish","4":"has-post-thumbnail","6":"product_cat-gazpalackkoteg","7":"product_cat-termekek","8":"product_tag-allo","9":"product_tag-bundel","10":"product_tag-gazpalack-koteg","11":"product_tag-robot-hegesztett","13":"first","14":"instock","15":"featured","16":"shipping-taxable","17":"purchasable","18":"product-type-simple"},"_links":{"self":[{"href":"https:\/\/pwent.lionstackailab.hu\/de\/wp-json\/wp\/v2\/product\/862","targetHints":{"allow":["GET"]}}],"collection":[{"href":"https:\/\/pwent.lionstackailab.hu\/de\/wp-json\/wp\/v2\/product"}],"about":[{"href":"https:\/\/pwent.lionstackailab.hu\/de\/wp-json\/wp\/v2\/types\/product"}],"wp:featuredmedia":[{"embeddable":true,"href":"https:\/\/pwent.lionstackailab.hu\/de\/wp-json\/wp\/v2\/media\/916"}],"wp:attachment":[{"href":"https:\/\/pwent.lionstackailab.hu\/de\/wp-json\/wp\/v2\/media?parent=862"}],"wp:term":[{"taxonomy":"product_brand","embeddable":true,"href":"https:\/\/pwent.lionstackailab.hu\/de\/wp-json\/wp\/v2\/product_brand?post=862"},{"taxonomy":"product_cat","embeddable":true,"href":"https:\/\/pwent.lionstackailab.hu\/de\/wp-json\/wp\/v2\/product_cat?post=862"},{"taxonomy":"product_tag","embeddable":true,"href":"https:\/\/pwent.lionstackailab.hu\/de\/wp-json\/wp\/v2\/product_tag?post=862"}],"curies":[{"name":"wp","href":"https:\/\/api.w.org\/{rel}","templated":true}]}}