{"id":858,"date":"2026-03-19T13:36:11","date_gmt":"2026-03-19T13:36:11","guid":{"rendered":"https:\/\/pwent.lionstackailab.hu\/?post_type=product&#038;p=858"},"modified":"2026-03-19T13:36:34","modified_gmt":"2026-03-19T13:36:34","slug":"gasy-gazpalack-koteg-allo-20-x-50-liter","status":"publish","type":"product","link":"https:\/\/pwent.lionstackailab.hu\/de\/termek\/gasy-gazpalack-koteg-allo-20-x-50-liter\/","title":{"rendered":"GASy Gasflaschenb\u00fcndel (stehend) 20 x 50 Liter"},"content":{"rendered":"<p>A mi GASy 20 db 50 literes g\u00e1zpalackb\u00f3l \u00e1l\u00f3 g\u00e1zpalack k\u00f6tegeinket tudjuk sz\u00e1ll\u00edtani ak\u00e1r 200 bar ak\u00e1r 300 bar \u00fczemi nyom\u00e1ssal. A kiaj\u00e1nlott \u00e1rak tartalmazz\u00e1k a keretet a gy\u0171jt\u0151cs\u00f6vez\u00e9st a g\u00e1zpalackok csatlakoz\u00f3it, nyom\u00e1sm\u00e9r\u0151 manom\u00e9tert, f\u0151 elz\u00e1r\u00f3 szelepet, szerel\u00e9st,<strong><span style=\"text-decoration: underline;\"> de a palackokat nem (hacsak az k\u00fcl\u00f6n jelz\u00e9sre nem ker\u00fclt) <\/span>\u00a0<\/strong><\/p>\n<h2>GASy G\u00e1zpalack k\u00f6teg m\u00e9retei<\/h2>\n<ul>\n<li>Magass\u00e1g emel\u0151szem n\u00e9lk\u00fcl: 1900 +-10 mm<\/li>\n<li>Magass\u00e1g emel\u0151szemmel: min. 1970 mm, max 2100 mm<\/li>\n<li>Sz\u00e9less\u00e9g: 1260 +-10 mm<\/li>\n<li>\u00a0M\u00e9lys\u00e9g: 1020 +-10 mm<\/li>\n<\/ul>\n<h2>A GASy g\u00e1zpalack k\u00f6teg a k\u00f6vetkez\u0151 szabv\u00e1nyok szerint ker\u00fcl legy\u00e1rt\u00e1sra<\/h2>\n<ul>\n<li>Szerekezet \u00e9s m\u0171k\u00f6d\u00e9s\n<ul>\n<li>1999\/36\/CE<\/li>\n<li>2010\/35\/EU &#8211; TPED<\/li>\n<\/ul>\n<\/li>\n<li>EN 13769 g\u00e1zpalackok \u00e9s g\u00e1zpalack k\u00f6tegek jel\u00f6l\u00e9sei<\/li>\n<li>EN 10961 &#8211; g\u00e1zpalack k\u00f6teg gy\u0171jt\u0151cs\u00f6vez\u00e9s\u00e9nek tesztjei<\/li>\n<li>EN 15607 &#8211; hegeszt\u00e9si elj\u00e1r\u00e1sok<\/li>\n<li>EN 11144 &#8211; g\u00e1zcsatlakoz\u00e1sok<\/li>\n<\/ul>\n<h2>GASy g\u00e1zpalack k\u00f6tegeinkhez rendelhet\u0151 opci\u00f3k<\/h2>\n<ul>\n<li><strong>G\u00e1zpalackok sz\u00e1ma:<\/strong> 4, 6, 8, 9, 12, 16, 20, 24, 30 (vagy egyedi)<\/li>\n<li><strong>K\u00fcl\u00f6nb\u00f6z\u0151 nyom\u00e1s\u00e9rt\u00e9kek:<\/strong> 200 bar, 300 bar<\/li>\n<li><strong>El\u00e9rhet\u0151 g\u00e1znemek:<\/strong> acetil\u00e9n (C2H2), argon (Ar), oxig\u00e9n (O2), nitrog\u00e9n (N2), sz\u00e9ndioxid (CO2), vagy egy\u00e9b permanens vagy cseppfoly\u00f3s\u00a0 g\u00e1zok (k\u00e9rem k\u00e9rje koll\u00e9g\u00e1nk seg\u00edts\u00e9g\u00e9t ha egy\u00e9b g\u00e1zr\u00f3l van sz\u00f3)<\/li>\n<li><strong>F\u0151 elz\u00e1r\u00f3 szelep \/ szelepek (db):<\/strong> 1 (szabv\u00e1nyos), 2, 3, 4<\/li>\n<li><strong>Cs\u00f6vez\u00e9s anyaga:<\/strong> Rozsdamentes ac\u00e9l AISI 304 1,4301, Rozsdamentes ac\u00e9l AISI 316 1,4401, R\u00e9z<\/li>\n<li><strong>G\u00e1zpalack:<\/strong> \u00daj, Haszn\u00e1lt \u00fajramin\u0151s\u00edtett, Haszn\u00e1lt lej\u00e1rt min\u0151s\u00edt\u00e9ssel<\/li>\n<li><strong>F\u00e1zisok sz\u00e1ma:<\/strong> 1 (szabv\u00e1nyos), 2<\/li>\n<li><strong>Opci\u00f3k\/ kieg\u00e9sz\u00edt\u0151k:<\/strong> Nyom\u00e1sm\u00e9r\u0151 manom\u00e9ter, Nyom\u00e1scs\u00f6kkent\u0151, Biztons\u00e1gi szelep, Egyedi takar\u00f3lemez, Palacksz\u00edn\/ k\u00f6tegsz\u00edn<\/li>\n<\/ul>\n<p>&nbsp;<\/p>\n<h2>A GASy g\u00e1zpalack k\u00f6tegeket a k\u00f6vetkez\u0151 dokument\u00e1ci\u00f3val sz\u00e1ll\u00edtjuk<\/h2>\n<ul>\n<li>Megfelel\u0151s\u00e9gi bizony\u00edtv\u00e1ny mint pl. a 2010\/35\/EU vagz ADR megfelel\u0151s\u00e9g<\/li>\n<li>Teszt bizony\u00edtv\u00e1ny<\/li>\n<li>Haszn\u00e1lti \u00e9s karbantart\u00e1si utas\u00edt\u00e1s<\/li>\n<\/ul>\n<h2>A GASy g\u00e1zpalack k\u00f6tegeink el\u0151nyei<\/h2>\n<ol>\n<li>Ellen\u0151rz\u00f6tt keretek<\/li>\n<li>Teljes elv\u00e1laszt\u00e1sa a g\u00e1zpalackoknak<\/li>\n<li>Jobb l\u00e9gmozg\u00e1s a palackok k\u00f6z\u00f6tt, jobb h\u0151\u00e1tad\u00e1s<\/li>\n<li>K\u00f6zponti emel\u0151szem<\/li>\n<li>Szem\u00e9ylre szabott takar\u00f3lemez<\/li>\n<li>Gy\u0171r\u0171s gy\u0171jt\u0151cs\u00f6vez\u00e9s<\/li>\n<li>Fels\u0151 palackszerel\u00e9s<\/li>\n<li>Biztons\u00e1gi palack r\u00f6gz\u00edt\u0151k(fent \u00e9s lent)<\/li>\n<\/ol>\n<p style=\"margin: 0in; font-family: Calibri; font-size: 11.0pt;\"><a href=\"https:\/\/pwent.eu\/en\/?p=13303\">Tov\u00e1bbi inform\u00e1ci\u00f3\u00e9rt k\u00e9rem olvassa el a k\u00f6vetkez\u0151 cikk\u00fcnket<\/a><\/p>\n<h2>G\u00e1zpalack amelyekb\u0151l g\u00e1zpalack k\u00f6teget tudunk \u00e9p\u00edteni<\/h2>\n<p>Meg tudjuk szerelni a g\u00e1zpalackk\u00f6teg\u00e9t ak\u00e1r \u00faj g\u00e1zpalackb\u00f3l ak\u00e1r az \u00d6n \u00e1ltal biztos\u00edtott haszn\u00e1lt de \u00e9rv\u00e9nyes g\u00e1zpalackb\u00f3l ak\u00e1r m\u00e1r lej\u00e1rt g\u00e1zpalackb\u00f3l (term\u00e9szetesen ellen\u0151rz\u00e9seket k\u00f6vet\u0151en).<\/p>","protected":false},"excerpt":{"rendered":"<p>GASy 20 x 50 liter 200 bar vagy 300 baros g\u00e1zpalack k\u00f6teg permanens vagy cseppfoly\u00f3s g\u00e1zokhoz. A g\u00e1zpalack k\u00f6tegeink az EU szabv\u00e1nyoknak megfelel\u0151en ker\u00fclnek legy\u00e1rt\u00e1sra. Robot hegesztett galvaniz\u00e1lt szerkezet gy\u0171r\u0171s kialak\u00edt\u00e1s\u00fa gy\u0171jt\u0151cs\u00f6vez\u00e9ssel, s sok m\u00e1s egy\u00e9b el\u0151nnyel. K\u00e9rem kattintson a r\u00e9szletek\u00e9rt. <strong><span style=\"color: #ff6600;\">F\u00fcr individuelle Entw\u00fcrfe und Ausf\u00fchrungen sowie Mengenrabatte rufen Sie bitte an<\/span><\/strong><\/p>","protected":false},"featured_media":898,"template":"","meta":[],"product_brand":[],"product_cat":[160,31],"product_tag":[223,161,155,222],"class_list":{"0":"post-858","1":"product","2":"type-product","3":"status-publish","4":"has-post-thumbnail","6":"product_cat-gazpalackkoteg","7":"product_cat-termekek","8":"product_tag-allo","9":"product_tag-bundel","10":"product_tag-gazpalack-koteg","11":"product_tag-robot-hegesztett","13":"first","14":"instock","15":"shipping-taxable","16":"purchasable","17":"product-type-simple"},"_links":{"self":[{"href":"https:\/\/pwent.lionstackailab.hu\/de\/wp-json\/wp\/v2\/product\/858","targetHints":{"allow":["GET"]}}],"collection":[{"href":"https:\/\/pwent.lionstackailab.hu\/de\/wp-json\/wp\/v2\/product"}],"about":[{"href":"https:\/\/pwent.lionstackailab.hu\/de\/wp-json\/wp\/v2\/types\/product"}],"wp:featuredmedia":[{"embeddable":true,"href":"https:\/\/pwent.lionstackailab.hu\/de\/wp-json\/wp\/v2\/media\/898"}],"wp:attachment":[{"href":"https:\/\/pwent.lionstackailab.hu\/de\/wp-json\/wp\/v2\/media?parent=858"}],"wp:term":[{"taxonomy":"product_brand","embeddable":true,"href":"https:\/\/pwent.lionstackailab.hu\/de\/wp-json\/wp\/v2\/product_brand?post=858"},{"taxonomy":"product_cat","embeddable":true,"href":"https:\/\/pwent.lionstackailab.hu\/de\/wp-json\/wp\/v2\/product_cat?post=858"},{"taxonomy":"product_tag","embeddable":true,"href":"https:\/\/pwent.lionstackailab.hu\/de\/wp-json\/wp\/v2\/product_tag?post=858"}],"curies":[{"name":"wp","href":"https:\/\/api.w.org\/{rel}","templated":true}]}}