{"id":856,"date":"2026-03-19T13:36:11","date_gmt":"2026-03-19T13:36:11","guid":{"rendered":"https:\/\/pwent.lionstackailab.hu\/?post_type=product&#038;p=856"},"modified":"2026-03-19T13:36:14","modified_gmt":"2026-03-19T13:36:14","slug":"gazpalack-nyomasproba-teljes-karbantartassal","status":"publish","type":"product","link":"https:\/\/pwent.lionstackailab.hu\/de\/termek\/gazpalack-nyomasproba-teljes-karbantartassal\/","title":{"rendered":"Gasflasche Druckpr\u00fcfung mit kompletter Wartung"},"content":{"rendered":"<p>G\u00e1zpalack nyom\u00e1spr\u00f3ba teljes karbantart\u00e1s \u00e9s fel\u00faj\u00edt\u00e1sa.<\/p>\n<hr \/>\n<p>A szolg\u00e1ltat\u00e1s a hivatalos nyom\u00e1spr\u00f3ba mellett a k\u00f6vetkez\u0151 szolg\u00e1ltat\u00e1sokat tartalmazza:<\/p>\n<ul>\n<li>IG\u00c9NY \u00e9s k\u00fcl\u00f6n meg\u00e1llapod\u00e1s ellen\u00e9ben a g\u00e1zpalackok sz\u00e1ll\u00edt\u00e1s\u00e1t is elv\u00e9gezz\u00fck (h\u00e1zt\u00f3l-h\u00e1zig)<\/li>\n<li>g\u00e1zpalack kamionb\u00f3l t\u00f6rt\u00e9n\u0151 kirakod\u00e1sa<\/li>\n<li>g\u00e1zpalack nyom\u00e1smentes \u00e1llapot\u00e1nak az ellen\u0151rz\u00e9se (csak nyom\u00e1smentes\u00edtett palackokat fogadunk)<\/li>\n<li>kiszelepel\u00e9s<\/li>\n<li>nyaktiszt\u00edt\u00e1s a feliratok jobb l\u00e1that\u00f3s\u00e1g\u00e1\u00e9rt<\/li>\n<li>s\u00falyellen\u0151rz\u00e9s<\/li>\n<li>szabv\u00e1nyoknak megfelel\u0151 k\u00fcls\u0151-bels\u0151 ellen\u0151rz\u00e9s szemrev\u00e9telez\u00e9ssel<\/li>\n<li>menetellen\u0151rz\u00e9s kaliberekkel<\/li>\n<li>Hivatalos nyom\u00e1spr\u00f3ba \u00e9s adminisztr\u00e1ci\u00f3 elv\u00e9gz\u00e9se<\/li>\n<li>SELEJT eset\u00e9n selejtez\u00e9s fizikai \u00e9s adminisztrat\u00edv elv\u00e9gz\u00e9se<\/li>\n<li>OPCION\u00c1LISAN FEL\u00c1R\u00c9RT- (amennyiben sz\u00fcks\u00e9ges) bels\u0151 s\u00f6r\u00e9tez\u00e9ssel a g\u00e1zpalack bels\u0151 tiszt\u00edt\u00e1sa s\u00f6r\u00e9tez\u00e9ssel &#8211; SA 2.5 min\u0151s\u00e9gig<\/li>\n<li>g\u00e1zpalack k\u00fcls\u0151 s\u00f6r\u00e9tez\u00e9se &#8211; rozsda, r\u00e9gi fest\u00e9k elt\u00e1vol\u00edtt\u00e1sa. A fel\u00fcleti tisztas\u00e1g SA 3.0 min\u0151s\u00e9gig<\/li>\n<li>nyakfest\u00e9s &#8211; OPCION\u00c1LIS &#8211; csomag szerint<\/li>\n<li>g\u00e1zpalackok fest\u00e9se (porfest\u00e9ssel minimum 80 mikron r\u00e9tegvastags\u00e1ggal)<\/li>\n<li>g\u00e1zpalack nyakfest\u00e9se (g\u00e1z \u00e9s meg\u00e1llapod\u00e1s szerint)<\/li>\n<li>g\u00e1zpalack vev\u0151i logo, egy\u00e9b felirat fest\u00e9se (vev\u0151i meg\u00e1llapod\u00e1s szerint)<\/li>\n<li>bels\u0151 v\u00e9gs\u0151 ellen\u0151rz\u00e9s<\/li>\n<li>bels\u0151 mer\u00fcl\u0151cs\u0151 szerel\u00e9se (bizonyos g\u00e1zokn\u00e1l, vev\u0151i ig\u00e9ny \u00e9s meg\u00e1llapod\u00e1s szerint)<\/li>\n<li>g\u00e1zpalack szelepel\u00e9s (\u00faj vev\u0151i szelep haszn\u00e1lata vagy k\u00fc\u00f6n d\u00edj ellen\u00e9ben \u00faj szelep biztos\u00edt\u00e1sa)<\/li>\n<li>g\u00e1zszelep v\u00e9d\u0151karima vagy sapka felhelyez\u00e9se<\/li>\n<li>v\u00e9d\u0151h\u00e1l\u00f3 felhelyez\u00e9se<\/li>\n<li>csomagol\u00e1s kalod\u00e1ba spaniferrel<\/li>\n<li>v\u00e9gs\u0151 pap\u00edrmunka \u00e9s adminisztr\u00e1ci\u00f3 elv\u00e9gz\u00e9se<\/li>\n<li>kamion megrakod\u00e1sa<\/li>\n<li>h\u00e1zhoz sz\u00e1ll\u00edt\u00e1s meg\u00e1llapod\u00e1s szerint<\/li>\n<\/ul>\n<p>&nbsp;<\/p>\n<p>A kiaj\u00e1nlott \u00e1rak a g\u00e1zpalack \u0171rtartalm\u00e1nak megfelel\u0151en v\u00e1ltozhatnak<\/p>\n<p>A kiaj\u00e1nlott \u00e1rak elt\u00e9r\u0151ek a TPED (2010\/35\/EU) szerint min\u0151s\u00edtett palackok \u00e9s a kor\u00e1bbi nemzeti szabv\u00e1nyok szerint gy\u00e1rtott palackok eset\u00e9n. Amennyiben lehets\u00e9ges \u00fagy a nemzeti palackokat \u00e1tmin\u0151s\u00edtj\u00fck \u00e9s EU szerinti szabv\u00e1ny szerint. Ezzel esetlegesen lehet\u0151v\u00e9 v\u00e1lhat a hosszabb vizsg\u00e1lati id\u0151intervallum.<\/p>","protected":false},"excerpt":{"rendered":"<p>G\u00e1zpalack nyom\u00e1spr\u00f3ba teljes karbantart\u00e1si csomaggal (v\u00edznyom\u00e1spr\u00f3ba, tiszt\u00edt\u00e1s, fest\u00e9s, szelepel\u00e9s&#8230;)<\/p>","protected":false},"featured_media":881,"template":"","meta":[],"product_brand":[],"product_cat":[217],"product_tag":[218,219,220],"class_list":{"0":"post-856","1":"product","2":"type-product","3":"status-publish","4":"has-post-thumbnail","6":"product_cat-szolgaltatasok-gazpalackokhoz","7":"product_tag-neck-painting","8":"product_tag-retest","9":"product_tag-service","11":"first","12":"instock","13":"shipping-taxable","14":"purchasable","15":"product-type-simple"},"_links":{"self":[{"href":"https:\/\/pwent.lionstackailab.hu\/de\/wp-json\/wp\/v2\/product\/856","targetHints":{"allow":["GET"]}}],"collection":[{"href":"https:\/\/pwent.lionstackailab.hu\/de\/wp-json\/wp\/v2\/product"}],"about":[{"href":"https:\/\/pwent.lionstackailab.hu\/de\/wp-json\/wp\/v2\/types\/product"}],"wp:featuredmedia":[{"embeddable":true,"href":"https:\/\/pwent.lionstackailab.hu\/de\/wp-json\/wp\/v2\/media\/881"}],"wp:attachment":[{"href":"https:\/\/pwent.lionstackailab.hu\/de\/wp-json\/wp\/v2\/media?parent=856"}],"wp:term":[{"taxonomy":"product_brand","embeddable":true,"href":"https:\/\/pwent.lionstackailab.hu\/de\/wp-json\/wp\/v2\/product_brand?post=856"},{"taxonomy":"product_cat","embeddable":true,"href":"https:\/\/pwent.lionstackailab.hu\/de\/wp-json\/wp\/v2\/product_cat?post=856"},{"taxonomy":"product_tag","embeddable":true,"href":"https:\/\/pwent.lionstackailab.hu\/de\/wp-json\/wp\/v2\/product_tag?post=856"}],"curies":[{"name":"wp","href":"https:\/\/api.w.org\/{rel}","templated":true}]}}