{"id":852,"date":"2026-03-19T13:36:11","date_gmt":"2026-03-19T13:36:11","guid":{"rendered":"https:\/\/pwent.lionstackailab.hu\/?post_type=product&#038;p=852"},"modified":"2026-03-19T13:36:12","modified_gmt":"2026-03-19T13:36:12","slug":"standard-rez-gazpalack-szelep-200-bar","status":"publish","type":"product","link":"https:\/\/pwent.lionstackailab.hu\/de\/termek\/standard-rez-gazpalack-szelep-200-bar\/","title":{"rendered":"Standard Messing Gasflaschenventil (200 bar)"},"content":{"rendered":"<p>Az \u00e1ltalunk k\u00edn\u00e1lt standard g\u00e1zpalack szelepek r\u00e9zb\u0151l k\u00e9sz\u00fcltek. Maxim\u00e1lis \u00fczemi nyom\u00e1suk 200 bar . A szabv\u00e1nyos g\u00e1zpalack szelepein ka k\u00f6vetkez\u0151 param\u00e9terekkel rendelkeznek:<\/p>\n<h3>G\u00e1zpalack szelep BEMENETI <span style=\"font-size: 18.72px\">csatlakoz\u00e1s<\/span> (g\u00e1zpalackhoz csatlakoz\u00e1s)<\/h3>\n<p>A leggyakoribb g\u00e1zpalack csatlakoz\u00f3 menetek a k\u00f6vetkez\u0151k:<\/p>\n<ul>\n<li>25E<\/li>\n<li>17E<\/li>\n<li>M18x1,5<\/li>\n<li>M30x2<\/li>\n<li>M\u00e1s bementei csatlakoz\u00e1s\u00e9rt k\u00e9rem keressen benn\u00fcnket<\/li>\n<\/ul>\n<h3><strong>G\u00e1zpalack szelep KIVEZET\u0150 csatlakoz\u00e1s EU szabv\u00e1nynak megfelel\u0151en<\/strong><\/h3>\n<p>A g\u00e1zpalackok kivezet\u0151 csatlakoz\u00e1sai szabv\u00e1nyokban ker\u00fcl meghat\u00e1roz\u00e1sra. A kivezet\u0151 csatlakoz\u00e1s v\u00e1ltozik a g\u00e1z f\u00fcggv\u00e9ny\u00e9ben. A leggyakoribb g\u00e1zokhoz tartoz\u00f3 csatlakoz\u00e1sok:<\/p>\n<ol>\n<li style=\"list-style-type: none\">\n<ol>\n<li>Argon (Ar), Sz\u00e9ndioxid (CO2), H\u00e9lium (He) &#8211; Din477 part 1 &#8211; 6<\/li>\n<li>Oxig\u00e9n (O2) &#8211; Din477 part 1 &#8211; 9<\/li>\n<li>Nitrog\u00e9n (N2) &#8211; Din477 part 1 &#8211; 10<\/li>\n<li>Hidrog\u00e9n (H2) &#8211; Din477 part 1 &#8211; 1<\/li>\n<li>M\u00e1s nem eml\u00edtett g\u00e1zok illetve m\u00e1s szabv\u00e1nyok (BS, DOT&#8230;)eset\u00e9n k\u00e9rem keressen benn\u00fcnket<\/li>\n<\/ol>\n<\/li>\n<\/ol>\n<p><span style=\"color: #3366ff\">A csatlakoz\u00e1sok a nemzeti szabv\u00e1nyok szerint orsz\u00e1gonk\u00e9nt elt\u00e9r\u0151ek lehetnek\u00a0\u00a0<\/span><\/p>\n<h3>OPCI\u00d3K<\/h3>\n<ul>\n<li>RPV (residual pressure valve) &#8211; marad\u00e9knyom\u00e1sos szelep l\u00e1sd k\u00e9s\u0151bb le\u00edr\u00e1st<\/li>\n<li>Hasad\u00f3t\u00e1rcsa (Burst disc) &#8211; l\u00e1sd k\u00e9s\u0151bbi r\u00e9szletes le\u00edr\u00e1s<\/li>\n<\/ul>\n<p><span style=\"color: #993300\"><strong>A csatolt f\u00e9nyk\u00e9pek csak p\u00e9ld\u00e1k \u00e9s t\u00e1j\u00e9koztat\u00f3 jelleg\u00faek, amelyek ezeknek a szelepeknek a karakterisztik\u00e1j\u00e1t mutatj\u00e1k. Elt\u00e9r\u00e9sek lehetnek sz\u00ednben, kivitele, de a min\u0151s\u00e9g\u00e9rt mi kezesked\u00fcnk .<\/strong><\/span><\/p>\n<h3>RPV(residual pressure valve-marad\u00e9knyom\u00e1sos szelep)<\/h3>\n<p>Az RPV technol\u00f3gia blokkolni fogja a g\u00e1z elv\u00e9tel\u00e9t a g\u00e1zpalackokb\u00f3l abban az esetben ha a g\u00e1zpalackban l\u00e9v\u0151 nyom\u00e1s 2-3 bar al\u00e1 cs\u00f6kken. Ezzel az RPV technol\u00f3gia megv\u00e9di a palack belsej\u00e9t b\u00e1rmilyen szennyez\u0151d\u00e9s, nedvess\u00e9 bejut\u00e1s\u00e1t\u00f3l.\u00a0 Legjellemz\u0151bb haszn\u00e1lata az RPV-nek f\u0151k\u00e9nt eg\u00e9szs\u00e9g\u00fcgyben, \u00e9lelmiszeriparban van, ugyanakkor az ipari felhaszn\u00e1l\u00e1sn\u00e1l is egyre ink\u00e1bb elterjed, mivel a palack \u00e1llag\u00e1t beks\u0151 tisztas\u00e1g\u00e1t v\u00e9di.<\/p>\n<p>K\u00fcl\u00f6n figyelmet ig\u00e9nyes az RPV technol\u00f3gia mivel a karbantart\u00e1sn\u00e1l \u00e9s a t\u00f6lt\u00e9sn\u00e9l is speci\u00e1lis kulcsot\/adaptert ig\u00e9nyel a teljes g\u00e1ztalans\u00e1g el\u00e9r\u00e9s\u00e9hez vagy a t\u00f6lt\u00e9s megkezd\u00e9s\u00e9hez.<\/p>\n<h3>Burst disc &#8211; Hasad\u00f3t\u00e1rcsa<\/h3>\n<p>Ez egy biztons\u00e1gi kieg\u00e9sz\u00edt\u0151, amely t\u00falnyom\u00e1s eset\u00e9n engedi el a nyom\u00e1st. A cseppfoly\u00f3s g\u00e1zokn\u00e1l mint p\u00e9ld\u00e1ul a sz\u00e9ndioxid (CO2)\u00a0 a palackokat s\u00falyra t\u00f6ltik.\u00a0 A nyom\u00e1s a palackon bel\u00fcl a g\u00e1z fogy\u00e1sa mellett is k\u00f6zel \u00e1lland\u00f3 (CO2 60-70 bar). Abban az esetben ha a g\u00e1zpalackot jelent\u0151sen t\u00falt\u00f6lt\u00f6tt\u00e9k vagy a g\u00e1zpalack nagyon felmelegszik, el\u0151fordulhat hogy a g\u00e1zpalackon bel\u00fcli nyom\u00e1s m\u00e1r vesz\u00e9lyes szintre emelkedik. Ebben az esetben a hasad\u00f3t\u00e1rcsa elreped, s a vesz\u00e9lyes t\u00falnyom\u00e1s a szelep ezen r\u00e9sz\u00e9n kereszt\u00fcl ki\u00e1ramlik.\u00a0 A hasad\u00f3t\u00e1rcs\u00e1t a palack tesztnyom\u00e1s\u00e1hoz szokt\u00e1k igaz\u00edtani. A sz\u00e9nidoxidn\u00e1l leg\u00e1ltal\u00e1nosabb hasad\u00f3t\u00e1rcsa nyom\u00e1s\u00e9rt\u00e9k a 250 bar.<\/p>","protected":false},"excerpt":{"rendered":"<p>R\u00e9z szelep, 200 bar nyom\u00e1shoz, k\u00fcl\u00f6nb\u00f6z\u0151 ipari \u00e9s mix g\u00e1zokhoz<\/p>","protected":false},"featured_media":874,"template":"","meta":[],"product_brand":[],"product_cat":[209,212,31],"product_tag":[169,213,214,215,216],"class_list":{"0":"post-852","1":"product","2":"type-product","3":"status-publish","4":"has-post-thumbnail","6":"product_cat-kiegeszitok-gazpalackokhoz","7":"product_cat-szelepek-gazpalackokhoz","8":"product_cat-termekek","9":"product_tag-200-bar","10":"product_tag-brass","11":"product_tag-rez","12":"product_tag-szelep","13":"product_tag-valve","15":"first","16":"instock","17":"shipping-taxable","18":"purchasable","19":"product-type-simple"},"_links":{"self":[{"href":"https:\/\/pwent.lionstackailab.hu\/de\/wp-json\/wp\/v2\/product\/852","targetHints":{"allow":["GET"]}}],"collection":[{"href":"https:\/\/pwent.lionstackailab.hu\/de\/wp-json\/wp\/v2\/product"}],"about":[{"href":"https:\/\/pwent.lionstackailab.hu\/de\/wp-json\/wp\/v2\/types\/product"}],"wp:featuredmedia":[{"embeddable":true,"href":"https:\/\/pwent.lionstackailab.hu\/de\/wp-json\/wp\/v2\/media\/874"}],"wp:attachment":[{"href":"https:\/\/pwent.lionstackailab.hu\/de\/wp-json\/wp\/v2\/media?parent=852"}],"wp:term":[{"taxonomy":"product_brand","embeddable":true,"href":"https:\/\/pwent.lionstackailab.hu\/de\/wp-json\/wp\/v2\/product_brand?post=852"},{"taxonomy":"product_cat","embeddable":true,"href":"https:\/\/pwent.lionstackailab.hu\/de\/wp-json\/wp\/v2\/product_cat?post=852"},{"taxonomy":"product_tag","embeddable":true,"href":"https:\/\/pwent.lionstackailab.hu\/de\/wp-json\/wp\/v2\/product_tag?post=852"}],"curies":[{"name":"wp","href":"https:\/\/api.w.org\/{rel}","templated":true}]}}