{"id":830,"date":"2026-03-19T13:36:00","date_gmt":"2026-03-19T13:36:00","guid":{"rendered":"https:\/\/pwent.lionstackailab.hu\/?post_type=product&#038;p=830"},"modified":"2026-03-19T13:36:10","modified_gmt":"2026-03-19T13:36:10","slug":"din-s-szelepvedo-sapka-gazpalackokhoz","status":"publish","type":"product","link":"https:\/\/pwent.lionstackailab.hu\/de\/termek\/din-s-szelepvedo-sapka-gazpalackokhoz\/","title":{"rendered":"DIN-S Ventil-Schutzkappe f\u00fcr Gasflaschen"},"content":{"rendered":"<p>Szelepv\u00e9d\u0151 sapka DIN-S. G\u00e1zpalackhoz csatlakoz\u00f3 menet W80.\u00a0 A sapk\u00e1ink a ISO 11117:2008 szabv\u00e1ny szerint ker\u00fclnek legy\u00e1rt\u00e1sra. Megfelel\u0151 v\u00e9delmet ny\u00fajtanak egy maximum XXX kg g\u00e1zpalack \u00e9s t\u00f6ltet d\u0151l\u00e9s eset\u00e9n. Megv\u00e9dik a szelepet a let\u00f6r\u00e9st\u0151l s\u00e9r\u00fcl\u00e9st\u0151l.<\/p>\n<p>A sapk\u00e1k szabv\u00e1nyos m\u00f3don k\u00edv\u00fcl \u00e9s bel\u00fcl galvaniz\u00e1ltak.<\/p>","protected":false},"excerpt":{"rendered":"<p>DIN-S szelepv\u00e9d\u0151 sapka (k\u00edv\u00fcl-bel\u00fcl galvaniz\u00e1lt kivitel) W80-as menettel<\/p>","protected":false},"featured_media":851,"template":"","meta":[],"product_brand":[],"product_cat":[209,31],"product_tag":[210,211],"class_list":{"0":"post-830","1":"product","2":"type-product","3":"status-publish","4":"has-post-thumbnail","6":"product_cat-kiegeszitok-gazpalackokhoz","7":"product_cat-termekek","8":"product_tag-din-s","9":"product_tag-valve-protection","11":"first","12":"instock","13":"shipping-taxable","14":"purchasable","15":"product-type-simple"},"_links":{"self":[{"href":"https:\/\/pwent.lionstackailab.hu\/de\/wp-json\/wp\/v2\/product\/830","targetHints":{"allow":["GET"]}}],"collection":[{"href":"https:\/\/pwent.lionstackailab.hu\/de\/wp-json\/wp\/v2\/product"}],"about":[{"href":"https:\/\/pwent.lionstackailab.hu\/de\/wp-json\/wp\/v2\/types\/product"}],"wp:featuredmedia":[{"embeddable":true,"href":"https:\/\/pwent.lionstackailab.hu\/de\/wp-json\/wp\/v2\/media\/851"}],"wp:attachment":[{"href":"https:\/\/pwent.lionstackailab.hu\/de\/wp-json\/wp\/v2\/media?parent=830"}],"wp:term":[{"taxonomy":"product_brand","embeddable":true,"href":"https:\/\/pwent.lionstackailab.hu\/de\/wp-json\/wp\/v2\/product_brand?post=830"},{"taxonomy":"product_cat","embeddable":true,"href":"https:\/\/pwent.lionstackailab.hu\/de\/wp-json\/wp\/v2\/product_cat?post=830"},{"taxonomy":"product_tag","embeddable":true,"href":"https:\/\/pwent.lionstackailab.hu\/de\/wp-json\/wp\/v2\/product_tag?post=830"}],"curies":[{"name":"wp","href":"https:\/\/api.w.org\/{rel}","templated":true}]}}