{"id":818,"date":"2026-03-19T13:36:00","date_gmt":"2026-03-19T13:36:00","guid":{"rendered":"https:\/\/pwent.lionstackailab.hu\/?post_type=product&#038;p=818"},"modified":"2026-03-19T13:36:08","modified_gmt":"2026-03-19T13:36:08","slug":"menetvago-25e-288x1-14-szelepe-kupos-menet-vagasahoz-felujitasahoz","status":"publish","type":"product","link":"https:\/\/pwent.lionstackailab.hu\/de\/termek\/menetvago-25e-288x1-14-szelepe-kupos-menet-vagasahoz-felujitasahoz\/","title":{"rendered":"Menetv\u00e1g\u00f3 25E (28,8&#215;1\/14&#8221;) szelepe k\u00fapos menet v\u00e1g\u00e1s\u00e1hoz, fel\u00faj\u00edt\u00e1s\u00e1hoz"},"content":{"rendered":"<p>Menetv\u00e1g\u00f3 25E (28,8&#215;1\/14&#8221;) szelep k\u00fapos menet v\u00e1g\u00e1s\u00e1hoz, fel\u00faj\u00edt\u00e1s\u00e1hoz<\/p>\n<h2>Menetv\u00e1g\u00f3 25E (28,8 x 1\/14&#8221;, nagy k\u00fapos) menethez<\/h2>\n<ul>\n<li><strong>FM.28-820\u00a0 &#8211; <\/strong>Menetv\u00e1g\u00f3 &#8211; teljes profil ,\u00a028,8x14F&#8221; con.12% DIN 477 ( 25E )<\/li>\n<\/ul>","protected":false},"excerpt":{"rendered":"<p>Menetv\u00e1g\u00f3 25E (28,8&#215;1\/14&#8221;) szelep nagy k\u00fapos menet v\u00e1g\u00e1s\u00e1hoz, tiszt\u00edt\u00e1s\u00e1hoz, fel\u00faj\u00edt\u00e1s\u00e1hoz<\/p>","protected":false},"featured_media":38,"template":"","meta":[],"product_brand":[],"product_cat":[75,70,31],"product_tag":[177,178,205],"class_list":{"0":"post-818","1":"product","2":"type-product","3":"status-publish","4":"has-post-thumbnail","6":"product_cat-kiegeszitok","7":"product_cat-merlegek-meroeszkozok","8":"product_cat-termekek","9":"product_tag-caliber","10":"product_tag-meroeszkoz","11":"product_tag-tap","13":"first","14":"instock","15":"featured","16":"shipping-taxable","17":"purchasable","18":"product-type-simple"},"_links":{"self":[{"href":"https:\/\/pwent.lionstackailab.hu\/de\/wp-json\/wp\/v2\/product\/818","targetHints":{"allow":["GET"]}}],"collection":[{"href":"https:\/\/pwent.lionstackailab.hu\/de\/wp-json\/wp\/v2\/product"}],"about":[{"href":"https:\/\/pwent.lionstackailab.hu\/de\/wp-json\/wp\/v2\/types\/product"}],"wp:featuredmedia":[{"embeddable":true,"href":"https:\/\/pwent.lionstackailab.hu\/de\/wp-json\/wp\/v2\/media\/38"}],"wp:attachment":[{"href":"https:\/\/pwent.lionstackailab.hu\/de\/wp-json\/wp\/v2\/media?parent=818"}],"wp:term":[{"taxonomy":"product_brand","embeddable":true,"href":"https:\/\/pwent.lionstackailab.hu\/de\/wp-json\/wp\/v2\/product_brand?post=818"},{"taxonomy":"product_cat","embeddable":true,"href":"https:\/\/pwent.lionstackailab.hu\/de\/wp-json\/wp\/v2\/product_cat?post=818"},{"taxonomy":"product_tag","embeddable":true,"href":"https:\/\/pwent.lionstackailab.hu\/de\/wp-json\/wp\/v2\/product_tag?post=818"}],"curies":[{"name":"wp","href":"https:\/\/api.w.org\/{rel}","templated":true}]}}