{"id":817,"date":"2026-03-19T13:36:00","date_gmt":"2026-03-19T13:36:00","guid":{"rendered":"https:\/\/pwent.lionstackailab.hu\/?post_type=product&#038;p=817"},"modified":"2026-03-19T13:36:07","modified_gmt":"2026-03-19T13:36:07","slug":"el100-c-elektromos-szelepelo-egyseg-kis-gazpalackokhoz-parhuzamos-menettel","status":"publish","type":"product","link":"https:\/\/pwent.lionstackailab.hu\/de\/termek\/el100-c-elektromos-szelepelo-egyseg-kis-gazpalackokhoz-parhuzamos-menettel\/","title":{"rendered":"EL100-C elektromos szelepel\u0151 egys\u00e9g kis g\u00e1zpalackokhoz p\u00e1rhuzamos menettel"},"content":{"rendered":"<p>Beszelepel\u0151 kis g\u00e1zpalackokhoz p\u00e1rhuzamos menettel. G\u00e1zpalack \u00e1tm\u00e9r\u0151: 50-240 mm, Az\u00a0 EL100-C\u00a0 a szelepek be \u00e9s kiteker\u00e9s\u00e9t v\u00e9gzi v\u00e9gzi kis palackokb\u00f3l, alacsony forgat\u00f3nyomat\u00e9kkal. Ilyen g\u00e1zpalackkok tipikusan a porralolt\u00f3 k\u00e9sz\u00fcl\u00e9kek palackjai p\u00e1rhuzamos menettel. A szelepel\u0151g\u00e9p kifejezetten felhaszn\u00e1l\u00f3bar\u00e1t. A kezel\u0151 biztons\u00e1gosan \u00e9s fizikai megterhel\u00e9s n\u00e9lk\u00fcl v\u00e9gezheti el a szelepek be- \u00e9s kiteker\u00e9s\u00e9t. A szelepel\u0151g\u00e9p seg\u00edts\u00e9g\u00e9vel mindig el\u00e9rhetj\u00fck a pontos nyomat\u00e9kot<\/p>\n<hr \/>\n<p><strong>Let\u00f6lthet\u0151\u00a0anyagok<\/strong><\/p>\n<ul>\n<li><a href=\"https:\/\/pwent.eu\/wp-content\/uploads\/2018\/02\/EL100-C.pdf\">EL100-C let\u00f6lthet\u0151 katal\u00f3gus (GB)<\/a><\/li>\n<\/ul>","protected":false},"excerpt":{"rendered":"<p>EL100-C beszelepel\u0151 kis g\u00e1zpalackokhoz p\u00e1rhuzamos menetekkel. G\u00e1zpalack \u00e1tm\u00e9r\u0151: 50-240 mm.<\/p>","protected":false},"featured_media":846,"template":"","meta":[],"product_brand":[],"product_cat":[32,36,34,31],"product_tag":[206,207,84,35],"class_list":{"0":"post-817","1":"product","2":"type-product","3":"status-publish","4":"has-post-thumbnail","6":"product_cat-gazpalack-nyomasproba-es-felujitas","7":"product_cat-muhely-porralolto-keszulek-karbantartasahoz","8":"product_cat-szelepszereles","9":"product_cat-termekek","10":"product_tag-parallel","11":"product_tag-parhuzamos-menet","12":"product_tag-porralolto","13":"product_tag-szelepeles","15":"first","16":"instock","17":"shipping-taxable","18":"purchasable","19":"product-type-simple"},"_links":{"self":[{"href":"https:\/\/pwent.lionstackailab.hu\/de\/wp-json\/wp\/v2\/product\/817","targetHints":{"allow":["GET"]}}],"collection":[{"href":"https:\/\/pwent.lionstackailab.hu\/de\/wp-json\/wp\/v2\/product"}],"about":[{"href":"https:\/\/pwent.lionstackailab.hu\/de\/wp-json\/wp\/v2\/types\/product"}],"wp:featuredmedia":[{"embeddable":true,"href":"https:\/\/pwent.lionstackailab.hu\/de\/wp-json\/wp\/v2\/media\/846"}],"wp:attachment":[{"href":"https:\/\/pwent.lionstackailab.hu\/de\/wp-json\/wp\/v2\/media?parent=817"}],"wp:term":[{"taxonomy":"product_brand","embeddable":true,"href":"https:\/\/pwent.lionstackailab.hu\/de\/wp-json\/wp\/v2\/product_brand?post=817"},{"taxonomy":"product_cat","embeddable":true,"href":"https:\/\/pwent.lionstackailab.hu\/de\/wp-json\/wp\/v2\/product_cat?post=817"},{"taxonomy":"product_tag","embeddable":true,"href":"https:\/\/pwent.lionstackailab.hu\/de\/wp-json\/wp\/v2\/product_tag?post=817"}],"curies":[{"name":"wp","href":"https:\/\/api.w.org\/{rel}","templated":true}]}}