{"id":752,"date":"2026-03-19T13:35:36","date_gmt":"2026-03-19T13:35:36","guid":{"rendered":"https:\/\/pwent.lionstackailab.hu\/?post_type=product&#038;p=752"},"modified":"2026-03-19T13:36:04","modified_gmt":"2026-03-19T13:36:04","slug":"acel-10-liter-gazpalack-200-bar","status":"publish","type":"product","link":"https:\/\/pwent.lionstackailab.hu\/de\/termek\/acel-10-liter-gazpalack-200-bar\/","title":{"rendered":"Ac\u00e9l 10 liter g\u00e1zpalack 200 bar"},"content":{"rendered":"<h2>Magasnyom\u00e1s\u00fa g\u00e1zpalack adatok<\/h2>\n<ul>\n<li><span style=\"text-decoration: underline;\">G\u00e1zpalack anyaga:\u00a0<\/span><strong>Varratmentes ac\u00e9l\u00a0<\/strong><\/li>\n<li><span style=\"text-decoration: underline;\">G\u00e1zpalack \u0171rtartalom:<\/span><strong>\u00a010 Liter<\/strong><\/li>\n<li><span style=\"text-decoration: underline;\">G\u00e1zpalack \u00fczemi nyom\u00e1s:<\/span>\u00a0<strong>200 bar<\/strong><\/li>\n<li><span style=\"text-decoration: underline;\">G\u00e1zpalack \u00e1tm\u00e9r\u0151:<\/span> <strong>140 mm\u00a0<\/strong><\/li>\n<li><span style=\"text-decoration: underline;\">G\u00e1zpalack hossz:<\/span>\u00a0<strong>850 mm<\/strong><\/li>\n<li><span style=\"text-decoration: underline;\">G\u00e1zpalack s\u00faly:<\/span> <strong>14,9 kg<\/strong><\/li>\n<li><span style=\"text-decoration: underline;\">G\u00e1zpalack enged\u00e9ly:<\/span> <strong>Eur\u00f3pai enged\u00e9ly\u00a0ISO9809-1<\/strong> (k\u00e9sz vagyunk ett\u0151l elt\u00e9r\u0151 szabv\u00e1ny szerint gy\u00e1rtani \u00e9s enged\u00e9lyeztetni)<\/li>\n<li><span style=\"text-decoration: underline;\">G\u00e1zpalack menet:<\/span> <strong>25E (28,8)<\/strong>\u00a0vagy opci\u00f3k\u00e9nt 1\u201d BS -341; 25.4 \u2013 Type 4 Size 2 \u2013 IS:3224; 1\u201d NGT\/NPT;<\/li>\n<li><span style=\"text-decoration: underline;\">G\u00e1zpalack gy\u00e1rt\u00f3:<\/span> <strong>Rama Zylinder<\/strong><\/li>\n<\/ul>\n<p>A g\u00e1zpalack felhaszn\u00e1lhat\u00f3 mind g\u00e1zpalackk\u00f6teg \u00e9p\u00edt\u00e9s\u00e9hez mind egyedi haszn\u00e1latra. A g\u00e1zpalack alkalmas permanens \u00e9s cseppfoly\u00f3s g\u00e1zok t\u00e1rol\u00e1s\u00e1ra. A g\u00e1zpalack megfelel a vonatkoz\u00f3 eur\u00f3pai szabv\u00e1nyoknak. A g\u00e1zpalackkal egy\u00fctt adunk:<\/p>\n<p>\u2022 EU megfelel\u0151s\u00e9gi bizony\u00edtv\u00e1nyt ISO9809\/1<br \/>\n\u2022\u00a0T\u00edpusbizony\u00edtv\u00e1nyt<\/p>\n<h2>Ac\u00e9l 10 liter g\u00e1zpalack 200 bar Rama Cylinders gy\u00e1rt\u00f3<\/h2>\n<p><strong>Rendelhet\u0151 opci\u00f3k<\/strong><\/p>\n<ul>\n<li>Szelep<\/li>\n<li>Sapka<\/li>\n<\/ul>\n<p>A piacon megtal\u00e1lhat\u00f3 \u00e1ltal\u00e1nos g\u00e1zpalack m\u00e9reteket itt tal\u00e1lhatja: <a href=\"https:\/\/pwent.eu\/gazpalack-meretek\/\">link<\/a><\/p>\n<hr \/>\n<h2><strong>K\u00e9rem h\u00edvjon benn\u00fcnket, mert \u00f6r\u00f6mmel seg\u00edt\u00fcnk ha&#8230;<\/strong><\/h2>\n<ul>\n<li><strong>nem tal\u00e1lja azt a g\u00e1zpalack t\u00edpust amelyet keres<\/strong><\/li>\n<li><strong>ha valamely fontos technikai adatban bizonytalan, vagy nem tal\u00e1lja<\/strong><\/li>\n<li><strong>ha nem tud v\u00e1lasztani a g\u00e1zpalackok vagy m\u00e1s term\u00e9keink k\u00f6z\u00f6tt<\/strong><\/li>\n<li><strong>ha olyan probl\u00e9m\u00e1ja van amelyre nem tal\u00e1lja a v\u00e1laszt a honlapon<\/strong><\/li>\n<\/ul>\n<hr \/>\n<p>A Rama Cylinders egy min\u0151s\u00e9gi g\u00e1zpalackgy\u00e1rt\u00f3. K\u00e9t indi\u00e1ban tal\u00e1lhat\u00f3 gy\u00e1ra <strong>\u00e9vi <\/strong><strong>480 000 db<\/strong>\u00a0 g\u00e1zpalack legy\u00e1rt\u00e1s\u00e1ra k\u00e9pesek. A gy\u00e1rakat a <strong>Bureaou Veritas enged\u00e9lyezte<\/strong> \u00e9s ellen\u0151rzi azt folyamatosan. A g\u00e1zpalackok 100%-a \u00e1tesik mind hidrosztatikus mind ultrahangos vizsg\u00e1laton is. Az ultrahangos vizsg\u00e1lat term\u00e9szetesen teljes fel\u00fcleten t\u00f6rt\u00e9nik.<\/p>\n<p>A gy\u00e1rt\u00e1si technol\u00f3gia sz\u00e1m\u00edt\u00f3g\u00e9ppel vez\u00e9relt (CNC) \u00fagynevezett hot spinning technol\u00f3gi\u00e1t haszn\u00e1l. Az alapanyagk\u00e9nt szolg\u00e1l\u00f3 varratmentes cs\u00f6vekb\u0151l a g\u00e1zpalackok nyakr\u00e9sze \u00e9s ftalpr\u00e9sze ezzel a <strong>n\u00e9met technol\u00f3gi\u00e1val \u00e9s n\u00e9met g\u00e9pekkel<\/strong> ker\u00fcl kialak\u00edt\u00e1sra. alak\u00edtjuk ki a nyakr\u00e9szt \u00e9s alj\u00e1t \u00e9s nyakr\u00e9sz\u00e9t ezzel a n\u00e9met technol\u00f3gi\u00e1val (\u00e9s g\u00e9pekkel) alak\u00edtjuk ki, amelyet k\u00fcl\u00f6nb\u00f6z\u0151 befejez\u0151 m\u0171veletek k\u00f6vetnek.<\/p>\n<p><strong>A varratmentes g\u00e1zpalackok gy\u00e1rt\u00e1si kapacit\u00e1sa a k\u00f6vetkez\u0151:<\/strong><\/p>\n<ul>\n<li>2-240 liter<\/li>\n<li>76-406 mm \u00e1tm\u00e9r\u0151<\/li>\n<li>max 400 bar \u00fczemi nyom\u00e1s<\/li>\n<li>hossz 400-2200 mm<\/li>\n<li>szabv\u00e1nyos g\u00e1zpalack menetek &#8211;\u00a025E, 28.8 \u2013 DIN 477, 1\u201d BS -341; 25.4 \u2013 Type 4 Size 2 \u2013 IS:3224; 1\u201d NGT\/NPT<\/li>\n<\/ul>\n<ul>\n<li><strong>Eur\u00f3pai szabv\u00e1ny:<\/strong> ISO : 9809-1,\u00a0ISO : 11439,\u00a0PED 97\/23\/EC (CE-Marking),\u00a02010\/35\/EU TPED (Pi-Jel\u00f6l\u00e9s),\u00a0ECE-R : 110,\u00a0EN 1964-1<\/li>\n<li><strong>Indiai szabv\u00e1ny:<\/strong> IS : 15490,\u00a0IS : 7285 (Part 1),\u00a0IS : 7285 (Part 2)<\/li>\n<li><strong>Egy\u00e9b szab\u00e1vnyok:<\/strong> NZS : 5454<\/li>\n<\/ul>\n<p><em><strong>ALAPANYAG<\/strong><\/em><br \/>\nA g\u00e1zpalackokhoz magas min\u0151s\u00e9g\u0171 varratmentes cs\u0151 ker\u00fcl felhaszn\u00e1l\u00e1sra, amely az \u00f6sszes sz\u00fcks\u00e9ges ellen\u0151rz\u00e9sen \u00e1tment, hogy a g\u00e1zpalack gy\u00e1rt\u00e1shoz sz\u00fcks\u00e9ges kell\u0151 koh\u00e1szati tulajdons\u00e1gokkal garant\u00e1ltan rendelkezzen. (p.l.\u00a0 Mang\u00e1n Ac\u00e9l, Kr\u00f3m &#8211; Moly Ac\u00e9l).<\/p>\n<p><em><strong>GY\u00c1RT\u00c1SI ELJ\u00c1R\u00c1S<\/strong><\/em><br \/>\nA magasnyom\u00e1s\u00fa varrat n\u00e9lk\u00fcli ac\u00e9l g\u00e1zpalackokat a fen\u00e9k \u00e9s nyaki r\u00e9szek kialak\u00edt\u00e1s\u00e1val \u00e1ll\u00edtjuk el\u0151. Ezt a folyamatot CNC vez\u00e9relt hot spinning g\u00e9peken v\u00e9gezz\u00fck el. A gy\u00e1rt\u00e1s minden pontj\u00e1n bels\u0151 teszteket \u00e9s ellen\u0151rz\u00e9seket biztos\u00edtunk, hogy a min\u0151s\u00e9gi term\u00e9ket biztos\u00edtsuk. Palackjaink 76 \u00e9s 406 mm k\u00f6z\u00f6tti \u00e1tm\u00e9r\u0151vel rendelkeznek. A vev\u0151i ig\u00e9nyeknek megfelel\u0151en biztos\u00edtunk k\u00fcl\u00f6nb\u00f6z\u0151 tartoz\u00e9kokat. Ilyen p\u00e9ld\u00e1ul a szelep, szelep illeszt\u00e9s,\u00a0 nyakgy\u0171r\u0171, sapka, szelepv\u00e9d\u0151 karima. Az \u00fczemek neves indiai \u00e9s eur\u00f3pai\u00a0gy\u00e1rt\u00f3k legmodernebb g\u00e9peivel ker\u00fcltek felszerel\u00e9sre az\u00e9rt, hogy kiv\u00e1l\u00f3 min\u0151s\u00e9g\u0171 term\u00e9keket gy\u00e1rtsanak. Az eg\u00e9sz gy\u00e1rt\u00e1si folyamatot\/ tesztel\u00e9st az RCPL ellen\u0151rzi amelyet h\u00e1zon bel\u00fcl saj\u00e1t \u00fczem\u00fcnkben v\u00e9gezz\u00fck el. Ez az RCPL garant\u00e1lja, hogy megfelel\u0151 min\u0151s\u00e9g\u0171 g\u00e1zpalackokat, megfelel\u0151 \u00e1ron tudunk vev\u0151i ig\u00e9nyeink szerint k\u00edn\u00e1lni.<\/p>\n<p><em><strong>ELLEN\u0150RZ\u00c9S &amp; VIZSG\u00c1LATOK<\/strong><\/em><br \/>\nA k\u00f6vetkez\u0151 ellen\u0151rz\u00e9sek \u00e9s vizsg\u00e1latokat v\u00e9gezz\u00fck el a Nemzetk\u00f6zi \u00e9s Indiai szabv\u00e1nyok k\u00f6vetelm\u00e9nyeinek megfelel\u0151en:\u00a0A varrat n\u00e9lk\u00fcli ac\u00e9lcs\u00f6vek m\u00e9rete ellen\u0151rz\u00e9se \u00e9s vizu\u00e1lis vizsg\u00e1lata, az g\u00e1zpalack fen\u00e9kform\u00e1z\u00e1s\u00e1nak \u00e9s nyakform\u00e1z\u00e1s\u00e1nak folyamatos h\u0151m\u00e9rs\u00e9kleti monitoroz\u00e1sa, h\u0151kezel\u00e9s param\u00e9terek ellen\u0151rz\u00e9se \u00e9s r\u00f6gz\u00edt\u00e9se, kem\u00e9nys\u00e9gi ellen\u0151rz\u00e9s a h\u0151kezel\u00e9s ut\u00e1n, mechanikai tulajdons\u00e1gok vizsg\u00e1lata &#8211; szak\u00edt\u00f3szil\u00e1rds\u00e1g, szil\u00e1rds\u00e1g,% megny\u00fal\u00e1s<\/p>","protected":false},"excerpt":{"rendered":"<p>10 liter\/ 200 bar \u00fczemi nyom\u00e1s\/ 140 mm \u00e1tm\u00e9r\u0151 \/ 850 mm hossz\/ 14,9 kg s\u00faly\/ ISO9809-1 Eur\u00f3pai szabv\u00e1ny szerint<\/p>\n<p>Ac\u00e9l magasnyom\u00e1s\u00fa g\u00e1zpalack amelyet a Rama Cylinders gy\u00e1rtott.<\/p>\n<p><span style=\"color: #ff6600;\"><strong>Minim\u00e1lis rendel\u00e9si mennyis\u00e9g\u00e9rt \u00e9s mennyis\u00e9gi kedvezm\u00e9ny\u00e9rt keressen benn\u00fcnket<\/strong><\/span><\/p>","protected":false},"featured_media":837,"template":"","meta":[],"product_brand":[],"product_cat":[168,185,31],"product_tag":[193,169,171,172,187,188,189,190,191],"class_list":{"0":"post-752","1":"product","2":"type-product","3":"status-publish","4":"has-post-thumbnail","6":"product_cat-gazpalack","7":"product_cat-rama-cylinders","8":"product_cat-termekek","9":"product_tag-10-liter","10":"product_tag-200-bar","11":"product_tag-gas-cylinder","12":"product_tag-gazpalack","13":"product_tag-high-pressure","14":"product_tag-magasnyomasu","15":"product_tag-rama-cylinders","16":"product_tag-seamless","17":"product_tag-varratmentes","19":"first","20":"instock","21":"shipping-taxable","22":"purchasable","23":"product-type-simple"},"_links":{"self":[{"href":"https:\/\/pwent.lionstackailab.hu\/de\/wp-json\/wp\/v2\/product\/752","targetHints":{"allow":["GET"]}}],"collection":[{"href":"https:\/\/pwent.lionstackailab.hu\/de\/wp-json\/wp\/v2\/product"}],"about":[{"href":"https:\/\/pwent.lionstackailab.hu\/de\/wp-json\/wp\/v2\/types\/product"}],"wp:featuredmedia":[{"embeddable":true,"href":"https:\/\/pwent.lionstackailab.hu\/de\/wp-json\/wp\/v2\/media\/837"}],"wp:attachment":[{"href":"https:\/\/pwent.lionstackailab.hu\/de\/wp-json\/wp\/v2\/media?parent=752"}],"wp:term":[{"taxonomy":"product_brand","embeddable":true,"href":"https:\/\/pwent.lionstackailab.hu\/de\/wp-json\/wp\/v2\/product_brand?post=752"},{"taxonomy":"product_cat","embeddable":true,"href":"https:\/\/pwent.lionstackailab.hu\/de\/wp-json\/wp\/v2\/product_cat?post=752"},{"taxonomy":"product_tag","embeddable":true,"href":"https:\/\/pwent.lionstackailab.hu\/de\/wp-json\/wp\/v2\/product_tag?post=752"}],"curies":[{"name":"wp","href":"https:\/\/api.w.org\/{rel}","templated":true}]}}