{"id":748,"date":"2026-03-19T13:35:36","date_gmt":"2026-03-19T13:35:36","guid":{"rendered":"https:\/\/pwent.lionstackailab.hu\/?post_type=product&#038;p=748"},"modified":"2026-03-19T13:36:03","modified_gmt":"2026-03-19T13:36:03","slug":"gazpalack-muanyag-vedohalo","status":"publish","type":"product","link":"https:\/\/pwent.lionstackailab.hu\/de\/termek\/gazpalack-muanyag-vedohalo\/","title":{"rendered":"G\u00e1zpalack m\u0171anyag v\u00e9d\u0151h\u00e1l\u00f3"},"content":{"rendered":"<p>G\u00e1zpalack m\u0171anyag v\u00e9d\u0151h\u00e1l\u00f3 hogy meg\u0151rizz\u00fck a g\u00e1zpalackok eszt\u00e9tikus kin\u00e9zet\u00e9t. A m\u0171anyag h\u00e1l\u00f3 megakad\u00e1lyozza a g\u00e1zpalack fest\u00e9s\u00e9nek korai s\u00e9r\u00fcl\u00e9s\u00e9t, kop\u00e1s\u00e1t. \u00c1ltal\u00e1ban a v\u00e9d\u0151h\u00e1l\u00f3t a palackok egyedi sz\u00e1ll\u00edt\u00e1s\u00e1n\u00e1l haszn\u00e1ljuk. Az egyedi r\u00f6gz\u00edt\u00e9s n\u00e9lk\u00fcli sz\u00e1ll\u00edt\u00e1s mellett a g\u00e1zpalackok jelent\u0151s s\u00e9r\u00fcl\u00e9seket szereznek a csoportos sz\u00e1ll\u00edt\u00e1sn\u00e1l is. Amikor a g\u00e1zpalackokat kalod\u00e1ba rendezz\u00fck, s nagy er\u0151vel spaniferrel \u00f6sszeh\u00fazzuk \u0151ket, akkor az egym\u00e1shoz \u00e9r\u0151 f\u00e9mfel\u00fcletek mikromozg\u00e1sai a fest\u00e9kr\u00e9teget eg\u00e9szen biztosan elt\u00fcntetik. Ezt akad\u00e1lyozza meg a m\u0171anyag v\u00e9d\u0151h\u00e1l\u00f3. \u00a0Lehet \u00d6nnek ak\u00e1r<\/p>\n<ul>\n<li>B\u00fav\u00e1rpalackja<\/li>\n<li>Eg\u00e9szs\u00e9g\u00fcgyi g\u00e1zpalackja<\/li>\n<li>Ipari g\u00e1zpalackja<\/li>\n<li>\u00c9lelmiszeripari palackja<\/li>\n<\/ul>\n<p>A biztons\u00e1g mellett a legt\u00f6bb esetben a g\u00e1zpalack sz\u00e9p megjelen\u00e9se is fontos.<\/p>\n<h2>A v\u00e9d\u0151h\u00e1l\u00f3 haszn\u00e1lat\u00e1nak el\u0151nyei<\/h2>\n<ul>\n<li>A m\u0171anyag v\u00e9d\u0151h\u00e1l\u00f3 a sz\u00fcks\u00e9ges m\u00e9retre v\u00e1ghat\u00f3<\/li>\n<li>Cs\u00f6kkenti a fel\u00fcleti karcol\u00e1sok, v\u00e1g\u00e1sok \u00e9s benyom\u00f3d\u00e1sok es\u00e9ly\u00e9t &#8211; ez meghosszabb\u00edtja a g\u00e1zpalack \u00e9let\u00e9t is<\/li>\n<li>Cs\u00f6kkenti a csomagol\u00e1si \u00e9s sz\u00e1ll\u00edt\u00e1si k\u00f6lts\u00e9geket<\/li>\n<li>Anyaga: Polietil\u00e9n<\/li>\n<\/ul>","protected":false},"excerpt":{"rendered":"<p>G\u00e1zpalack m\u0171anyag v\u00e9d\u0151h\u00e1l\u00f3 hogy meg\u0151rizz\u00fck a g\u00e1zpalackok eszt\u00e9tikus kin\u00e9zet\u00e9t. A m\u0171anyag h\u00e1l\u00f3 megakad\u00e1lyozza a g\u00e1zpalack fest\u00e9s\u00e9nek korai s\u00e9r\u00fcl\u00e9s\u00e9t, kop\u00e1s\u00e1t. <span style=\"color: #ff0000\"><strong>A minim\u00e1lis rendel\u00e9si mennyis\u00e9get k\u00e9rje munkat\u00e1rsunkt\u00f3l!<\/strong><\/span><\/p>","protected":false},"featured_media":834,"template":"","meta":[],"product_brand":[],"product_cat":[75,70],"product_tag":[182,183,184],"class_list":{"0":"post-748","1":"product","2":"type-product","3":"status-publish","4":"has-post-thumbnail","6":"product_cat-kiegeszitok","7":"product_cat-merlegek-meroeszkozok","8":"product_tag-gas-cylinder-packaging","9":"product_tag-packaging","10":"product_tag-plastic-net","12":"first","13":"instock","14":"shipping-taxable","15":"purchasable","16":"product-type-simple"},"_links":{"self":[{"href":"https:\/\/pwent.lionstackailab.hu\/de\/wp-json\/wp\/v2\/product\/748","targetHints":{"allow":["GET"]}}],"collection":[{"href":"https:\/\/pwent.lionstackailab.hu\/de\/wp-json\/wp\/v2\/product"}],"about":[{"href":"https:\/\/pwent.lionstackailab.hu\/de\/wp-json\/wp\/v2\/types\/product"}],"wp:featuredmedia":[{"embeddable":true,"href":"https:\/\/pwent.lionstackailab.hu\/de\/wp-json\/wp\/v2\/media\/834"}],"wp:attachment":[{"href":"https:\/\/pwent.lionstackailab.hu\/de\/wp-json\/wp\/v2\/media?parent=748"}],"wp:term":[{"taxonomy":"product_brand","embeddable":true,"href":"https:\/\/pwent.lionstackailab.hu\/de\/wp-json\/wp\/v2\/product_brand?post=748"},{"taxonomy":"product_cat","embeddable":true,"href":"https:\/\/pwent.lionstackailab.hu\/de\/wp-json\/wp\/v2\/product_cat?post=748"},{"taxonomy":"product_tag","embeddable":true,"href":"https:\/\/pwent.lionstackailab.hu\/de\/wp-json\/wp\/v2\/product_tag?post=748"}],"curies":[{"name":"wp","href":"https:\/\/api.w.org\/{rel}","templated":true}]}}