{"id":744,"date":"2026-03-19T13:35:36","date_gmt":"2026-03-19T13:35:36","guid":{"rendered":"https:\/\/pwent.lionstackailab.hu\/?post_type=product&#038;p=744"},"modified":"2026-03-19T13:35:53","modified_gmt":"2026-03-19T13:35:53","slug":"gbmix-biztonsagi-vedoracs","status":"publish","type":"product","link":"https:\/\/pwent.lionstackailab.hu\/de\/termek\/gbmix-biztonsagi-vedoracs\/","title":{"rendered":"GBMIX biztons\u00e1gi v\u00e9d\u0151r\u00e1cs"},"content":{"rendered":"<p>A GBMIX kever\u0151 g\u00e9peink a vonatkoz\u00f3 EU- szabv\u00e1nyoknak megfelel\u0151en infrasoromp\u00f3s v\u00e9delemmel vannak ell\u00e1tva. Amint a vesz\u00e9lyeztetett ter\u00fcletre b\u00e1rki bel\u00e9pne, \u00fagy mindenfajta mozg\u00e1s megsz\u0171nik. A biztons\u00e1g fokoz\u00e1sa \u00e9rdek\u00e9ben aj\u00e1nljuk jelenlegi biztons\u00e1gi r\u00e1csunkat, amely m\u00e1r a a vesz\u00e9lyes z\u00f3n\u00e1t fizikailag is v\u00e9di.<\/p>\n<ul>\n<li>(AZYE001) Biztons\u00e1gi v\u00e9d\u0151r\u00e1cs GBMIX1-H1-H4 g\u00e9pekhez<\/li>\n<li>(AZYE002) Biztons\u00e1gi v\u00e9d\u0151r\u00e1cs GBMIX1-H5 g\u00e9phez<\/li>\n<\/ul>","protected":false},"excerpt":{"rendered":"<p>Biztons\u00e1gi v\u00e9d\u0151r\u00e1cs GBMIX g\u00e9pekhez.<\/p>","protected":false},"featured_media":798,"template":"","meta":[],"product_brand":[],"product_cat":[71],"product_tag":[153,181],"class_list":{"0":"post-744","1":"product","2":"type-product","3":"status-publish","4":"has-post-thumbnail","6":"product_cat-transzfer-gepek-fm200-novec-es-inert-oltogazokhoz","7":"product_tag-kevero","8":"product_tag-protection","10":"first","11":"instock","12":"shipping-taxable","13":"purchasable","14":"product-type-simple"},"_links":{"self":[{"href":"https:\/\/pwent.lionstackailab.hu\/de\/wp-json\/wp\/v2\/product\/744","targetHints":{"allow":["GET"]}}],"collection":[{"href":"https:\/\/pwent.lionstackailab.hu\/de\/wp-json\/wp\/v2\/product"}],"about":[{"href":"https:\/\/pwent.lionstackailab.hu\/de\/wp-json\/wp\/v2\/types\/product"}],"wp:featuredmedia":[{"embeddable":true,"href":"https:\/\/pwent.lionstackailab.hu\/de\/wp-json\/wp\/v2\/media\/798"}],"wp:attachment":[{"href":"https:\/\/pwent.lionstackailab.hu\/de\/wp-json\/wp\/v2\/media?parent=744"}],"wp:term":[{"taxonomy":"product_brand","embeddable":true,"href":"https:\/\/pwent.lionstackailab.hu\/de\/wp-json\/wp\/v2\/product_brand?post=744"},{"taxonomy":"product_cat","embeddable":true,"href":"https:\/\/pwent.lionstackailab.hu\/de\/wp-json\/wp\/v2\/product_cat?post=744"},{"taxonomy":"product_tag","embeddable":true,"href":"https:\/\/pwent.lionstackailab.hu\/de\/wp-json\/wp\/v2\/product_tag?post=744"}],"curies":[{"name":"wp","href":"https:\/\/api.w.org\/{rel}","templated":true}]}}