{"id":743,"date":"2026-03-19T13:35:36","date_gmt":"2026-03-19T13:35:36","guid":{"rendered":"https:\/\/pwent.lionstackailab.hu\/?post_type=product&#038;p=743"},"modified":"2026-03-19T13:35:52","modified_gmt":"2026-03-19T13:35:52","slug":"vp4005in-vakumpumpa-a-kemiai-oltoanyagok-kezelesere-szolgalo-gepeinkhez","status":"publish","type":"product","link":"https:\/\/pwent.lionstackailab.hu\/de\/termek\/vp4005in-vakumpumpa-a-kemiai-oltoanyagok-kezelesere-szolgalo-gepeinkhez\/","title":{"rendered":"VP4005IN V\u00e1kumpumpa a K\u00e9miai olt\u00f3anyagok kezel\u00e9s\u00e9re szolg\u00e1l\u00f3 g\u00e9peinkhez"},"content":{"rendered":"<p>V\u00e1kum pumpa amely kieg\u00e9sz\u00edt\u0151 eszk\u00f6z a k\u00e9miai olt\u00f3anyagok kezel\u00e9s\u00e9t v\u00e9gz\u0151 g\u00e9peinkhez, mint p\u00e9ld\u00e1ul a 100\/103FM, THB5, THB523, THB sorozat. A v\u00e1kumpumpa c\u00e9lja a t\u00f6lt\u00e9s el\u0151tti v\u00e1kum l\u00e9trehoz\u00e1sa. A v\u00e1kum elt\u00fcnteti a g\u00e1zpalackbelsej\u00e9ben m\u00e9g megl\u00e9v\u0151 nedvess\u00e9get, amely kritikus a k\u00e9miai olt\u00f3anyagok t\u00f6lt\u00e9sekkor.<\/p>","protected":false},"excerpt":{"rendered":"<p>V\u00e1kum pumpa amely kieg\u00e9sz\u00edt\u0151 eszk\u00f6z a k\u00e9miai olt\u00f3anyagok kezel\u00e9s\u00e9t v\u00e9gz\u0151 g\u00e9peinkhez, mint p\u00e9ld\u00e1ul a 100\/103FM, THB5, THB523, THB sorozat.<\/p>","protected":false},"featured_media":38,"template":"","meta":[],"product_brand":[],"product_cat":[71],"product_tag":[],"class_list":{"0":"post-743","1":"product","2":"type-product","3":"status-publish","4":"has-post-thumbnail","6":"product_cat-transzfer-gepek-fm200-novec-es-inert-oltogazokhoz","8":"first","9":"instock","10":"shipping-taxable","11":"purchasable","12":"product-type-simple"},"_links":{"self":[{"href":"https:\/\/pwent.lionstackailab.hu\/de\/wp-json\/wp\/v2\/product\/743","targetHints":{"allow":["GET"]}}],"collection":[{"href":"https:\/\/pwent.lionstackailab.hu\/de\/wp-json\/wp\/v2\/product"}],"about":[{"href":"https:\/\/pwent.lionstackailab.hu\/de\/wp-json\/wp\/v2\/types\/product"}],"wp:featuredmedia":[{"embeddable":true,"href":"https:\/\/pwent.lionstackailab.hu\/de\/wp-json\/wp\/v2\/media\/38"}],"wp:attachment":[{"href":"https:\/\/pwent.lionstackailab.hu\/de\/wp-json\/wp\/v2\/media?parent=743"}],"wp:term":[{"taxonomy":"product_brand","embeddable":true,"href":"https:\/\/pwent.lionstackailab.hu\/de\/wp-json\/wp\/v2\/product_brand?post=743"},{"taxonomy":"product_cat","embeddable":true,"href":"https:\/\/pwent.lionstackailab.hu\/de\/wp-json\/wp\/v2\/product_cat?post=743"},{"taxonomy":"product_tag","embeddable":true,"href":"https:\/\/pwent.lionstackailab.hu\/de\/wp-json\/wp\/v2\/product_tag?post=743"}],"curies":[{"name":"wp","href":"https:\/\/api.w.org\/{rel}","templated":true}]}}