{"id":739,"date":"2026-03-19T13:35:36","date_gmt":"2026-03-19T13:35:36","guid":{"rendered":"https:\/\/pwent.lionstackailab.hu\/?post_type=product&#038;p=739"},"modified":"2026-03-19T13:35:48","modified_gmt":"2026-03-19T13:35:48","slug":"nyomasmero-regiszter-analog-korkoros-diagram-megszunt","status":"publish","type":"product","link":"https:\/\/pwent.lionstackailab.hu\/de\/termek\/nyomasmero-regiszter-analog-korkoros-diagram-megszunt\/","title":{"rendered":"Nyom\u00e1sm\u00e9r\u0151 regiszter: Anal\u00f3g k\u00f6rk\u00f6r\u00f6s diagram (megsz\u0171nt)"},"content":{"rendered":"<p class=\"m_7322905299496299925MsoListParagraph\"><b><span lang=\"EN-GB\">K\u00f6rk\u00f6r\u00f6s anal\u00f3g nyom\u00e1sm\u00e9r\u0151 regiszter. <\/span><\/b><span lang=\"EN-GB\">Az eszk\u00f6z alkalmas a folyad\u00e9kok nyom\u00e1s\u00e1nak r\u00f6gz\u00edt\u00e9s\u00e9re nyom\u00e1spr\u00f3ba alatt. Az eszk\u00f6z mechanikusan a pap\u00edrkorongra r\u00f6gz\u00edti a folyad\u00e9k nyom\u00e1s\u00e1t.\u00a0<\/span><span lang=\"EN-GB\">Nyom\u00e1s tartom\u00e1nyok<\/span><\/p>\n<ul>\n<li class=\"m_7322905299496299925MsoListParagraph\">0-160 bar<\/li>\n<li class=\"m_7322905299496299925MsoListParagraph\"><span lang=\"EN-GB\">0-600 bar<\/span><\/li>\n<\/ul>\n<p>1 \u00a0k\u00f6r \/ \u00f3ra. \u00a0Az eszk\u00f6z tartalmaz 100 db k\u00f6rk\u00f6r\u00f6s pap\u00edrt is. Az elektronikus panel tartalmazza a transzform\u00e1tort \u00e9s a r\u00f6gz\u00edt\u0151 ki- \u00e9s bekapcsol\u00f3 gombj\u00e1t. Elektromos ell\u00e1t\u00e1s 220V, 50Hz.<\/p>","protected":false},"excerpt":{"rendered":"<p><span lang=\"EN-GB\">K\u00f6rk\u00f6r\u00f6s anal\u00f3g nyom\u00e1sm\u00e9r\u0151 regiszter. Nyom\u00e1shat\u00e1rok 0-160 bar, 0-600 bar<\/span><\/p>","protected":false},"featured_media":792,"template":"","meta":[],"product_brand":[],"product_cat":[78],"product_tag":[178,43,180],"class_list":{"0":"post-739","1":"product","2":"type-product","3":"status-publish","4":"has-post-thumbnail","6":"product_cat-nem-kategorizalt","7":"product_tag-meroeszkoz","8":"product_tag-nyomasproba","9":"product_tag-regiszter","11":"first","12":"instock","13":"shipping-taxable","14":"purchasable","15":"product-type-simple"},"_links":{"self":[{"href":"https:\/\/pwent.lionstackailab.hu\/de\/wp-json\/wp\/v2\/product\/739","targetHints":{"allow":["GET"]}}],"collection":[{"href":"https:\/\/pwent.lionstackailab.hu\/de\/wp-json\/wp\/v2\/product"}],"about":[{"href":"https:\/\/pwent.lionstackailab.hu\/de\/wp-json\/wp\/v2\/types\/product"}],"wp:featuredmedia":[{"embeddable":true,"href":"https:\/\/pwent.lionstackailab.hu\/de\/wp-json\/wp\/v2\/media\/792"}],"wp:attachment":[{"href":"https:\/\/pwent.lionstackailab.hu\/de\/wp-json\/wp\/v2\/media?parent=739"}],"wp:term":[{"taxonomy":"product_brand","embeddable":true,"href":"https:\/\/pwent.lionstackailab.hu\/de\/wp-json\/wp\/v2\/product_brand?post=739"},{"taxonomy":"product_cat","embeddable":true,"href":"https:\/\/pwent.lionstackailab.hu\/de\/wp-json\/wp\/v2\/product_cat?post=739"},{"taxonomy":"product_tag","embeddable":true,"href":"https:\/\/pwent.lionstackailab.hu\/de\/wp-json\/wp\/v2\/product_tag?post=739"}],"curies":[{"name":"wp","href":"https:\/\/api.w.org\/{rel}","templated":true}]}}