{"id":738,"date":"2026-03-19T13:35:36","date_gmt":"2026-03-19T13:35:36","guid":{"rendered":"https:\/\/pwent.lionstackailab.hu\/?post_type=product&#038;p=738"},"modified":"2026-03-19T13:35:47","modified_gmt":"2026-03-19T13:35:47","slug":"holex-655345-340-digitalis-nyomatekkulcs","status":"publish","type":"product","link":"https:\/\/pwent.lionstackailab.hu\/de\/termek\/holex-655345-340-digitalis-nyomatekkulcs\/","title":{"rendered":"Holex 655345-340 digitaler Drehmomentschl\u00fcssel"},"content":{"rendered":"<p>Robusztus nyomat\u00e9kkulcs \u00fct\u00e9s\u00e1ll\u00f3 h\u00e1zzal, 2K-markolattal, nagy kijelz\u0151vel \u00e9s \u00e1tkapcsolhat\u00f3 racsnival. Egyszer\u0171 kezel\u00e9s nagy be\u00e1ll\u00edt\u00f3 gombokkal. A be\u00e1ll\u00edtott nyomat\u00e9k\u00e9rt\u00e9k el\u00e9r\u00e9s\u00e9t egy optikai \u00e9s egy akusztikus jel <strong>l\u00e1that\u00f3an \u00e9s hallhat\u00f3an jelzi.<\/strong><\/p>\n<ul>\n<li><strong>K\u00e9t \u00fczemm\u00f3d \u00e1ll rendelkez\u00e9sre:<\/strong> cs\u00facs\u00e9rt\u00e9k kijelz\u00e9s \u00e9s k\u00f6vet\u0151 kijelz\u00e9s. A mem\u00f3ri\u00e1ban ak\u00e1r 50 megh\u00faz\u00e1si \u00e9rt\u00e9k is t\u00e1rolhat\u00f3, a kijelz\u0151 Nm \u2212 in.lb \u2212 ft.lb k\u00f6z\u00f6tt kapcsolhat\u00f3 \u00e1t.<\/li>\n<li><strong>Felhaszn\u00e1l\u00e1s:\u00a0<\/strong>Nyomat\u00e9kellen\u0151rz\u00e9s; csavarok ellen\u0151rz\u00f6tt megh\u00faz\u00e1sa egyes csavark\u00f6t\u00e9sek, vagy kis sorozatok eset\u00e9n.<\/li>\n<li><strong>Szabv\u00e1ny:\u00a0<\/strong>DIN EN ISO 6789.<\/li>\n<li><strong>Pontoss\u00e1g:<\/strong>\n<ul>\n<li>Az \u00f3ramutat\u00f3 j\u00e1r\u00e1s\u00e1val megegyez\u0151 ir\u00e1nyba \u00b12 %<\/li>\n<li>az \u00f3ramutat\u00f3 j\u00e1r\u00e1s\u00e1val ellent\u00e9tes ir\u00e1nyba \u00b13%<\/li>\n<\/ul>\n<\/li>\n<\/ul>\n<p>&nbsp;<\/p>\n<hr \/>\n<h2>Let\u00f6lthet\u0151 anyagok<\/h2>\n<ul>\n<li><a href=\"http:\/\/pwent.eu\/wp-content\/uploads\/2017\/01\/HOLUX-90016002-eng-GB-GBP-655345-655345-1.pdf\">Holex digit\u00e1lis nyomat\u00e9kkulcs 655365 g\u00e1zpalack szelepel\u00e9shez Katal\u00f3gus GB<\/a><\/li>\n<\/ul>","protected":false},"excerpt":{"rendered":"<p>Professzion\u00e1lis elektronikus nyomat\u00e9kkulcs, digit\u00e1lis kijelz\u0151vel, 40-340 Nm er\u0151h\u00f6z. Nagy teherb\u00edr\u00e1s\u00fa, folyamatos haszn\u00e1latra aj\u00e1nljuk.<\/p>","protected":false},"featured_media":791,"template":"","meta":[],"product_brand":[],"product_cat":[32,75,34],"product_tag":[77,35],"class_list":{"0":"post-738","1":"product","2":"type-product","3":"status-publish","4":"has-post-thumbnail","6":"product_cat-gazpalack-nyomasproba-es-felujitas","7":"product_cat-kiegeszitok","8":"product_cat-szelepszereles","9":"product_tag-nyomatekkulcs","10":"product_tag-szelepeles","12":"first","13":"instock","14":"shipping-taxable","15":"purchasable","16":"product-type-simple"},"_links":{"self":[{"href":"https:\/\/pwent.lionstackailab.hu\/de\/wp-json\/wp\/v2\/product\/738","targetHints":{"allow":["GET"]}}],"collection":[{"href":"https:\/\/pwent.lionstackailab.hu\/de\/wp-json\/wp\/v2\/product"}],"about":[{"href":"https:\/\/pwent.lionstackailab.hu\/de\/wp-json\/wp\/v2\/types\/product"}],"wp:featuredmedia":[{"embeddable":true,"href":"https:\/\/pwent.lionstackailab.hu\/de\/wp-json\/wp\/v2\/media\/791"}],"wp:attachment":[{"href":"https:\/\/pwent.lionstackailab.hu\/de\/wp-json\/wp\/v2\/media?parent=738"}],"wp:term":[{"taxonomy":"product_brand","embeddable":true,"href":"https:\/\/pwent.lionstackailab.hu\/de\/wp-json\/wp\/v2\/product_brand?post=738"},{"taxonomy":"product_cat","embeddable":true,"href":"https:\/\/pwent.lionstackailab.hu\/de\/wp-json\/wp\/v2\/product_cat?post=738"},{"taxonomy":"product_tag","embeddable":true,"href":"https:\/\/pwent.lionstackailab.hu\/de\/wp-json\/wp\/v2\/product_tag?post=738"}],"curies":[{"name":"wp","href":"https:\/\/api.w.org\/{rel}","templated":true}]}}