{"id":735,"date":"2026-03-19T13:35:36","date_gmt":"2026-03-19T13:35:36","guid":{"rendered":"https:\/\/pwent.lionstackailab.hu\/?post_type=product&#038;p=735"},"modified":"2026-03-19T13:35:45","modified_gmt":"2026-03-19T13:35:45","slug":"ipari-feliratozas-gravirozas-egyedi-gepek-tervezese-es-gyartasa","status":"publish","type":"product","link":"https:\/\/pwent.lionstackailab.hu\/de\/termek\/ipari-feliratozas-gravirozas-egyedi-gepek-tervezese-es-gyartasa\/","title":{"rendered":"Industrielle Beschriftung, Gravur \u2013 Design und Herstellung von Einzelmaschinen"},"content":{"rendered":"<p>Nagy erej\u0171 grav\u00edroz\u00f3 egys\u00e9geink felhasz\u00e1nl\u00e1s\u00e1val k\u00e9szek vagyunk megtervezni \u00e9s legy\u00e1rtani az \u00d6n sz\u00e1m\u00e1ra ide\u00e1lis be\u00fct\u0151 \u00e9s jel\u00f6l\u0151 g\u00e9pet. H\u00edvjon benn\u00fcnket ha<\/p>\n<ul>\n<li>a jel\u00f6lend\u0151 term\u00e9k k\u00fcl\u00f6nb\u00f6zik a megszokott\u00f3l<\/li>\n<li>ha nagy erej\u0171 prec\u00edz be\u00fct\u0151 g\u00e9pre van sz\u00fcks\u00e9ge de nem tal\u00e1l standard megold\u00e1st<\/li>\n<\/ul>\n<p>H\u00edvjon benn\u00fcket!<\/p>\n<p>N\u00e9h\u00e1ny mint\u00e1t csatoltunk<\/p>","protected":false},"excerpt":{"rendered":"<p>Entwicklung und Herstellung von individuellen Beschriftungs-, Gravier- und Pr\u00e4gemaschinen. Ob spezielle Flaschengr\u00f6\u00dfen oder spezielle Produkte, wir finden eine L\u00f6sung f\u00fcr Ihre Bed\u00fcrfnisse<\/p>","protected":false},"featured_media":779,"template":"","meta":[],"product_brand":[],"product_cat":[32,138,36,33],"product_tag":[42,139,140,141,179,142],"class_list":{"0":"post-735","1":"product","2":"type-product","3":"status-publish","4":"has-post-thumbnail","6":"product_cat-gazpalack-nyomasproba-es-felujitas","7":"product_cat-gazpalackok-jelolese","8":"product_cat-muhely-porralolto-keszulek-karbantartasahoz","9":"product_cat-muhely-szendioxiddal-olto-keszulekhez","10":"product_tag-automata","11":"product_tag-beutes","12":"product_tag-feliratozas","13":"product_tag-gravirozas","14":"product_tag-gyartosor","15":"product_tag-jeloles","17":"first","18":"instock","19":"featured","20":"shipping-taxable","21":"purchasable","22":"product-type-simple"},"_links":{"self":[{"href":"https:\/\/pwent.lionstackailab.hu\/de\/wp-json\/wp\/v2\/product\/735","targetHints":{"allow":["GET"]}}],"collection":[{"href":"https:\/\/pwent.lionstackailab.hu\/de\/wp-json\/wp\/v2\/product"}],"about":[{"href":"https:\/\/pwent.lionstackailab.hu\/de\/wp-json\/wp\/v2\/types\/product"}],"wp:featuredmedia":[{"embeddable":true,"href":"https:\/\/pwent.lionstackailab.hu\/de\/wp-json\/wp\/v2\/media\/779"}],"wp:attachment":[{"href":"https:\/\/pwent.lionstackailab.hu\/de\/wp-json\/wp\/v2\/media?parent=735"}],"wp:term":[{"taxonomy":"product_brand","embeddable":true,"href":"https:\/\/pwent.lionstackailab.hu\/de\/wp-json\/wp\/v2\/product_brand?post=735"},{"taxonomy":"product_cat","embeddable":true,"href":"https:\/\/pwent.lionstackailab.hu\/de\/wp-json\/wp\/v2\/product_cat?post=735"},{"taxonomy":"product_tag","embeddable":true,"href":"https:\/\/pwent.lionstackailab.hu\/de\/wp-json\/wp\/v2\/product_tag?post=735"}],"curies":[{"name":"wp","href":"https:\/\/api.w.org\/{rel}","templated":true}]}}