{"id":734,"date":"2026-03-19T13:35:36","date_gmt":"2026-03-19T13:35:36","guid":{"rendered":"https:\/\/pwent.lionstackailab.hu\/?post_type=product&#038;p=734"},"modified":"2026-03-19T13:35:43","modified_gmt":"2026-03-19T13:35:43","slug":"spsn1492-gazpalack-feliratozo-gep-gyartosorokhoz","status":"publish","type":"product","link":"https:\/\/pwent.lionstackailab.hu\/de\/termek\/spsn1492-gazpalack-feliratozo-gep-gyartosorokhoz\/","title":{"rendered":"SPSN1492 G\u00e1zpalack feliratoz\u00f3 g\u00e9p gy\u00e1rt\u00f3sorokhoz"},"content":{"rendered":"<p>Nagy teljes\u00edtm\u00e9ny\u0171 automata g\u00e1zpalack feliratoz\u00f3 g\u00e9p. A g\u00e9pet els\u0151sorban nagy mennyis\u00e9g\u0171 azonos feliratoz\u00e1si munka elv\u00e9gz\u00e9s\u00e9re aj\u00e1nljuk &#8211; p\u00e9ld\u00e1ul palackgy\u00e1rt\u00e1s, \u00faj g\u00e1zpalackok egyediv\u00e9 t\u00e9tele. A g\u00e9p automata m\u00f3don bet\u00f6lti valamint kiadja a g\u00e1zpalackokat. Fontos hogy a g\u00e9p a jel\u00f6l\u00e9s k\u00f6zben forgatja a palackot, \u00edgy ak\u00e1r a palack nyak\u00e1t, teljes eg\u00e9sz\u00e9ben k\u00f6rbe tudjuk jel\u00f6lni. Ezzel a g\u00e9p alkalmass\u00e1 v\u00e1lik hossz\u00fa sz\u00f6vegek elhelyez\u00e9s\u00e9re is.<\/p>\n<h2>A megmunk\u00e1l\u00f3 egys\u00e9g fontosabb tulajdons\u00e1gai, alkot\u00f3elemei:<\/h2>\n<ul>\n<li>Palack\u00e1tm\u00e9r\u0151: 140-280mm<\/li>\n<li>Palack hossz: 800-1850mm<\/li>\n<li>(opci\u00f3) a billent\u0151 \u00e9s behord\u00f3 p\u00e1lya kapacit\u00e1sa:\n<ul>\n<li>4 db 280mm-es \u00e1tm\u00e9r\u0151j\u0171 palack vagy<\/li>\n<li>5 db 229mm-es \u00e1tm\u00e9r\u0151j\u0171 palack vagy<\/li>\n<li>8 db 140mm-es \u00e1tm\u00e9r\u0151j\u0171 palack<\/li>\n<li>maxim\u00e1lis billenthet\u0151 s\u00faly 350kg.<\/li>\n<\/ul>\n<\/li>\n<li>A berendez\u00e9s m\u0171k\u00f6dtethet\u0151 automata \u00e9s k\u00e9zi \u00fczemm\u00f3dban.<\/li>\n<li>Felirat \u00e9rint\u0151k\u00e9perny\u0151n programozhat\u00f3. Hasonl\u00f3an mint MK3-X80 g\u00e9pn\u00e9l<\/li>\n<\/ul>\n<h2>A g\u00e1zpalack jel\u00f6l\u0151 g\u00e9p tartoz\u00e9kai<\/h2>\n<ul>\n<li>pneumatikus pontoz\u00f3 g\u00e9p<\/li>\n<li>vez\u00e9rl\u00e9s<\/li>\n<li>v\u00edzszintes g\u00e1zpalack gravit\u00e1ci\u00f3s p\u00e1lya a g\u00e9p el\u0151tt \u00e9s a g\u00e9p ut\u00e1n<\/li>\n<li>g\u00e1zpalack bet\u00f6lt\u00e9shez \u00e9s kiad\u00e1shoz k\u00f6t\u0151d\u0151 pneumatikus berendez\u00e9sek \u00e9s eszk\u00f6z\u00f6k<\/li>\n<\/ul>\n<h2>Opcion\u00e1lisan rendelhet\u0151 a g\u00e1zpalack feliratoz\u00f3 g\u00e9phez<\/h2>\n<ul>\n<li>bet\u00f6lt\u00e9st \u00e9s kiad\u00e1st seg\u00edt\u0151 palackbillent\u0151<\/li>\n<li>kamera a g\u00e1zpalack jel\u00f6l\u00e9si eredm\u00e9ny ellen\u0151rz\u00e9s\u00e9re, a kezd\u00e9si pont kiv\u00e1laszt\u00e1s\u00e1ra<\/li>\n<\/ul>\n<h2>A G\u00e1zpalack be\u00fct\u0151 g\u00e9p haszn\u00e1lata<\/h2>\n<p>A kezel\u0151 szem\u00e9ly a palackbillent\u0151 egys\u00e9gre helyezi a pontoz\u00e1sra sz\u00e1nt g\u00e1zpalackokat (opci\u00f3). A pneumatikus m\u0171k\u00f6d\u00e9s\u0171 billent\u0151 egys\u00e9g \u2013 nyom\u00f3gomb megnyom\u00e1sa ut\u00e1n \u2013 v\u00edzszintes helyzetbe ford\u00edtja a palackokat, melyek arr\u00f3l \u00e1tgurulnak a lejt\u0151s p\u00e1ly\u00e1val rendelkez\u0151 megmunk\u00e1l\u00f3 k\u00f6zponti \u00e1llom\u00e1sra. A megmunk\u00e1l\u00f3 egys\u00e9g el\u0151tt egy kapuz\u00f3 egys\u00e9gnek \u00fctk\u00f6znek, mely csak egyes\u00e9vel engedi be a palackokat a pontoz\u00f3 egys\u00e9gbe. Itt egy pneumatikus munkahenger egy el\u0151re be\u00e1ll\u00edtott \u00fctk\u00f6z\u0151nek tolja a palackot, majd egy pneumatikus emel\u0151keret megemeli a palackot, \u00edgy az pontoz\u00e1si poz\u00edci\u00f3ba ker\u00fcl.<\/p>\n<p>Az emel\u0151kereten \u00e1ll\u00edthat\u00f3 t\u00e1vols\u00e1g\u00fa \u00e9s a palack tengelyir\u00e1ny\u00e1ban elmozd\u00edthat\u00f3 szabadonfut\u00f3 g\u00f6rg\u0151k vannak elhelyezve, melyeken a palack k\u00f6nnyed\u00e9n el tud fordulni. Az emel\u0151kereten l\u00e9v\u0151 palack egy hajtott g\u00f6rg\u0151h\u00f6z lesz hozz\u00e1szor\u00edtva, melyet fogassz\u00edjas \u00e1tt\u00e9telen kereszt\u00fcl egy \u00a0l\u00e9ptet\u0151motor forgat. A forgat\u00e1s sebess\u00e9g\u00e9t a pontoz\u00f3 berendez\u00e9s szoftver\u00e9vel lehet be\u00e1ll\u00edtani. A megfelel\u0151 sz\u00f6veget a pontoz\u00f3 berendez\u00e9shez tartoz\u00f3 vez\u00e9rl\u0151egys\u00e9g k\u00e9perny\u0151j\u00e9n lehet bevinni. A pontoz\u00e1s ut\u00e1n az emel\u0151egys\u00e9g les\u00fcllyed, majd az elmen\u0151 oldalon l\u00e9v\u0151 kapuz\u00f3 egys\u00e9g felemelkedik, \u00edgy a palack a p\u00e1lya v\u00e9g\u00e9re tud gurulni. A p\u00e1lya v\u00e9gi \u00fctk\u00f6z\u0151 egys\u00e9g meg\u00e1ll\u00edtja, majd a t\u00f6bbi palack pontoz\u00e1s\u00e1nak elk\u00e9sz\u00fclt\u00e9vel tov\u00e1bbengedi a palackokat a billent\u0151 egys\u00e9gre.<\/p>\n<p>A kezel\u0151 egy nyom\u00f3gomb megnyom\u00e1s\u00e1val k\u00e9pes a palackokat a v\u00edzszintes helyzetb\u0151l k\u00f6zel f\u00fcgg\u0151leges helyzetbe \u00e1ll\u00edtani (opci\u00f3).<\/p>\n<h2>Egyedi feliratok elhelyez\u00e9se<\/h2>\n<p>A k\u00e9zi \u00fczemm\u00f3dban lehet\u0151s\u00e9g van, m\u00e1r felirattal ell\u00e1tott palackok kieg\u00e9sz\u00edt\u0151 feliratoz\u00e1s\u00e1ra. A pontoz\u00f3 vez\u00e9rl\u0151egys\u00e9g\u00e9n lehet\u0151s\u00e9g van a l\u00e9ptet\u0151motor el\u0151re-h\u00e1traforgat\u00e1s\u00e1ra, ez\u00e1ltal a k\u00edv\u00e1nt poz\u00edci\u00f3ba forgatni a palackot \u00e9s \u00edgy elind\u00edtani a felirat pontoz\u00e1s\u00e1t. Ahhoz, hogy a kezel\u0151 l\u00e1ssa, hogy mennyit kell forgatnia a palackon vagy a vez\u00e9rl\u0151egys\u00e9get kell k\u00f6zelebb tervezni a pontoz\u00f3hoz,<br \/>\nvagy egy kamer\u00e1t sz\u00fcks\u00e9ges elhelyezni a pontoz\u00f3 k\u00f6zel\u00e9ben \u00e9s egy 7\u201d-os LCD kijelz\u0151n figyelni a forgat\u00e1s eredm\u00e9ny\u00e9t (opci\u00f3)<\/p>\n<h2>Be\u00e1ll\u00edt\u00e1sok, telep\u00edt\u00e9s<\/h2>\n<p>A k\u00fcl\u00f6nb\u00f6z\u0151 palackok pontoz\u00e1si m\u0171velet\u00e9hez sz\u00fcks\u00e9ges a kezel\u0151nek megadott be\u00e1ll\u00edt\u00e1sokat, g\u00e9p\u00e1t\u00e1ll\u00edt\u00e1sokat v\u00e9geznie. Ezt a pontoz\u00f3 egys\u00e9g m\u00f6g\u00f6tti szervizajt\u00f3 kinyit\u00e1s\u00e1val, szerviz \u00fczemm\u00f3dban teheti meg.<\/p>\n<p>A berendez\u00e9s m\u0171k\u00f6d\u00e9si felt\u00e9tele 6 bar nyom\u00e1s\u00fa s\u0171r\u00edtett leveg\u0151 h\u00e1l\u00f3zat \u00e9s 230VAC, 50Hz-es villamos h\u00e1l\u00f3zat. A berendez\u00e9s Fischer ragaszthat\u00f3 d\u0171belekkel lesz<br \/>\na talajhoz r\u00f6gz\u00edtve, ez\u00e9rt fontos a megfelel\u0151 \u2013 legal\u00e1bb 100mm vastag, egyenletes \u2013 beton aljzat.<\/p>\n<p>&nbsp;<\/p>\n<h2>Felirat min\u0151s\u00e9ge, be\u00fct\u00e9s<\/h2>\n<p>Az el\u0151re be\u00e1ll\u00edtott programokkal, gyors v\u00e1lt\u00e1sokkal, a be\u00fctni k\u00edv\u00e1nt sz\u00f6veg egyszer\u0171en be\u00e1ll\u00edthat\u00f3. A be\u00e1ll\u00edt\u00e1st k\u00f6vet\u0151en \u00e1tlagos munk\u00e1n\u00e1l 53 karakter\/perc sebess\u00e9ggel be\u00fcthet\u0151ek ac\u00e9l palackok.A v\u00e1lt\u00e1s gyors. A m\u0171velet az oper\u00e1tornak nem megterhel\u0151. A g\u00e1zpalackok fel\u00fclet\u00e9t a be\u00fct\u00e9s ut\u00e1n ak\u00e1r 120-200 mikronos fest\u00e9kkel is el lehet takarni, a g\u00e9\u00fcnkkel elhelyezett be\u00fct\u00e9sek akkor is l\u00e1tsz\u00f3dni fognak a g\u00e1zpalack fel\u00fclet\u00e9n.<\/p>\n<p>Elektro-pneumatikus be\u00fct\u0151 fej (s\u0171r\u00edtett leveg\u0151: 1-6 bar).<\/p>\n<ul>\n<li>Nagy be\u00fct\u00e9si er\u0151 a legkem\u00e9nyebb anyag\u00fa g\u00e1zpalackokhoz is<\/li>\n<li>Fest\u00e9kr\u00e9tegek alatt is l\u00e1that\u00f3 jel\u00f6l\u00e9s lehet ak\u00e1r porfestett ak\u00e1r v\u00edzb\u00e1zis\u00fa fest\u00e9kkel ell\u00e1tott g\u00e1zpalack<\/li>\n<li>Egyszer\u0171 haszn\u00e1lat<\/li>\n<li>Egyszer\u0171 \u00e9rint\u0151k\u00e9perny\u0151vel t\u00f6rt\u00e9n\u0151 programozhat\u00f3s\u00e1g<\/li>\n<li>Robusztus kivitel<\/li>\n<li>Biztos pozicion\u00e1l\u00e1s<\/li>\n<li>Sorozatsz\u00e1mok, sz\u00f6vegek, kijel\u00f6lt szervezet azonos\u00edt\u00f3, TARA s\u00faly, d\u00e1tumok \u00e9s sok minden m\u00e1s jel\u00f6l\u00e9se<\/li>\n<\/ul>\n<h2><strong>Beschreibung<\/strong><\/h2>\n<ul>\n<li>G\u00e1zpalackok nagy erej\u0171 hordozhat\u00f3 jel\u00f6l\u0151 g\u00e9p elektro-pneumatikus \u00fct\u00e9ssel a prec\u00edzi\u00f3s a m\u00e9ly jel\u00f6l\u00e9si eredm\u00e9ny el\u00e9r\u00e9s\u00e9hez, ahol a fel\u00fclet m\u00e9g tov\u00e1bbi fest\u00e9s vagy s\u00f6r\u00e9tez\u00e9snek lesz kit\u00e9ve.<\/li>\n<li>Megold\u00e1s a nagy kem\u00e9nys\u00e9g\u0171 f\u00e9mek jel\u00f6l\u00e9s\u00e9re, mint pl. a CrMo54.<\/li>\n<li>\u00c9rint\u0151k\u00e9perny\u0151s k\u00fcl\u00f6n\u00e1ll\u00f3 programoz\u00f3i egys\u00e9g<\/li>\n<li>PC-hez k\u00f6thet\u0151 kivitel.<\/li>\n<\/ul>\n<h2><strong>Jellemz\u0151k<\/strong><\/h2>\n<ul>\n<li>Maxim\u00e1lis rugalmass\u00e1g: nagy pontoss\u00e1g, nagy sebess\u00e9g, m\u00e9ly jel\u00f6l\u00e9s<\/li>\n<li>Aj\u00e1nlott f\u00e9mek \u00e9s nagy kem\u00e9nys\u00e9g\u0171 f\u00e9mek jel\u00f6l\u00e9s\u00e9re<\/li>\n<\/ul>\n<p>&nbsp;<\/p>\n<h2><strong>Jel\u00f6l\u00e9s<\/strong><\/h2>\n<ul>\n<li>V\u00e1ltoz\u00f3 sz\u00f6veg, sorozatsz\u00e1m, d\u00e1tum \u00e9s id\u0151, log\u00f3, grafika ( (DXF, PLT)<\/li>\n<li>20 el\u00e9rhet\u0151 karakterk\u00e9szlet<\/li>\n<li>Programozhat\u00f3 karakterm\u00e9ret, st\u00edlus , \u00e9s ir\u00e1ny<\/li>\n<li>NASA szabv\u00e1nyos DataMatrix k\u00f3d<\/li>\n<\/ul>\n<h2><strong>Kontakt<\/strong><\/h2>\n<ul>\n<li>Soros k\u00e1bel PC kapcsolat \u00e9s Ethernet h\u00e1l\u00f3zati kapcsolat<\/li>\n<li>USB port programok \u00e9s grafik\u00e1k export \u00e9s importj\u00e1hoz.<\/li>\n<\/ul>\n<hr \/>\n<p>&nbsp;<\/p>\n<p>&nbsp;<\/p>","protected":false},"excerpt":{"rendered":"<p>Nagy mennyis\u00e9g\u0171 be\u00fct\u00e9shez automata g\u00e1zpalack jel\u00f6l\u0151 g\u00e9p gy\u00e1rt\u00f3sorokhoz. Automatikus bet\u00f6lt\u00e9s \u00e9s kiad\u00e1s<\/p>","protected":false},"featured_media":757,"template":"","meta":[],"product_brand":[],"product_cat":[32,138,36,33,31],"product_tag":[42,139,140,141,179,142],"class_list":{"0":"post-734","1":"product","2":"type-product","3":"status-publish","4":"has-post-thumbnail","6":"product_cat-gazpalack-nyomasproba-es-felujitas","7":"product_cat-gazpalackok-jelolese","8":"product_cat-muhely-porralolto-keszulek-karbantartasahoz","9":"product_cat-muhely-szendioxiddal-olto-keszulekhez","10":"product_cat-termekek","11":"product_tag-automata","12":"product_tag-beutes","13":"product_tag-feliratozas","14":"product_tag-gravirozas","15":"product_tag-gyartosor","16":"product_tag-jeloles","18":"first","19":"instock","20":"featured","21":"shipping-taxable","22":"purchasable","23":"product-type-simple"},"_links":{"self":[{"href":"https:\/\/pwent.lionstackailab.hu\/de\/wp-json\/wp\/v2\/product\/734","targetHints":{"allow":["GET"]}}],"collection":[{"href":"https:\/\/pwent.lionstackailab.hu\/de\/wp-json\/wp\/v2\/product"}],"about":[{"href":"https:\/\/pwent.lionstackailab.hu\/de\/wp-json\/wp\/v2\/types\/product"}],"wp:featuredmedia":[{"embeddable":true,"href":"https:\/\/pwent.lionstackailab.hu\/de\/wp-json\/wp\/v2\/media\/757"}],"wp:attachment":[{"href":"https:\/\/pwent.lionstackailab.hu\/de\/wp-json\/wp\/v2\/media?parent=734"}],"wp:term":[{"taxonomy":"product_brand","embeddable":true,"href":"https:\/\/pwent.lionstackailab.hu\/de\/wp-json\/wp\/v2\/product_brand?post=734"},{"taxonomy":"product_cat","embeddable":true,"href":"https:\/\/pwent.lionstackailab.hu\/de\/wp-json\/wp\/v2\/product_cat?post=734"},{"taxonomy":"product_tag","embeddable":true,"href":"https:\/\/pwent.lionstackailab.hu\/de\/wp-json\/wp\/v2\/product_tag?post=734"}],"curies":[{"name":"wp","href":"https:\/\/api.w.org\/{rel}","templated":true}]}}