{"id":727,"date":"2026-03-19T13:35:36","date_gmt":"2026-03-19T13:35:36","guid":{"rendered":"https:\/\/pwent.lionstackailab.hu\/?post_type=product&#038;p=727"},"modified":"2026-03-19T13:35:59","modified_gmt":"2026-03-19T13:35:59","slug":"gyurus-kaliber-17e-198x1-14-gazpalack-szelep-kupos-menet-vizsgalatahoz","status":"publish","type":"product","link":"https:\/\/pwent.lionstackailab.hu\/de\/termek\/gyurus-kaliber-17e-198x1-14-gazpalack-szelep-kupos-menet-vizsgalatahoz\/","title":{"rendered":"Gy\u0171r\u0171s kaliber 17E (19,8&#215;1\/14&#8221;) g\u00e1zpalack szelep k\u00fapos menet vizsg\u00e1lat\u00e1hoz"},"content":{"rendered":"<p>Gy\u0171r\u0171s kaliber 17E (19,8&#215;1\/14&#8221;) g\u00e1zpalack szelep k\u00fapos menet vizsg\u00e1lat\u00e1hoz,<\/p>\n<h2>Gy\u0171r\u0171s kaliber t\u00edpusok 25E (19,8 x 1\/14&#8221;, nagyk\u00fapos) menethez<\/h2>\n<ul>\n<li><strong>AM.19-600F &#8211;\u00a0<\/strong>Menetes kaliber- teljes profil, \u00a0Con.12% DIN 477<\/li>\n<li><strong>AM.19-601F &#8211; <\/strong>Menetes kaliber &#8211; els\u0151, Con.12% DIN 477<\/li>\n<li><strong>AM.19-602F &#8211;\u00a0<\/strong>Menetes kaliber &#8211; h\u00e1ts\u00f3 profil, Con.12% DIN 477<\/li>\n<\/ul>\n<ul>\n<li><strong>AM.19-600L &#8211; <\/strong>Dug\u00f3s idomszer &#8211; teljes profil, Con.12% DIN477<\/li>\n<li><strong>AM.19-601L &#8211; <\/strong>Dug\u00f3s idomszer\u00a0&#8211; els\u0151 profil, Con.12% DIN477<\/li>\n<li><strong>AM.19-602L &#8211; <\/strong>Dug\u00f3s idomszer\u00a0&#8211; h\u00e1ts\u00f3 profil, Con.12% DIN477<\/li>\n<\/ul>","protected":false},"excerpt":{"rendered":"<p>Gy\u0171r\u0151s kaliber 17E (19,8&#215;1\/14&#8221;) g\u00e1zpalack szelep kisk\u00fapos menet vizsg\u00e1lat\u00e1hoz<\/p>","protected":false},"featured_media":726,"template":"","meta":[],"product_brand":[],"product_cat":[75,70,31],"product_tag":[177,178],"class_list":{"0":"post-727","1":"product","2":"type-product","3":"status-publish","4":"has-post-thumbnail","6":"product_cat-kiegeszitok","7":"product_cat-merlegek-meroeszkozok","8":"product_cat-termekek","9":"product_tag-caliber","10":"product_tag-meroeszkoz","12":"first","13":"instock","14":"featured","15":"shipping-taxable","16":"purchasable","17":"product-type-variable"},"_links":{"self":[{"href":"https:\/\/pwent.lionstackailab.hu\/de\/wp-json\/wp\/v2\/product\/727","targetHints":{"allow":["GET"]}}],"collection":[{"href":"https:\/\/pwent.lionstackailab.hu\/de\/wp-json\/wp\/v2\/product"}],"about":[{"href":"https:\/\/pwent.lionstackailab.hu\/de\/wp-json\/wp\/v2\/types\/product"}],"wp:featuredmedia":[{"embeddable":true,"href":"https:\/\/pwent.lionstackailab.hu\/de\/wp-json\/wp\/v2\/media\/726"}],"wp:attachment":[{"href":"https:\/\/pwent.lionstackailab.hu\/de\/wp-json\/wp\/v2\/media?parent=727"}],"wp:term":[{"taxonomy":"product_brand","embeddable":true,"href":"https:\/\/pwent.lionstackailab.hu\/de\/wp-json\/wp\/v2\/product_brand?post=727"},{"taxonomy":"product_cat","embeddable":true,"href":"https:\/\/pwent.lionstackailab.hu\/de\/wp-json\/wp\/v2\/product_cat?post=727"},{"taxonomy":"product_tag","embeddable":true,"href":"https:\/\/pwent.lionstackailab.hu\/de\/wp-json\/wp\/v2\/product_tag?post=727"}],"curies":[{"name":"wp","href":"https:\/\/api.w.org\/{rel}","templated":true}]}}