{"id":693,"date":"2026-03-19T13:35:20","date_gmt":"2026-03-19T13:35:20","guid":{"rendered":"https:\/\/pwent.lionstackailab.hu\/?post_type=product&#038;p=693"},"modified":"2026-03-19T13:35:30","modified_gmt":"2026-03-19T13:35:30","slug":"box-elt-teljes-vezerloegyseg-beutofejek-vezerlesehez","status":"publish","type":"product","link":"https:\/\/pwent.lionstackailab.hu\/de\/termek\/box-elt-teljes-vezerloegyseg-beutofejek-vezerlesehez\/","title":{"rendered":"BOX-ELT teljes vez\u00e9rl\u0151egys\u00e9g be\u00fct\u0151fejek vez\u00e9rl\u00e9s\u00e9hez"},"content":{"rendered":"<p>Teljes vez\u00e9rl\u0151egys\u00e9g CPU-val, alaplappal, \u00e1ramell\u00e1t\u00e1ssal, t\u00e1ppal \u00e9s csatlakoz\u00f3 egys\u00e9gekkel. A vez\u00e9rl\u0151 egys\u00e9g alkalmas m\u00e1r megl\u00e9v\u0151 be\u00fct\u0151fej vez\u00e9rl\u00e9s\u00e9hez.<\/p>","protected":false},"excerpt":{"rendered":"<p>Teljes vez\u00e9rl\u0151egys\u00e9g CPU-val, alaplappal, \u00e1ramell\u00e1t\u00e1ssal, t\u00e1ppal, \u00e9rint\u0151k\u00e9perny\u0151vel \u00e9s csatlakoz\u00f3 egys\u00e9gekkel. A vez\u00e9rl\u0151 egys\u00e9g alkalmas m\u00e1r megl\u00e9v\u0151 be\u00fct\u0151fej programoz\u00e1s\u00e1hoz.<\/p>","protected":false},"featured_media":718,"template":"","meta":[],"product_brand":[],"product_cat":[32,138,75],"product_tag":[146,143,152],"class_list":{"0":"post-693","1":"product","2":"type-product","3":"status-publish","4":"has-post-thumbnail","6":"product_cat-gazpalack-nyomasproba-es-felujitas","7":"product_cat-gazpalackok-jelolese","8":"product_cat-kiegeszitok","9":"product_tag-kiegeszito","10":"product_tag-mk3-x80","11":"product_tag-vezerles","13":"first","14":"instock","15":"shipping-taxable","16":"purchasable","17":"product-type-simple"},"_links":{"self":[{"href":"https:\/\/pwent.lionstackailab.hu\/de\/wp-json\/wp\/v2\/product\/693","targetHints":{"allow":["GET"]}}],"collection":[{"href":"https:\/\/pwent.lionstackailab.hu\/de\/wp-json\/wp\/v2\/product"}],"about":[{"href":"https:\/\/pwent.lionstackailab.hu\/de\/wp-json\/wp\/v2\/types\/product"}],"wp:featuredmedia":[{"embeddable":true,"href":"https:\/\/pwent.lionstackailab.hu\/de\/wp-json\/wp\/v2\/media\/718"}],"wp:attachment":[{"href":"https:\/\/pwent.lionstackailab.hu\/de\/wp-json\/wp\/v2\/media?parent=693"}],"wp:term":[{"taxonomy":"product_brand","embeddable":true,"href":"https:\/\/pwent.lionstackailab.hu\/de\/wp-json\/wp\/v2\/product_brand?post=693"},{"taxonomy":"product_cat","embeddable":true,"href":"https:\/\/pwent.lionstackailab.hu\/de\/wp-json\/wp\/v2\/product_cat?post=693"},{"taxonomy":"product_tag","embeddable":true,"href":"https:\/\/pwent.lionstackailab.hu\/de\/wp-json\/wp\/v2\/product_tag?post=693"}],"curies":[{"name":"wp","href":"https:\/\/api.w.org\/{rel}","templated":true}]}}