{"id":688,"date":"2026-03-19T13:35:20","date_gmt":"2026-03-19T13:35:20","guid":{"rendered":"https:\/\/pwent.lionstackailab.hu\/?post_type=product&#038;p=688"},"modified":"2026-03-19T13:35:29","modified_gmt":"2026-03-19T13:35:29","slug":"tank800-viztartaly-fit50-gephez-800-liter","status":"publish","type":"product","link":"https:\/\/pwent.lionstackailab.hu\/de\/termek\/tank800-viztartaly-fit50-gephez-800-liter\/","title":{"rendered":"TANK800 V\u00edztart\u00e1ly FIT50 g\u00e9phez (800 liter)"},"content":{"rendered":"<p>A FIT\/50 nyom\u00f3pr\u00f3bapadhoz tartoz\u00f3 800 literes v\u00edztart\u00e1lyt t\u00f6lt\u0151szivatty\u00faval szerelt\u00fck fel. Ezzel lehet\u0151s\u00e9g van a nyom\u00e1spr\u00f3b\u00e1ra v\u00e1r\u00f3 g\u00e1zpalackok gyors megt\u00f6lt\u00e9s\u00e9re.<\/p>","protected":false},"excerpt":{"rendered":"<p>800 liter v\u00edztart\u00e1ly FIT50 g\u00e9phez. A \u00a0be\u00e9p\u00edtett t\u00f6lt\u0151szivatty\u00faval a g\u00e1zpalackok gyorsan megt\u00f6lthet\u0151ek.<\/p>","protected":false},"featured_media":717,"template":"","meta":[],"product_brand":[],"product_cat":[32,40],"product_tag":[146,173,174],"class_list":{"0":"post-688","1":"product","2":"type-product","3":"status-publish","4":"has-post-thumbnail","6":"product_cat-gazpalack-nyomasproba-es-felujitas","7":"product_cat-gazpalack-nyomasproba-rampa","8":"product_tag-kiegeszito","9":"product_tag-tartaly","10":"product_tag-vizvisszanyeres","12":"first","13":"instock","14":"shipping-taxable","15":"purchasable","16":"product-type-simple"},"_links":{"self":[{"href":"https:\/\/pwent.lionstackailab.hu\/de\/wp-json\/wp\/v2\/product\/688","targetHints":{"allow":["GET"]}}],"collection":[{"href":"https:\/\/pwent.lionstackailab.hu\/de\/wp-json\/wp\/v2\/product"}],"about":[{"href":"https:\/\/pwent.lionstackailab.hu\/de\/wp-json\/wp\/v2\/types\/product"}],"wp:featuredmedia":[{"embeddable":true,"href":"https:\/\/pwent.lionstackailab.hu\/de\/wp-json\/wp\/v2\/media\/717"}],"wp:attachment":[{"href":"https:\/\/pwent.lionstackailab.hu\/de\/wp-json\/wp\/v2\/media?parent=688"}],"wp:term":[{"taxonomy":"product_brand","embeddable":true,"href":"https:\/\/pwent.lionstackailab.hu\/de\/wp-json\/wp\/v2\/product_brand?post=688"},{"taxonomy":"product_cat","embeddable":true,"href":"https:\/\/pwent.lionstackailab.hu\/de\/wp-json\/wp\/v2\/product_cat?post=688"},{"taxonomy":"product_tag","embeddable":true,"href":"https:\/\/pwent.lionstackailab.hu\/de\/wp-json\/wp\/v2\/product_tag?post=688"}],"curies":[{"name":"wp","href":"https:\/\/api.w.org\/{rel}","templated":true}]}}