{"id":686,"date":"2026-03-19T13:35:20","date_gmt":"2026-03-19T13:35:20","guid":{"rendered":"https:\/\/pwent.lionstackailab.hu\/?post_type=product&#038;p=686"},"modified":"2026-03-19T13:35:28","modified_gmt":"2026-03-19T13:35:28","slug":"foot100-adapter-fit50-gepekhez-a-kis-atmeroju-gazpalackok-nyomasprobazasahoz-110-160-mm","status":"publish","type":"product","link":"https:\/\/pwent.lionstackailab.hu\/de\/termek\/foot100-adapter-fit50-gepekhez-a-kis-atmeroju-gazpalackok-nyomasprobazasahoz-110-160-mm\/","title":{"rendered":"FOOT100 Adapter f\u00fcr FIT50-Ger\u00e4te zur Druckpr\u00fcfung von Gasflaschen mit kleinem Durchmesser (110-160 mm)"},"content":{"rendered":"<p>Ezzel a kieg\u00e9sz\u00edt\u0151vel a FIT50 nyom\u00f3padokon k\u00e9pes lesz a kis \u00e1tm\u00e9r\u0151vel rendelkez\u0151 g\u00e1zpalackok nyom\u00e1spr\u00f3b\u00e1j\u00e1nak elv\u00e9gz\u00e9s\u00e9re is (110-160 mm k\u00f6z\u00f6tti palackokhoz haszn\u00e1lhat\u00f3)<\/p>","protected":false},"excerpt":{"rendered":"<p>110-160 mm \u00e1tm\u00e9r\u0151vel rendelkez\u0151 g\u00e1zpalackok nyom\u00e1spr\u00f3b\u00e1z\u00e1s\u00e1nak elv\u00e9gz\u00e9s\u00e9hez kieg\u00e9sz\u00edt\u0151 adapter FIT-50 g\u00e9pekhez<\/p>","protected":false},"featured_media":715,"template":"","meta":[],"product_brand":[],"product_cat":[32,40],"product_tag":[146],"class_list":{"0":"post-686","1":"product","2":"type-product","3":"status-publish","4":"has-post-thumbnail","6":"product_cat-gazpalack-nyomasproba-es-felujitas","7":"product_cat-gazpalack-nyomasproba-rampa","8":"product_tag-kiegeszito","10":"first","11":"instock","12":"shipping-taxable","13":"purchasable","14":"product-type-simple"},"_links":{"self":[{"href":"https:\/\/pwent.lionstackailab.hu\/de\/wp-json\/wp\/v2\/product\/686","targetHints":{"allow":["GET"]}}],"collection":[{"href":"https:\/\/pwent.lionstackailab.hu\/de\/wp-json\/wp\/v2\/product"}],"about":[{"href":"https:\/\/pwent.lionstackailab.hu\/de\/wp-json\/wp\/v2\/types\/product"}],"wp:featuredmedia":[{"embeddable":true,"href":"https:\/\/pwent.lionstackailab.hu\/de\/wp-json\/wp\/v2\/media\/715"}],"wp:attachment":[{"href":"https:\/\/pwent.lionstackailab.hu\/de\/wp-json\/wp\/v2\/media?parent=686"}],"wp:term":[{"taxonomy":"product_brand","embeddable":true,"href":"https:\/\/pwent.lionstackailab.hu\/de\/wp-json\/wp\/v2\/product_brand?post=686"},{"taxonomy":"product_cat","embeddable":true,"href":"https:\/\/pwent.lionstackailab.hu\/de\/wp-json\/wp\/v2\/product_cat?post=686"},{"taxonomy":"product_tag","embeddable":true,"href":"https:\/\/pwent.lionstackailab.hu\/de\/wp-json\/wp\/v2\/product_tag?post=686"}],"curies":[{"name":"wp","href":"https:\/\/api.w.org\/{rel}","templated":true}]}}