{"id":685,"date":"2026-03-19T13:35:20","date_gmt":"2026-03-19T13:35:20","guid":{"rendered":"https:\/\/pwent.lionstackailab.hu\/?post_type=product&#038;p=685"},"modified":"2026-03-19T13:35:28","modified_gmt":"2026-03-19T13:35:28","slug":"bwt100-vizvisszanyero-tartaly-fit-50-duo-nyomasprobazo-gephez","status":"publish","type":"product","link":"https:\/\/pwent.lionstackailab.hu\/de\/termek\/bwt100-vizvisszanyero-tartaly-fit-50-duo-nyomasprobazo-gephez\/","title":{"rendered":"BWT100 Wassertank-R\u00fcckgewinnung f\u00fcr FIT\/50-DUO Pr\u00fcfmaschine"},"content":{"rendered":"<p>Ezzel a kieg\u00e9sz\u00edt\u0151vel a FIT50-DUO nyom\u00f3padon a nyom\u00e1spr\u00f3b\u00e1zott palackokb\u00f3l a ki\u00f6ml\u0151 vizet vissza tudja forgatni. A tart\u00e1ly visszaforgat\u00f3 szivatty\u00faval van ell\u00e1tva.<\/p>","protected":false},"excerpt":{"rendered":"<p>V\u00edzvisszanyer\u0151 tart\u00e1ly FIT50-DUO g\u00e9phez. A tart\u00e1ly a haszn\u00e1lt vizet fogja fel \u00e9s be\u00e9p\u00edtett szivatty\u00faja seg\u00edts\u00e9g\u00e9vel teszi azt \u00fajrafelhaszn\u00e1lhat\u00f3v\u00e1.<\/p>","protected":false},"featured_media":714,"template":"","meta":[],"product_brand":[],"product_cat":[32,40],"product_tag":[146,43,173,174],"class_list":{"0":"post-685","1":"product","2":"type-product","3":"status-publish","4":"has-post-thumbnail","6":"product_cat-gazpalack-nyomasproba-es-felujitas","7":"product_cat-gazpalack-nyomasproba-rampa","8":"product_tag-kiegeszito","9":"product_tag-nyomasproba","10":"product_tag-tartaly","11":"product_tag-vizvisszanyeres","13":"first","14":"instock","15":"shipping-taxable","16":"purchasable","17":"product-type-simple"},"_links":{"self":[{"href":"https:\/\/pwent.lionstackailab.hu\/de\/wp-json\/wp\/v2\/product\/685","targetHints":{"allow":["GET"]}}],"collection":[{"href":"https:\/\/pwent.lionstackailab.hu\/de\/wp-json\/wp\/v2\/product"}],"about":[{"href":"https:\/\/pwent.lionstackailab.hu\/de\/wp-json\/wp\/v2\/types\/product"}],"wp:featuredmedia":[{"embeddable":true,"href":"https:\/\/pwent.lionstackailab.hu\/de\/wp-json\/wp\/v2\/media\/714"}],"wp:attachment":[{"href":"https:\/\/pwent.lionstackailab.hu\/de\/wp-json\/wp\/v2\/media?parent=685"}],"wp:term":[{"taxonomy":"product_brand","embeddable":true,"href":"https:\/\/pwent.lionstackailab.hu\/de\/wp-json\/wp\/v2\/product_brand?post=685"},{"taxonomy":"product_cat","embeddable":true,"href":"https:\/\/pwent.lionstackailab.hu\/de\/wp-json\/wp\/v2\/product_cat?post=685"},{"taxonomy":"product_tag","embeddable":true,"href":"https:\/\/pwent.lionstackailab.hu\/de\/wp-json\/wp\/v2\/product_tag?post=685"}],"curies":[{"name":"wp","href":"https:\/\/api.w.org\/{rel}","templated":true}]}}