{"id":684,"date":"2026-03-19T13:35:20","date_gmt":"2026-03-19T13:35:20","guid":{"rendered":"https:\/\/pwent.lionstackailab.hu\/?post_type=product&#038;p=684"},"modified":"2026-03-19T13:35:27","modified_gmt":"2026-03-19T13:35:27","slug":"bwt50-vizvisszanyero-tartaly-fit50-gephez","status":"publish","type":"product","link":"https:\/\/pwent.lionstackailab.hu\/de\/termek\/bwt50-vizvisszanyero-tartaly-fit50-gephez\/","title":{"rendered":"BWT50 Wasserr\u00fcckgewinnungsbeh\u00e4lter f\u00fcr FIT50 Maschine"},"content":{"rendered":"<p>BWT50 V\u00edzvisszanyer\u0151 tart\u00e1ly FIT50 g\u00e9phez. A tart\u00e1ly \u00e9s a be\u00e9p\u00edtett v\u00edzforgat\u00f3 szivatty\u00fa seg\u00edts\u00e9g\u00e9vel a nyom\u00e1spr\u00f3ba alatt haszn\u00e1lt v\u00edz visszaforgathat\u00f3 az \u00faj ciklusba.<\/p>","protected":false},"excerpt":{"rendered":"<p>V\u00edzvisszanyer\u0151 tart\u00e1ly FIT50 g\u00e9phez be\u00e9p\u00edtett szivatty\u00faval a felhaszn\u00e1lt v\u00edz visszaforg\u00f3tat\u00e1s\u00e1hoz.<\/p>","protected":false},"featured_media":712,"template":"","meta":[],"product_brand":[],"product_cat":[32,40],"product_tag":[146,173,174],"class_list":{"0":"post-684","1":"product","2":"type-product","3":"status-publish","4":"has-post-thumbnail","6":"product_cat-gazpalack-nyomasproba-es-felujitas","7":"product_cat-gazpalack-nyomasproba-rampa","8":"product_tag-kiegeszito","9":"product_tag-tartaly","10":"product_tag-vizvisszanyeres","12":"first","13":"instock","14":"shipping-taxable","15":"purchasable","16":"product-type-simple"},"_links":{"self":[{"href":"https:\/\/pwent.lionstackailab.hu\/de\/wp-json\/wp\/v2\/product\/684","targetHints":{"allow":["GET"]}}],"collection":[{"href":"https:\/\/pwent.lionstackailab.hu\/de\/wp-json\/wp\/v2\/product"}],"about":[{"href":"https:\/\/pwent.lionstackailab.hu\/de\/wp-json\/wp\/v2\/types\/product"}],"wp:featuredmedia":[{"embeddable":true,"href":"https:\/\/pwent.lionstackailab.hu\/de\/wp-json\/wp\/v2\/media\/712"}],"wp:attachment":[{"href":"https:\/\/pwent.lionstackailab.hu\/de\/wp-json\/wp\/v2\/media?parent=684"}],"wp:term":[{"taxonomy":"product_brand","embeddable":true,"href":"https:\/\/pwent.lionstackailab.hu\/de\/wp-json\/wp\/v2\/product_brand?post=684"},{"taxonomy":"product_cat","embeddable":true,"href":"https:\/\/pwent.lionstackailab.hu\/de\/wp-json\/wp\/v2\/product_cat?post=684"},{"taxonomy":"product_tag","embeddable":true,"href":"https:\/\/pwent.lionstackailab.hu\/de\/wp-json\/wp\/v2\/product_tag?post=684"}],"curies":[{"name":"wp","href":"https:\/\/api.w.org\/{rel}","templated":true}]}}