{"id":683,"date":"2026-03-19T13:35:20","date_gmt":"2026-03-19T13:35:20","guid":{"rendered":"https:\/\/pwent.lionstackailab.hu\/?post_type=product&#038;p=683"},"modified":"2026-03-19T13:35:25","modified_gmt":"2026-03-19T13:35:25","slug":"quick-press-gyorscsatlakozo-porraloltok-nitrogennel-torteno-ratoltesehez","status":"publish","type":"product","link":"https:\/\/pwent.lionstackailab.hu\/de\/termek\/quick-press-gyorscsatlakozo-porraloltok-nitrogennel-torteno-ratoltesehez\/","title":{"rendered":"QUICK-PRESS gyorscsatlakoz\u00f3 porralolt\u00f3k nitrog\u00e9nnel t\u00f6rt\u00e9n\u0151 r\u00e1t\u00f6lt\u00e9s\u00e9hez"},"content":{"rendered":"<p>A csatlakoz\u00f3val gyorsan r\u00e1csatlakozhatunk \u00a0\u00bc\u201d BSP anya menettel rendelkez\u0151 porral-olt\u00f3ra. A sz\u00fcks\u00e9ges nitrog\u00e9n r\u00e1t\u00f6lt\u00e9s \u00e9s nyom\u00e1s al\u00e1 helyez\u00e9s gyorsan megt\u00f6rt\u00e9nhet. N\u00f6veli a term\u00e9kenys\u00e9get.<\/p>","protected":false},"excerpt":{"rendered":"<p>A csatlakoz\u00f3val gyorsan r\u00e1csatlakozhatunk \u00a0\u00bc\u201d BSP anya menettel rendelkez\u0151 porral-olt\u00f3ra. A sz\u00fcks\u00e9ges nitrog\u00e9n r\u00e1t\u00f6lt\u00e9s \u00e9s nyom\u00e1s al\u00e1 helyez\u00e9s gyorsan megt\u00f6rt\u00e9nhet. N\u00f6veli a term\u00e9kenys\u00e9get.<\/p>","protected":false},"featured_media":711,"template":"","meta":[],"product_brand":[],"product_cat":[36,79,31],"product_tag":[103,87,91],"class_list":{"0":"post-683","1":"product","2":"type-product","3":"status-publish","4":"has-post-thumbnail","6":"product_cat-muhely-porralolto-keszulek-karbantartasahoz","7":"product_cat-portoltes-es-porvisszanyeres","8":"product_cat-termekek","9":"product_tag-atfejto","10":"product_tag-co2","11":"product_tag-szendioxid","13":"first","14":"instock","15":"featured","16":"shipping-taxable","17":"purchasable","18":"product-type-simple"},"_links":{"self":[{"href":"https:\/\/pwent.lionstackailab.hu\/de\/wp-json\/wp\/v2\/product\/683","targetHints":{"allow":["GET"]}}],"collection":[{"href":"https:\/\/pwent.lionstackailab.hu\/de\/wp-json\/wp\/v2\/product"}],"about":[{"href":"https:\/\/pwent.lionstackailab.hu\/de\/wp-json\/wp\/v2\/types\/product"}],"wp:featuredmedia":[{"embeddable":true,"href":"https:\/\/pwent.lionstackailab.hu\/de\/wp-json\/wp\/v2\/media\/711"}],"wp:attachment":[{"href":"https:\/\/pwent.lionstackailab.hu\/de\/wp-json\/wp\/v2\/media?parent=683"}],"wp:term":[{"taxonomy":"product_brand","embeddable":true,"href":"https:\/\/pwent.lionstackailab.hu\/de\/wp-json\/wp\/v2\/product_brand?post=683"},{"taxonomy":"product_cat","embeddable":true,"href":"https:\/\/pwent.lionstackailab.hu\/de\/wp-json\/wp\/v2\/product_cat?post=683"},{"taxonomy":"product_tag","embeddable":true,"href":"https:\/\/pwent.lionstackailab.hu\/de\/wp-json\/wp\/v2\/product_tag?post=683"}],"curies":[{"name":"wp","href":"https:\/\/api.w.org\/{rel}","templated":true}]}}