{"id":682,"date":"2026-03-19T13:35:20","date_gmt":"2026-03-19T13:35:20","guid":{"rendered":"https:\/\/pwent.lionstackailab.hu\/?post_type=product&#038;p=682"},"modified":"2026-03-19T13:35:24","modified_gmt":"2026-03-19T13:35:24","slug":"ext-press-porralolto-nyomas-ala-helyezo-keszlet","status":"publish","type":"product","link":"https:\/\/pwent.lionstackailab.hu\/de\/termek\/ext-press-porralolto-nyomas-ala-helyezo-keszlet\/","title":{"rendered":"EXT-PRESS porralolt\u00f3 nyom\u00e1s al\u00e1 helyez\u0151 k\u00e9szlet"},"content":{"rendered":"<p>A k\u00e9szlettel nitrog\u00e9n r\u00e1t\u00f6lt\u00e9s lehets\u00e9ges. A porral-olt\u00f3k karbantart\u00e1s\u00e1t k\u00f6vet\u0151en sz\u00fcks\u00e9ges nitrog\u00e9n r\u00e1t\u00f6lt\u00e9s a k\u00edv\u00e1nt nyom\u00e1s el\u00e9r\u00e9s\u00e9hez. A k\u00e9szlet tartalma:<\/p>\n<ul>\n<li>nyom\u00e1scs\u00f6kkent\u0151s (maiximum 18 bar)<\/li>\n<li>flexibilis t\u00f6ml\u0151<\/li>\n<\/ul>\n<p>A k\u00e9sz\u00fcl\u00e9ket g\u00e1zpalack n\u00e9lk\u00fcl sz\u00e1ll\u00edtjuk<\/p>","protected":false},"excerpt":{"rendered":"<p>Porral olt\u00f3k nitrog\u00e9nnel t\u00f6rt\u00e9n\u0151 r\u00e1t\u00f6lt\u00e9s\u00e9hez. Nyom\u00e1scs\u00f6kkent\u0151vel, flexibilis cs\u0151vel de g\u00e1zpalack n\u00e9lk\u00fcl<\/p>","protected":false},"featured_media":708,"template":"","meta":[],"product_brand":[],"product_cat":[36,79,31],"product_tag":[103,87,91],"class_list":{"0":"post-682","1":"product","2":"type-product","3":"status-publish","4":"has-post-thumbnail","6":"product_cat-muhely-porralolto-keszulek-karbantartasahoz","7":"product_cat-portoltes-es-porvisszanyeres","8":"product_cat-termekek","9":"product_tag-atfejto","10":"product_tag-co2","11":"product_tag-szendioxid","13":"first","14":"instock","15":"featured","16":"shipping-taxable","17":"purchasable","18":"product-type-simple"},"_links":{"self":[{"href":"https:\/\/pwent.lionstackailab.hu\/de\/wp-json\/wp\/v2\/product\/682","targetHints":{"allow":["GET"]}}],"collection":[{"href":"https:\/\/pwent.lionstackailab.hu\/de\/wp-json\/wp\/v2\/product"}],"about":[{"href":"https:\/\/pwent.lionstackailab.hu\/de\/wp-json\/wp\/v2\/types\/product"}],"wp:featuredmedia":[{"embeddable":true,"href":"https:\/\/pwent.lionstackailab.hu\/de\/wp-json\/wp\/v2\/media\/708"}],"wp:attachment":[{"href":"https:\/\/pwent.lionstackailab.hu\/de\/wp-json\/wp\/v2\/media?parent=682"}],"wp:term":[{"taxonomy":"product_brand","embeddable":true,"href":"https:\/\/pwent.lionstackailab.hu\/de\/wp-json\/wp\/v2\/product_brand?post=682"},{"taxonomy":"product_cat","embeddable":true,"href":"https:\/\/pwent.lionstackailab.hu\/de\/wp-json\/wp\/v2\/product_cat?post=682"},{"taxonomy":"product_tag","embeddable":true,"href":"https:\/\/pwent.lionstackailab.hu\/de\/wp-json\/wp\/v2\/product_tag?post=682"}],"curies":[{"name":"wp","href":"https:\/\/api.w.org\/{rel}","templated":true}]}}