{"id":681,"date":"2026-03-19T13:35:20","date_gmt":"2026-03-19T13:35:20","guid":{"rendered":"https:\/\/pwent.lionstackailab.hu\/?post_type=product&#038;p=681"},"modified":"2026-03-19T13:35:22","modified_gmt":"2026-03-19T13:35:22","slug":"ics-1850-cld-kezi-gazpalack-szallito-kocsi-forgatas-mozgatas-gepbe-torteno-betoltes","status":"publish","type":"product","link":"https:\/\/pwent.lionstackailab.hu\/de\/termek\/ics-1850-cld-kezi-gazpalack-szallito-kocsi-forgatas-mozgatas-gepbe-torteno-betoltes\/","title":{"rendered":"ICS 1850-CLD Handgasflaschen-Wagen, Drehen, Bewegen, Beladen in Maschinen"},"content":{"rendered":"<p style=\"margin: 0in;font-family: Georgia;font-size: 12.0pt;color: #333333\">Ezzel a k\u00e9zi kocsival k\u00f6nnyen forgathatja \u00e9s mozgathatja g\u00e1zpalackjait. A kocsit els\u0151sorban az ICS-1850 g\u00e1zpalack bels\u0151 s\u00f6r\u00e9tez\u0151g\u00e9p bet\u00f6lt\u00e9s\u00e9hez ajn\u00e1ljuk. A kocsi hasznos lehet a g\u00e1zpalackok belsej\u00e9nek mos\u00e1s\u00e1n\u00e1l vagy b\u00e1rmilyen idegen t\u00e1rgy elt\u00e1vol\u00edt\u00e1s\u00e1n\u00e1l.<\/p>","protected":false},"excerpt":{"rendered":"<p>K\u00e9zi palacksz\u00e1ll\u00edt\u00f3 \u00e9s forgat\u00f3 kocsi. Els\u0151sorban az ICS-1850 bels\u0151 g\u00e1zpalacktiszt\u00edt\u00f3 g\u00e9p bet\u00f6lt\u00e9s\u00e9hez aj\u00e1nljuk<\/p>","protected":false},"featured_media":707,"template":"","meta":[],"product_brand":[],"product_cat":[32,38],"product_tag":[39],"class_list":{"0":"post-681","1":"product","2":"type-product","3":"status-publish","4":"has-post-thumbnail","6":"product_cat-gazpalack-nyomasproba-es-felujitas","7":"product_cat-gazpalackok-belso-tisztitasa","8":"product_tag-soretezes","10":"first","11":"instock","12":"featured","13":"shipping-taxable","14":"purchasable","15":"product-type-simple"},"_links":{"self":[{"href":"https:\/\/pwent.lionstackailab.hu\/de\/wp-json\/wp\/v2\/product\/681","targetHints":{"allow":["GET"]}}],"collection":[{"href":"https:\/\/pwent.lionstackailab.hu\/de\/wp-json\/wp\/v2\/product"}],"about":[{"href":"https:\/\/pwent.lionstackailab.hu\/de\/wp-json\/wp\/v2\/types\/product"}],"wp:featuredmedia":[{"embeddable":true,"href":"https:\/\/pwent.lionstackailab.hu\/de\/wp-json\/wp\/v2\/media\/707"}],"wp:attachment":[{"href":"https:\/\/pwent.lionstackailab.hu\/de\/wp-json\/wp\/v2\/media?parent=681"}],"wp:term":[{"taxonomy":"product_brand","embeddable":true,"href":"https:\/\/pwent.lionstackailab.hu\/de\/wp-json\/wp\/v2\/product_brand?post=681"},{"taxonomy":"product_cat","embeddable":true,"href":"https:\/\/pwent.lionstackailab.hu\/de\/wp-json\/wp\/v2\/product_cat?post=681"},{"taxonomy":"product_tag","embeddable":true,"href":"https:\/\/pwent.lionstackailab.hu\/de\/wp-json\/wp\/v2\/product_tag?post=681"}],"curies":[{"name":"wp","href":"https:\/\/api.w.org\/{rel}","templated":true}]}}