{"id":613,"date":"2026-03-19T13:34:44","date_gmt":"2026-03-19T13:34:44","guid":{"rendered":"https:\/\/pwent.lionstackailab.hu\/?post_type=product&#038;p=613"},"modified":"2026-03-19T13:35:12","modified_gmt":"2026-03-19T13:35:12","slug":"b-tipus-legvedettebb-acel-gazpalack-trailer","status":"publish","type":"product","link":"https:\/\/pwent.lionstackailab.hu\/de\/termek\/b-tipus-legvedettebb-acel-gazpalack-trailer\/","title":{"rendered":"&#8222;B&#8221; t\u00edpus &#8211; Legv\u00e9dettebb ac\u00e9l g\u00e1zpalack trailer"},"content":{"rendered":"<p>T\u00edpus &#8222;B&#8221; &#8211; Legv\u00e9dettebb ac\u00e9l g\u00e1zpalack trailer. Ha az orsz\u00e1gban l\u00e9v\u0151 k\u00f6r\u00fclm\u00e9nyek, vagy a saj\u00e1t bels\u0151 el\u0151\u00edr\u00e1sai sz\u00fcks\u00e9gess\u00e9 teszik a magas v\u00e9delmet akkor ez a j\u00fc v\u00e1laszt\u00e1s. Mind a f\u0151 elz\u00e1r\u00f3k mind a szerelv\u00e9nyek mind a cs\u00f6vez\u00e9s v\u00e9dett z\u00e1rhat\u00f3 helyen tal\u00e1lhat\u00f3.<\/p>\n<p><strong><span style=\"text-decoration: underline\">A kiaj\u00e1nlott \u00e1r tartalmazza<\/span><\/strong><\/p>\n<ul>\n<li>p\u00f3tkocsit<\/li>\n<li>ac\u00e9lszerkezetet<\/li>\n<li>szerelv\u00e9nyeket, cs\u00f6vez\u00e9st<\/li>\n<li>\u00f6sszeszerel\u00e9st<\/li>\n<li>enged\u00e9lyeztet\u00e9st<\/li>\n<\/ul>\n<p><span style=\"color: #ff0000\"><strong><span style=\"text-decoration: underline\">DE nem tartalmazza a g\u00e1zpalackok \u00e1r\u00e1t<\/span><\/strong><\/span><\/p>\n<h1>Legv\u00e9dettebb ac\u00e9l g\u00e1zpalack trailer<\/h1>\n<p>A magas v\u00e9delem miatt a sz\u00e1ll\u00edtott g\u00e1z mennyis\u00e9ge a felhaszn\u00e1lt palackok sz\u00e1m\u00e1hoz itt a legkedvez\u0151tlenebb. Ez azt jelenti, hogy<\/p>\n<ul>\n<li>A f\u0151 elz\u00e1r\u00f3k z\u00e1rhat\u00f3 dobozban tal\u00e1lhat\u00f3ak,<\/li>\n<li>A szerelv\u00e9nyek \u00e9s a cs\u00f6vez\u00e9s is z\u00e1rt dobozban tal\u00e1lhat\u00f3.<\/li>\n<\/ul>\n<p>A kiaj\u00e1nlott megold\u00e1st minden esetben testre szabjuk a<\/p>\n<ul>\n<li>vev\u0151i ig\u00e9nyek szerint<\/li>\n<li>a sz\u00e1ll\u00edtand\u00f3 g\u00e1z jellege szerint<\/li>\n<li>\u00a0az orsz\u00e1gos szab\u00e1lyok szerint<\/li>\n<\/ul>\n<p>Fentieket figyelembe v\u00e9ve hat\u00e1rozzuk meg a trailerre felszerelhet\u0151 g\u00e1zpalackok m\u00e9ret\u00e9t \u00e9s sz\u00e1m\u00e1t.<\/p>\n<p>Nagy mennyis\u00e9g\u0171 g\u00e1z sz\u00e1ll\u00edt\u00e1s\u00e1ra \u00e9s t\u00e1rol\u00e1s\u00e1ra szolg\u00e1l\u00f3 megold\u00e1sok k\u00fcl\u00f6nb\u00f6z\u0151 enged\u00e9lyekkel. Ac\u00e9lpalackokkal szerelt megold\u00e1s ak\u00e1r 7000 m3 sz\u00e1ll\u00edt\u00e1s\u00e1ra is alkalmasak lehetnek<\/p>\n<p>A RECOMA trailerei TPED\u00a0min\u0151s\u00edt\u00e9sekkel k\u00e9sz\u00fclnek, amelyet k\u00fcls\u0151s vizsg\u00e1l\u00f3 szervezet ad meg. Ez n\u00f6veli term\u00e9keink megb\u00edzhat\u00f3s\u00e1g\u00e1t \u00e9s nagyobb garanci\u00e1lis biztons\u00e1got ad.<\/p>\n<p>Ez a term\u00e9k hasznos, ha a sz\u00fcks\u00e9ges g\u00e1z mennyis\u00e9ge m\u00e1r meghaladja az egyedi megold\u00e1sok (g\u00e1zpalack, egyszer\u0171 g\u00e1zpalackk\u00f6teg) kapacit\u00e1s\u00e1t, de m\u00e9g nem \u00e9ri el a kriogenikus megold\u00e1sokat.<\/p>\n<p>A trailer s\u00falya f\u00e9l-p\u00f3tkocsival \u00e9s szerelv\u00e9nyekkel, de g\u00e1zpalackok \u00e9s g\u00e1z n\u00e9lk\u00fcl: <strong>kb. 8000 kg.<\/strong><\/p>\n<p><span style=\"color: #ff6600\">Minden esetben egyedi \u00e1raj\u00e1nlatot k\u00e9sz\u00edt\u00fcnk ig\u00e9nyeinek megfelel\u0151en. K\u00e9rem keresse munkat\u00e1rsainkat<\/span><\/p>","protected":false},"excerpt":{"rendered":"<p>T\u00edpus &#8222;B&#8221; &#8211; Legv\u00e9detteb ac\u00e9l g\u00e1zpalack trailer, amely megnehez\u00edti a rong\u00e1l\u00e1st \u00e9s vissza\u00e9l\u00e9st. A nehezebb z\u00e1rhat\u00f3 ac\u00e9lszerkezet megfelel\u0151 biztons\u00e1got ny\u00fajt vesz\u00e9lyesebb orsz\u00e1gokban vagy magasabb biztons\u00e1gi k\u00f6vetlem\u00e9nyek mellett. \u00a0<strong><span style=\"text-decoration: underline\">Az itt kiaj\u00e1nlott \u00e1r g\u00e1zpalack n\u00e9lk\u00fcl \u00e9rtend\u0151.<\/span><\/strong><\/p>","protected":false},"featured_media":660,"template":"","meta":[],"product_brand":[],"product_cat":[124],"product_tag":[125,126,127,128],"class_list":{"0":"post-613","1":"product","2":"type-product","3":"status-publish","4":"has-post-thumbnail","6":"product_cat-gazszallito-trailerek-tobbelemes-gazkontenerek-megc","7":"product_tag-gaz-trailer","8":"product_tag-gazszallitas","9":"product_tag-gaztarolas","10":"product_tag-trailer","12":"first","13":"instock","14":"featured","15":"shipping-taxable","16":"purchasable","17":"product-type-simple"},"_links":{"self":[{"href":"https:\/\/pwent.lionstackailab.hu\/de\/wp-json\/wp\/v2\/product\/613","targetHints":{"allow":["GET"]}}],"collection":[{"href":"https:\/\/pwent.lionstackailab.hu\/de\/wp-json\/wp\/v2\/product"}],"about":[{"href":"https:\/\/pwent.lionstackailab.hu\/de\/wp-json\/wp\/v2\/types\/product"}],"wp:featuredmedia":[{"embeddable":true,"href":"https:\/\/pwent.lionstackailab.hu\/de\/wp-json\/wp\/v2\/media\/660"}],"wp:attachment":[{"href":"https:\/\/pwent.lionstackailab.hu\/de\/wp-json\/wp\/v2\/media?parent=613"}],"wp:term":[{"taxonomy":"product_brand","embeddable":true,"href":"https:\/\/pwent.lionstackailab.hu\/de\/wp-json\/wp\/v2\/product_brand?post=613"},{"taxonomy":"product_cat","embeddable":true,"href":"https:\/\/pwent.lionstackailab.hu\/de\/wp-json\/wp\/v2\/product_cat?post=613"},{"taxonomy":"product_tag","embeddable":true,"href":"https:\/\/pwent.lionstackailab.hu\/de\/wp-json\/wp\/v2\/product_tag?post=613"}],"curies":[{"name":"wp","href":"https:\/\/api.w.org\/{rel}","templated":true}]}}