{"id":601,"date":"2026-03-19T13:34:43","date_gmt":"2026-03-19T13:34:43","guid":{"rendered":"https:\/\/pwent.lionstackailab.hu\/?post_type=product&#038;p=601"},"modified":"2026-03-19T13:35:10","modified_gmt":"2026-03-19T13:35:10","slug":"htf34-gazpalack-viztolto-csatlakozo-din-477-w-288-x-1814","status":"publish","type":"product","link":"https:\/\/pwent.lionstackailab.hu\/de\/termek\/htf34-gazpalack-viztolto-csatlakozo-din-477-w-288-x-1814\/","title":{"rendered":"HTF34 Flaschenf\u00fcllanschluss DIN 477 W 28,8 X 1,814"},"content":{"rendered":"<p>A term\u00e9k alkalmas a 25E menettel rendelkez\u0151 palackok v\u00edzzel val\u00f3 felt\u00f6lt\u00e9s\u00e9re. Nem \u00e1llja a magas nyom\u00e1st, kiz\u00e1r\u00f3lag csak t\u00f6lt\u00e9sre haszn\u00e1lhat\u00f3.\u00a0Lehet\u0151v\u00e9 teszi a g\u00e1zpalackban rekedt leveg\u0151 elt\u00e1voz\u00e1s\u00e1t. Nyomon k\u00f6vethet\u0151 a g\u00e1zpalackok t\u00f6lt\u00f6tts\u00e9g\u00e9nek az \u00e1llapota.<\/p>","protected":false},"excerpt":{"rendered":"<p>G\u00e1zpalack v\u00edzt\u00f6lt\u0151 csatlakoz\u00f3 DIN 477 W 28,8 X 1,814. Nyom\u00f3pr\u00f3bapad kieg\u00e9sz\u00edt\u0151 csatlakoz\u00f3. Lehet\u0151v\u00e9 teszi a g\u00e1zpalackban rekedt leveg\u0151 elt\u00e1voz\u00e1s\u00e1t. Nyomon k\u00f6vethet\u0151 a g\u00e1zpalackok t\u00f6lt\u00f6tts\u00e9g\u00e9nek az \u00e1llapota.<\/p>","protected":false},"featured_media":656,"template":"","meta":[],"product_brand":[],"product_cat":[75,31],"product_tag":[166,167,146],"class_list":{"0":"post-601","1":"product","2":"type-product","3":"status-publish","4":"has-post-thumbnail","6":"product_cat-kiegeszitok","7":"product_cat-termekek","8":"product_tag-25e","9":"product_tag-csatlakozo","10":"product_tag-kiegeszito","12":"first","13":"instock","14":"shipping-taxable","15":"purchasable","16":"product-type-simple"},"_links":{"self":[{"href":"https:\/\/pwent.lionstackailab.hu\/de\/wp-json\/wp\/v2\/product\/601","targetHints":{"allow":["GET"]}}],"collection":[{"href":"https:\/\/pwent.lionstackailab.hu\/de\/wp-json\/wp\/v2\/product"}],"about":[{"href":"https:\/\/pwent.lionstackailab.hu\/de\/wp-json\/wp\/v2\/types\/product"}],"wp:featuredmedia":[{"embeddable":true,"href":"https:\/\/pwent.lionstackailab.hu\/de\/wp-json\/wp\/v2\/media\/656"}],"wp:attachment":[{"href":"https:\/\/pwent.lionstackailab.hu\/de\/wp-json\/wp\/v2\/media?parent=601"}],"wp:term":[{"taxonomy":"product_brand","embeddable":true,"href":"https:\/\/pwent.lionstackailab.hu\/de\/wp-json\/wp\/v2\/product_brand?post=601"},{"taxonomy":"product_cat","embeddable":true,"href":"https:\/\/pwent.lionstackailab.hu\/de\/wp-json\/wp\/v2\/product_cat?post=601"},{"taxonomy":"product_tag","embeddable":true,"href":"https:\/\/pwent.lionstackailab.hu\/de\/wp-json\/wp\/v2\/product_tag?post=601"}],"curies":[{"name":"wp","href":"https:\/\/api.w.org\/{rel}","templated":true}]}}