{"id":591,"date":"2026-03-19T13:34:43","date_gmt":"2026-03-19T13:34:43","guid":{"rendered":"https:\/\/pwent.lionstackailab.hu\/?post_type=product&#038;p=591"},"modified":"2026-03-19T13:35:06","modified_gmt":"2026-03-19T13:35:06","slug":"egyedi-tervezesu-paletta","status":"publish","type":"product","link":"https:\/\/pwent.lionstackailab.hu\/de\/termek\/egyedi-tervezesu-paletta\/","title":{"rendered":"Egyedi tervez\u00e9s\u0171 paletta"},"content":{"rendered":"<p>Ha saj\u00e1t t\u00edpussal rendelkezik, ha egyedi ig\u00e9nye van, k\u00e9rem keressen benn\u00fcnket. Szakembereink megtervezik, be\u00e1razz\u00e1k, legy\u00e1rtjuk gyorsan, j\u00f3 hat\u00e1rid\u0151vel. A f\u0151 g\u00e1zgy\u00e1rak r\u00e9sz\u00e9re m\u00e1r gy\u00e1rtunk. Linde, Air Liquide&#8230;legyen partner\u00fcnk \u00d6n is<\/p>\n<p>K\u00e9rem mondja el mit szeretne, vagy ha m\u00e1r tudja akkor k\u00fcldje el rajzait. Tervez\u0151ink, tapasztalatunk, min\u0151s\u00edtett hegeszt\u0151ink, horganyz\u00e1si k\u00e9pess\u00e9g\u00fcnk, robothegeszt\u0151ink, garancia r\u00e1, hogy az \u00d6n term\u00e9ket j\u00f3 hat\u00e1rid\u0151vel els\u0151 oszt\u00e1ly\u00fa min\u0151s\u00e9gben tudjuk sz\u00e1ll\u00edtani.<\/p>\n<p>Keressen benn\u00fcnket<\/p>","protected":false},"excerpt":{"rendered":"<p>Ha saj\u00e1t t\u00edpussal rendelkezik, ha egyedi ig\u00e9nye van, k\u00e9rem keressen benn\u00fcnket. Szakembereink megtervezik, be\u00e1razz\u00e1k, legy\u00e1rtjuk gyorsan, j\u00f3 hat\u00e1rid\u0151vel. A f\u0151 g\u00e1zgy\u00e1rak r\u00e9sz\u00e9re m\u00e1r gy\u00e1rtunk. <strong>Linde, Air Liquide&#8230;<\/strong>legyen partner\u00fcnk \u00d6n is<\/p>","protected":false},"featured_media":647,"template":"","meta":[],"product_brand":[],"product_cat":[158,31],"product_tag":[164,159,90],"class_list":{"0":"post-591","1":"product","2":"type-product","3":"status-publish","4":"has-post-thumbnail","6":"product_cat-gazpalack-szallito-fem-paletta","7":"product_cat-termekek","8":"product_tag-egyedi","9":"product_tag-femszerkezet","10":"product_tag-paletta","12":"first","13":"instock","14":"shipping-taxable","15":"purchasable","16":"product-type-simple"},"_links":{"self":[{"href":"https:\/\/pwent.lionstackailab.hu\/de\/wp-json\/wp\/v2\/product\/591","targetHints":{"allow":["GET"]}}],"collection":[{"href":"https:\/\/pwent.lionstackailab.hu\/de\/wp-json\/wp\/v2\/product"}],"about":[{"href":"https:\/\/pwent.lionstackailab.hu\/de\/wp-json\/wp\/v2\/types\/product"}],"wp:featuredmedia":[{"embeddable":true,"href":"https:\/\/pwent.lionstackailab.hu\/de\/wp-json\/wp\/v2\/media\/647"}],"wp:attachment":[{"href":"https:\/\/pwent.lionstackailab.hu\/de\/wp-json\/wp\/v2\/media?parent=591"}],"wp:term":[{"taxonomy":"product_brand","embeddable":true,"href":"https:\/\/pwent.lionstackailab.hu\/de\/wp-json\/wp\/v2\/product_brand?post=591"},{"taxonomy":"product_cat","embeddable":true,"href":"https:\/\/pwent.lionstackailab.hu\/de\/wp-json\/wp\/v2\/product_cat?post=591"},{"taxonomy":"product_tag","embeddable":true,"href":"https:\/\/pwent.lionstackailab.hu\/de\/wp-json\/wp\/v2\/product_tag?post=591"}],"curies":[{"name":"wp","href":"https:\/\/api.w.org\/{rel}","templated":true}]}}