{"id":527,"date":"2026-03-19T13:34:28","date_gmt":"2026-03-19T13:34:28","guid":{"rendered":"https:\/\/pwent.lionstackailab.hu\/?post_type=product&#038;p=527"},"modified":"2026-03-19T13:34:41","modified_gmt":"2026-03-19T13:34:41","slug":"gbm-mix-p16","status":"publish","type":"product","link":"https:\/\/pwent.lionstackailab.hu\/de\/termek\/gbm-mix-p16\/","title":{"rendered":"GBM MIX\/P16"},"content":{"rendered":"<p>G\u00e1zpalack k\u00f6tegekbe t\u00f6lt\u00f6tt g\u00e1zok kever\u00e9se. G\u00e1zok homogeniz\u00e1l\u00e1sa. A kever\u0151 lehet\u0151v\u00e9 teszi a komplett g\u00e1zpalack k\u00f6teg megford\u00edt\u00e1s\u00e1t \u00e9s kever\u0151programj\u00e1val felgyors\u00edtja a g\u00e1zkever\u00e9kek homogeniz\u00e1l\u00e1s\u00e1t vagy az olt\u00f3g\u00e1zok (FM200, NOVEC1230&#8230;) nitrog\u00e9nnel \u00a0t\u00f6rt\u00e9n\u0151 kevered\u00e9s\u00e9t, diff\u00fazi\u00f3j\u00e1t<\/p>\n<hr \/>\n<p><strong>Let\u00f6lthet\u0151 anyagok<\/strong><\/p>\n<p><a href=\"https:\/\/pwent.eu\/wp-content\/uploads\/2016\/06\/mix_inverter_GBMIX_P1216.pdf\" rel=\"\">G\u00e1zkever\u0151 GBMIX P16<\/a><\/p>","protected":false},"excerpt":{"rendered":"<p>G\u00e1zpalack k\u00f6tegekbe t\u00f6lt\u00f6tt g\u00e1zok kever\u00e9se. G\u00e1zok homogeniz\u00e1l\u00e1sa. A kever\u0151 lehet\u0151v\u00e9 teszi a komplett g\u00e1zpalack k\u00f6teg megford\u00edt\u00e1s\u00e1t \u00e9s kever\u0151programj\u00e1val felgyors\u00edtja a g\u00e1zkever\u00e9kek homogeniz\u00e1l\u00e1s\u00e1t vagy az olt\u00f3g\u00e1zok (FM200, NOVEC1230&#8230;) nitrog\u00e9nnel \u00a0t\u00f6rt\u00e9n\u0151 kevered\u00e9s\u00e9t, diff\u00fazi\u00f3j\u00e1t<\/p>","protected":false},"featured_media":582,"template":"","meta":[],"product_brand":[],"product_cat":[31,71],"product_tag":[155,153],"class_list":{"0":"post-527","1":"product","2":"type-product","3":"status-publish","4":"has-post-thumbnail","6":"product_cat-termekek","7":"product_cat-transzfer-gepek-fm200-novec-es-inert-oltogazokhoz","8":"product_tag-gazpalack-koteg","9":"product_tag-kevero","11":"first","12":"instock","13":"featured","14":"shipping-taxable","15":"purchasable","16":"product-type-simple"},"_links":{"self":[{"href":"https:\/\/pwent.lionstackailab.hu\/de\/wp-json\/wp\/v2\/product\/527","targetHints":{"allow":["GET"]}}],"collection":[{"href":"https:\/\/pwent.lionstackailab.hu\/de\/wp-json\/wp\/v2\/product"}],"about":[{"href":"https:\/\/pwent.lionstackailab.hu\/de\/wp-json\/wp\/v2\/types\/product"}],"wp:featuredmedia":[{"embeddable":true,"href":"https:\/\/pwent.lionstackailab.hu\/de\/wp-json\/wp\/v2\/media\/582"}],"wp:attachment":[{"href":"https:\/\/pwent.lionstackailab.hu\/de\/wp-json\/wp\/v2\/media?parent=527"}],"wp:term":[{"taxonomy":"product_brand","embeddable":true,"href":"https:\/\/pwent.lionstackailab.hu\/de\/wp-json\/wp\/v2\/product_brand?post=527"},{"taxonomy":"product_cat","embeddable":true,"href":"https:\/\/pwent.lionstackailab.hu\/de\/wp-json\/wp\/v2\/product_cat?post=527"},{"taxonomy":"product_tag","embeddable":true,"href":"https:\/\/pwent.lionstackailab.hu\/de\/wp-json\/wp\/v2\/product_tag?post=527"}],"curies":[{"name":"wp","href":"https:\/\/api.w.org\/{rel}","templated":true}]}}