{"id":526,"date":"2026-03-19T13:34:28","date_gmt":"2026-03-19T13:34:28","guid":{"rendered":"https:\/\/pwent.lionstackailab.hu\/?post_type=product&#038;p=526"},"modified":"2026-03-19T13:34:41","modified_gmt":"2026-03-19T13:34:41","slug":"gh2-gumihevederes-soretezo-gep","status":"publish","type":"product","link":"https:\/\/pwent.lionstackailab.hu\/de\/termek\/gh2-gumihevederes-soretezo-gep\/","title":{"rendered":"GH2 gumihevederes s\u00f6r\u00e9tez\u0151 g\u00e9p"},"content":{"rendered":"<p>Gumiheveder 950 mm sz\u00e9less\u00e9g, 900 mm \u00e1tm\u00e9r\u0151j\u0171 t\u00e1rcsa. T\u00f6ltet 0,27 m3, 400 kg \u00f6sszesen, max 7 kg alkatr\u00e9sz s\u00faly. \u00a0Sapk\u00e1k alkatr\u00e9szek tiszt\u00edt\u00e1s\u00e1hoz.\u00a0\u00a0A GH \u00a0t\u00edp. szemcsesz\u00f3r\u00f3 berendez\u00e9s els\u0151sorban \u00f6nt\u00f6tt, kov\u00e1csolt, sajtolt alkatr\u00e9szek \u00f6mlesztett \u00e1llapotban t\u00f6rt\u00e9n\u0151 szemcsesz\u00f3r\u00e1sos fel\u00fclettiszt\u00edt\u00e1s\u00e1ra, fel\u00fclet kezel\u00e9s\u00e9re aj\u00e1nlott.<\/p>\n<h2>Lehets\u00e9ges opci\u00f3k<\/h2>\n<ul>\n<li>Automata hidraulikus t\u00f6lt\u0151 berendez\u00e9s<\/li>\n<li>Sz\u00f3r\u00f3ker\u00e9k elektronikus fordulatszab\u00e1lyoz\u00e1sa<\/li>\n<li>Gumiheveder sebess\u00e9g\u00e9nek elektronikus szab\u00e1lyoz\u00e1sa<\/li>\n<\/ul>\n<p><strong>Elrendez\u00e9s rajz:\u00a0<\/strong><\/p>\n<h2><\/h2>\n<h2>\u00c1ltal\u00e1nos le\u00edr\u00e1s<\/h2>\n<p>A GH t\u00edp. szemcsesz\u00f3r\u00f3 berendez\u00e9s els\u0151sorban \u00f6nt\u00f6tt, kov\u00e1csolt, sajtolt alkatr\u00e9szek \u00f6mlesztett \u00e1llapotban t\u00f6rt\u00e9n\u0151 szemcsesz\u00f3r\u00e1sos fel\u00fclettiszt\u00edt\u00e1s\u00e1ra, fel\u00fclet kezel\u00e9s\u00e9re aj\u00e1nlott.\u00a0A berendez\u00e9s egy darab sz\u00f3r\u00f3fejjel rendelkezik.\u00a0A sz\u00f3r\u00f3fej axi\u00e1lis gravit\u00e1ci\u00f3s sz\u00f3r\u00f3anyag bevezet\u00e9s\u0171, mechanikus el\u0151gyors\u00edt\u00f3val rendelkez\u0151 6 lap\u00e1tos konstrukci\u00f3, pontos sz\u00f3r\u00f3anyagsug\u00e1r be\u00e1ll\u00edt\u00e1si lehet\u0151s\u00e9ggel.<\/p>\n<p>A szemcsesz\u00f3rand\u00f3 alkatr\u00e9szeket a g\u00e9p el\u0151oldal\u00e1n lev\u0151 ajt\u00f3n kell a gumihevederre helyezni. A gumiheveder forg\u00e1s\u00e1val a munkadarabok a g\u00e9ph\u00e1zon bel\u00fcl egym\u00e1son leg\u00f6rd\u00fcl\u0151 mozg\u00e1st v\u00e9geznek mik\u00f6zben a sz\u00f3r\u00f3fejb\u0151l kisz\u00f3rt szemcse a teljes fel\u00fclet\u00fcket letiszt\u00edtja.<\/p>\n<p><strong>Opci\u00f3s t\u00e9telk\u00e9nt<\/strong> tudunk sz\u00e1ll\u00edtani a berendez\u00e9shez automata hidraulikus t\u00f6lt\u0151 berendez\u00e9st, amely az el\u0151re elk\u00e9sz\u00edtett egys\u00e9grakatot a berendez\u00e9sbe bet\u00f6lti.<\/p>\n<p>Az optim\u00e1lis fel\u00fcleti tisztas\u00e1g \u00e9rdek\u00e9ben a kisz\u00f3rt sz\u00f3r\u00f3anyag mennyis\u00e9ge \u00e9s a sz\u00f3r\u00e1si id\u0151tartam fokozatmentesen \u00e1ll\u00edthat\u00f3. Opci\u00f3s t\u00e9telk\u00e9nt a sz\u00f3r\u00f3fej fordulatsz\u00e1ma frekvenciav\u00e1lt\u00f3 szab\u00e1lyz\u00f3val szerelten is k\u00e9sz\u00fclhet.<\/p>\n<p>A sz\u00f3r\u00f3fej fordulatsz\u00e1m\u00e1nak v\u00e1ltoztat\u00e1s\u00e1val a becsap\u00f3d\u00f3 sz\u00f3r\u00f3anyag szemcse sebess\u00e9g\u00e9t lehet cs\u00f6kkenteni, vagy n\u00f6velni.\u00a0A sz\u00f3r\u00f3t\u00e9r akt\u00edv szemcsesug\u00e1r z\u00f3n\u00e1ba es\u0151 bels\u0151 fel\u00fclete nagy kop\u00e1s\u00e1ll\u00f3s\u00e1g\u00fa mang\u00e1nac\u00e9l burkolattal rendelkezik.\u00a0Szemcsesz\u00f3r\u00e1s csak a kabin z\u00e1rt ajt\u00f3ja mellett lehets\u00e9ges, mely t\u00f6k\u00e9letes szemcsekipattan\u00e1s elleni v\u00e9delmet ny\u00fajt.\u00a0A sz\u00f3r\u00f3anyag z\u00e1rt \u00e9s folyamatos cirkul\u00e1ci\u00f3j\u00e1t serleges elev\u00e1tor, sz\u00f3r\u00f3anyag tiszt\u00edt\u00f3 egys\u00e9g \u00e9s adagol\u00f3 biztos\u00edtja.\u00a0A megtiszt\u00edtott alkatr\u00e9szeket a sz\u00f3r\u00e1s befejez\u00e9se \u00e9s az ajt\u00f3 kinyit\u00e1sa ut\u00e1n a gumiheveder visszaforgat\u00e1s\u00e1val lehet a munkat\u00e9rb\u0151l kit\u00e1rolni.\u00a0A szemcsesz\u00f3r\u00e1s sor\u00e1n keletkez\u0151 por elsz\u00edv\u00e1s\u00e1ra \u00e9s lev\u00e1laszt\u00e1s\u00e1ra patronos rendszer\u0171 porelsz\u00edv\u00f3-porlev\u00e1laszt\u00f3 berendez\u00e9s szolg\u00e1l.\u00a0A berendez\u00e9s k\u00f6zponti vez\u00e9rl\u0151szekr\u00e9nyr\u0151l m\u0171k\u00f6dtethet\u0151. Szerviz c\u00e9lokra k\u00e9zi \u00fczemm\u00f3d, \u00fczemszer\u0171 haszn\u00e1latra automatikus \u00fczemm\u00f3d bekapcsol\u00e1sa lehets\u00e9ges.<\/p>\n<p>&nbsp;<\/p>\n<h3><strong>Porelsz\u00edv\u00e1s,- porlev\u00e1laszt\u00e1s<\/strong><\/h3>\n<p><strong>Feladata:<\/strong><br \/>\nA szemcsesz\u00f3r\u00e1s sor\u00e1n keletkez\u0151 por munkat\u00e9rb\u0151l t\u00f6rt\u00e9n\u0151 elsz\u00edv\u00e1sa \u00e9s a por k\u00f6rnyezetbe t\u00f6rt\u00e9n\u0151 kijut\u00e1s\u00e1nak megakad\u00e1lyoz\u00e1sa.<\/p>\n<p><strong>A porelsz\u00edv\u00f3 rendszer elemei:<\/strong><br \/>\nRadi\u00e1l elsz\u00edv\u00f3 ventil\u00e1tor, patronos porlev\u00e1laszt\u00f3, elsz\u00edv\u00f3 cs\u00f6vez\u00e9s.\u00a0Az elsz\u00edvott \u00e9s megtiszt\u00edtott leveg\u0151 visszakeringtethet\u0151,. vagy a k\u00fclt\u00e9rbe vezethet\u0151.\u00a0A porlev\u00e1laszt\u00f3 ut\u00e1ni, tiszt\u00edtott leveg\u0151 portartama: max 3 mg\/m3.<\/p>\n<h3><\/h3>\n<h3><strong>Biztons\u00e1gtechnikai elemek<\/strong><\/h3>\n<p>Az \u00e9ksz\u00edjak \u00e9s a l\u00e1nchajt\u00e1sok hozz\u00e1f\u00e9rhetetlens\u00e9get biztos\u00edt\u00f3 burkolattal vannak ell\u00e1tva.\u00a0A g\u00e9ph\u00e1zon lev\u0151 ajt\u00f3k elektromos reteszel\u00e9ssel biztos\u00edtj\u00e1k, hogy nyitott ajt\u00f3val ne lehessen ind\u00edtani a g\u00e9pet, illetve az ajt\u00f3 kinyit\u00e1sa eset\u00e9n a berendez\u00e9s azonnal le\u00e1ll.\u00a0A vez\u00e9rl\u0151szekr\u00e9nyen lev\u0151 elektromos berendez\u00e9sek z\u00e1rral biztos\u00edtottak illet\u00e9ktelen m\u0171k\u00f6dtet\u00e9s ellen.\u00a0Porelsz\u00edv\u00e1s n\u00e9lk\u00fcl a sz\u00f3r\u00e1si folyamat nem ind\u00edthat\u00f3.<br \/>\nA berendez\u00e9sen 2 db v\u00e9szle\u00e1ll\u00edt\u00f3 gomb tal\u00e1lhat\u00f3, b\u00e1rmelyik megnyom\u00e1s\u00e1val a berendez\u00e9s azonnal le\u00e1ll.\u00a0A berendez\u00e9s minden egys\u00e9ge be van k\u00f6tve a vezet\u00e9kes \u00e9rint\u00e9sv\u00e9delmi rendszerbe.\u00a0A t\u00e1pk\u00e1belek t\u00f6mszelenc\u00e9n v\u00e9d\u0151cs\u0151ben vannak a motorokhoz vezetve.<br \/>\nA berendez\u00e9s villamos egys\u00e9gei el vannak l\u00e1tva a sz\u00fcks\u00e9ges szabv\u00e1nyos jelz\u00e9sekkel<\/p>\n<h3><\/h3>\n<h3><strong>A berendez\u00e9s k\u00f6rnyezetre gyakorolt hat\u00e1sa<\/strong><\/h3>\n<p><strong>A szemcsesz\u00f3r\u00f3 berendez\u00e9s zajszintje.\u00a0<\/strong>A g\u00e9p \u00e1ltal keltett zaj a g\u00e9p k\u00f6zvetlen k\u00f6zel\u00e9ben m\u00e9rve 80-84 db(A) \u00e9rt\u00e9kre v\u00e1rhat\u00f3.<br \/>\nA porelsz\u00edv\u00f3 \u00e9s porlev\u00e1laszt\u00f3 egys\u00e9g \u00e1ltal keltett zaj \u00e9rt\u00e9ke a 75 \u00e9s 78 db(A). A megadott \u00e9rt\u00e9kekn\u00e9l magasabb zaj v\u00e1rhat\u00f3 a patronok visszatiszt\u00edt\u00e1s\u00e1t v\u00e9gz\u0151 szelepek m\u0171k\u00f6dtet\u00e9s\u00e9n\u00e9l \u2013 ekkor az impulzus zajszint 80 db(A) \u00e9rt\u00e9k k\u00f6r\u00fcl alakul.<br \/>\n<strong>K\u00f6rnyezeti porterhel\u00e9s.\u00a0<\/strong>Az aj\u00e1nlatban le\u00edrtaknak megfelel\u0151en a porsz\u0171r\u0151 ut\u00e1n a leveg\u0151 porszennyezetts\u00e9ge\u00a03 mg\/m3 alatt van. Ezt az eddig elv\u00e9gzett m\u00e9r\u00e9sek is igazolj\u00e1k. Az \u00f6sszes megsz\u0171rt leveg\u0151 mennyis\u00e9ge a k\u00f6rnyezetbe kivezethet\u0151. A berendez\u00e9sen a sz\u00f3r\u00e1sra haszn\u00e1latos sz\u00f3r\u00f3anyag ac\u00e9lszemcse lesz. a tiszt\u00edtand\u00f3 alkatr\u00e9szek anyag\u00e1t\u00f3l f\u00fcgg\u0151en a leveg\u0151 porszennyez\u0151 anyag tartalmazhat fibrog\u00e9n anyagokat, amelyen az idevonatkoz\u00f3 \u201eMunkahelyek leveg\u0151tisztas\u00e1gi k\u00f6vetelm\u00e9nyei \u2013 Sz\u00e1ll\u00f3 porok\u201d \u2013 MSZ-21461-2:1992 szabv\u00e1ny 2. pontja \u00e9rtelm\u00e9ben kell d\u00f6nteni a sz\u0171rt leveg\u0151 sors\u00e1r\u00f3l.<\/p>\n<h2>Sz\u00e1ll\u00edt\u00e1si egys\u00e9gek<\/h2>\n<p><strong>G\u00e9ph\u00e1z (sz\u00f3r\u00f3 t\u00e9r)\u00a0<\/strong>A g\u00e9ph\u00e1z hegesztett lemezkonstrukci\u00f3, profilac\u00e9l merev\u00edt\u00e9ssel. A bels\u0151 fel\u00fclet mang\u00e1nac\u00e9l kop\u00e1sv\u00e9delemmel rendelkezik. A g\u00e9ph\u00e1z tetej\u00e9re van felszerelve az ABR 380 tip. sz\u00f3r\u00f3turbina.\u00a0A sz\u00f3r\u00f3fejet 5,5 vagy 7,5 kW teljes\u00edtm\u00e9ny\u0171 2800 f\/perc fordulat\u00fa elektromotor hajtja n\u00e9gy \u00e9ksz\u00edjjal. Az \u00e9ksz\u00edjfesz\u00edt\u00e9s a motortart\u00f3 billent\u00e9s\u00e9vel oldhat\u00f3 meg.<br \/>\nA g\u00e9ph\u00e1z alja k\u00fapos v\u00e1ly\u00fas kik\u00e9pz\u00e9s\u0171. Ebben t\u00f6rt\u00e9nik a lehullott szemcse \u00e9s nehezebb szennyez\u0151d\u00e9s \u00f6sszegy\u0171jt\u00e9se. A k\u00fapos v\u00e1ly\u00faban sz\u00e1ll\u00edt\u00f3 csiga tal\u00e1lhat\u00f3, amely a sz\u00f3r\u00f3anyagot a serleges elev\u00e1torhoz sz\u00e1ll\u00edtja. A g\u00e9ph\u00e1zon helyezkedik el a gumihevedert forgat\u00f3 hajt\u00f3m\u0171.<br \/>\nA hajtott,v\u00e9gtelen\u00edtett gumiheveder folyamatos mozg\u00e1sban tartja a be\u00f6mlesztett alkatr\u00e9szeket.\u00a0A g\u00e9ph\u00e1zban k\u00e9pz\u0151d\u0151 por elsz\u00edv\u00e1s\u00e1ra a g\u00e9ph\u00e1zon elsz\u00edv\u00f3 csonk van kik\u00e9pezve, melyen kereszt\u00fcl a g\u00e9ph\u00e1z a komplett g\u00e9p porelsz\u00edv\u00f3 h\u00e1l\u00f3zat\u00e1ra van csatlakoztatva.<br \/>\n<strong>Mang\u00e1n kop\u00e1sv\u00e9delem\u00a0<\/strong>A sz\u00f3r\u00f3t\u00e9r teljes bels\u0151 fel\u00fclete speci\u00e1lis kop\u00e1s\u00e1ll\u00f3 mang\u00e1n lemezzel van bor\u00edtva. A lemez vastags\u00e1ga 5-8 mm. A kop\u00e1sv\u00e9delem hossz\u00fa ideig v\u00e9di a g\u00e9p szerkezeti egys\u00e9geit a sz\u00f3r\u00f3sug\u00e1r k\u00e1ros koptat\u00f3 hat\u00e1sait\u00f3l.\u00a0A 13% mang\u00e1ntartalm\u00fa ac\u00e9l jellemz\u0151 tulajdons\u00e1ga, hogy a szemcse \u00fct\u0151-koptat\u00f3 hat\u00e1s\u00e1ra a fel\u00fclete egyre kem\u00e9nyebb lesz. (Hadfield ac\u00e9l).\u00a0A mang\u00e1nac\u00e9l hegeszt\u00e9se speci\u00e1lis elektr\u00f3d\u00e1kkal t\u00f6rt\u00e9nik, amelyek az alapanyagnak megfelel\u0151 kop\u00e1sv\u00e9delmi tulajdons\u00e1gokkal rendelkeznek.<br \/>\n<strong>Serleges elev\u00e1tor, karbantart\u00f3 p\u00f3diummal.\u00a0<\/strong>F\u0151 r\u00e9szei: als\u00f3 sz\u00e1relem, fels\u0151 sz\u00e1relem \u00e9s a fej. Az als\u00f3 sz\u00e1relem mag\u00e1ba foglalja az elev\u00e1tor als\u00f3 dobj\u00e1t, a csap\u00e1gyaz\u00e1ssal. Az als\u00f3 sz\u00e1relem \u00e9lhajl\u00edtott lemezb\u0151l hegesztett konstrukci\u00f3, oldal\u00e1n csatlakoz\u00f3 keretekkel a kereszt sz\u00e1ll\u00edt\u00f3 csiga \u00f6sszekapcsol\u00e1s\u00e1hoz. A fels\u0151 sz\u00e1relem egyszer\u0171 t\u00e9glalap keresztmetszet\u0171 \u00f6nhord\u00f3 szerkezet. Ezen tal\u00e1lhat\u00f3 a heveder szerel\u00e9s\u00e9hez sz\u00fcks\u00e9ges szerel\u0151ny\u00edl\u00e1s.\u00a0A fej a serleges elev\u00e1tor hajt\u00e1s\u00e1t biztos\u00edt\u00f3 dobb\u00f3l, l\u00e1ncfesz\u00edt\u0151 szerkezetb\u0151l \u00e9s kiad\u00f3ny\u00edl\u00e1sb\u00f3l \u00e1ll.<br \/>\nA fej a fels\u0151 sz\u00e1rhoz csavark\u00f6t\u00e9ssel csatlakozik. A fejben lev\u0151 hajt\u00f3dob a serleges heveder hajt\u00e1s\u00e1t v\u00e9gzi, mely egy\u00fattal a heveder fesz\u00edt\u00e9s\u00e9re is szolg\u00e1l. \u00a0A serlegek v\u00e9gtelen\u00edtett sz\u00f6vetbet\u00e9tes gumihevederre vannak csavark\u00f6t\u00e9ssel er\u0151s\u00edtve.\u00a0Sz\u00e1ll\u00edt\u00e1si kapacit\u00e1s: 4 m3\/\u00f3ra, Hajt\u00f3m\u0171 teljes\u00edtm\u00e9ny: 0,75 kW<\/p>\n<p><strong>Sz\u00f3r\u00f3anyag-tiszt\u00edt\u00f3 \u00e9s adagol\u00f3 tart\u00e1ly.\u00a0<\/strong>Finomlemezb\u0151l hegesztett, sz\u00edvott rendszer\u0171 k\u00e9tl\u00e9pcs\u0151s sz\u00f3r\u00f3anyag szelekt\u00e1l\u00f3 berendez\u00e9s. A l\u00e9pcs\u0151k fel\u00fclete mang\u00e1nlemezb\u0151l k\u00e9sz\u00fcl. Ajtaj\u00e1n sz\u00edv\u00f3ny\u00edl\u00e1sok tal\u00e1lhat\u00f3k. A sz\u00e9lfajt\u00e1z\u00f3 h\u00e1ts\u00f3 v\u00e9g\u00e9re cs\u0151csonk van felszerelve. Ennek b\u00e1rmelyik v\u00e9g- pontj\u00e1ra csatlakozhat a l\u00e9gsebess\u00e9get szab\u00e1lyoz\u00f3 pillang\u00f3szelep.\u00a0A szemcsetiszt\u00edt\u00f3ba be van integr\u00e1lva egy forg\u00f3 rosta, amely a nagyobb m\u00e9ret\u0171 szennyez\u0151d\u00e9seket kiv\u00e1lasztja \u00e9s egy m\u00e1gneses dob, amely a homok szennyez\u0151d\u00e9st lev\u00e1lasztja a szemcse\u00e1ramb\u00f3l.<\/p>\n<p>A sz\u00e9lfajt\u00e1z\u00f3 \u00e1ltal lev\u00e1lasztott porszennyez\u0151d\u00e9s gumics\u00f6v\u00f6n t\u00e1vozik a portart\u00e1lyba.\u00a0A megtiszt\u00edtott szemcse az adagol\u00f3-puffertart\u00e1lyba surran.\u00a0A sz\u00f3r\u00f3anyag tiszt\u00edt\u00f3ban szelekt\u00e1lt sz\u00f3r\u00f3anyag az adagol\u00f3tart\u00e1lyban gy\u0171lik \u00f6ssze. Az adagol\u00f3 tart\u00e1ly alj\u00e1n szektorz\u00e1r biztos\u00edtja a sz\u00f3r\u00f3fejek szemcseell\u00e1t\u00e1s\u00e1nak szab\u00e1lyoz\u00e1s\u00e1t.\u00a0A szektor z\u00e1r pneumatikus m\u0171k\u00f6dtet\u00e9s\u0171. \u00dctk\u00f6z\u0151k \u00e1ll\u00edt\u00e1s\u00e1val be\u00e1ll\u00edthat\u00f3 a kisz\u00f3rni k\u00edv\u00e1nt szemcse mennyis\u00e9g.\u00a0A tart\u00e1lyba ker\u00fcl\u0151 sz\u00f3r\u00f3anyag csak egy bels\u0151 rost\u00e1n kereszt\u00fcl folyhat le, melyen fennakadnak azok a nagym\u00e9ret\u0171 szennyez\u0151d\u00e9sek, melyek a sz\u00f3r\u00f3tart\u00e1lyba jutva zavarokat okozhatnak. Tart\u00e1ly t\u00e9rfogat: 0,25 m3- lefoly\u00f3ny\u00edl\u00e1sok sz\u00e1ma: 1.db<br \/>\nA lefoly\u00f3 csonkokb\u00f3l a sz\u00f3r\u00f3anyag kop\u00e1s\u00e1ll\u00f3 gumit\u00f6ml\u0151k\u00f6n folyik a sz\u00f3r\u00f3turbin\u00e1khoz.<\/p>\n<h2><\/h2>\n<p>&nbsp;<\/p>\n<h2>M\u0171szaki adatok<\/h2>\n<p><strong>Gumiheveder:<\/strong><\/p>\n<ul>\n<li>Sz\u00e9less\u00e9g: 950 mm<\/li>\n<li>Heveder t\u00e1rcsa \u00e1tm\u00e9r\u0151: 900 mm<\/li>\n<li>Maximum t\u00f6ltet t\u00e9rfogat: 0,27 m3<\/li>\n<li>Maximum t\u00f6ltet s\u00faly: 400 kg<\/li>\n<li>Munkadarab alkatr\u00e9szs\u00faly: 7 kg<\/li>\n<li>Sz\u00f3rand\u00f3 anyag min\u0151s\u00e9ge: ac\u00e9l<\/li>\n<\/ul>\n<p><strong>A szemcsesz\u00f3r\u00f3 g\u00e9p befoglal\u00f3 m\u00e9retei\u00a0 \u00e9s<\/strong> t<strong>elep\u00edt\u00e9si helyig\u00e9nye<\/strong>: \u00a0<span style=\"line-height: 1.5\">a mell\u00e9kelt rajz szerint<\/span><\/p>\n<p><strong>Sz\u00f3r\u00e1si m\u00f3d:\u00a0<\/strong>sz\u00f3r\u00f3ker\u00e9kkel, k\u00e9zi \u00e9s automata \u00fczemm\u00f3dban<\/p>\n<p><strong>Sz\u00fcks\u00e9ges kiszolg\u00e1l\u00f3 szem\u00e9lyzet:\u00a0<\/strong>1 szem\u00e9ly<\/p>\n<p><strong>Sz\u00f3r\u00f3anyag:\u00a0<\/strong>Ac\u00e9lszemcse GP tipus 0,4-1,2 mm<\/p>\n<p><strong>Sz\u00f3r\u00f3anyag t\u00f6ltet<\/strong>: 350 kg<\/p>\n<p><strong>A g\u00e9p zajterhel\u00e9se a k\u00f6rnyezetre:\u00a0<\/strong>80-84 dB(A)<\/p>\n<p>&nbsp;<\/p>\n<p><strong>Sz\u00f3r\u00f3fejek<\/strong><\/p>\n<p>Sz\u00e1ma: 1 db<\/p>\n<p>T\u00edpusa: ABRD-380<\/p>\n<p>\u00c1tm\u00e9r\u0151: 380 mm<\/p>\n<p>J\u00e1r\u00f3ker\u00e9k fordulatsz\u00e1ma: 2800 fordulat\/perc<\/p>\n<p>Szemcsekisz\u00f3r\u00e1s: 130 kg\/min\/sz\u00f3r\u00f3fej<\/p>\n<p>Hajt\u00e1s teljes\u00edtm\u00e9ny: 7,5 kW\/sz\u00f3r\u00f3fej<\/p>\n<p>&nbsp;<\/p>\n<p>&nbsp;<\/p>\n<p><strong>Energia ig\u00e9ny<\/strong><\/p>\n<p>Elektromos: 14,1 kW<\/p>\n<p><strong>S\u0171r\u00edtett leveg\u0151<\/strong><\/p>\n<p>Nyom\u00e1s: 6 bar<\/p>\n<p>Mennyis\u00e9g: 6 m3\/\u00f3ra<\/p>\n<p><strong>Porelsz\u00edv\u00f3\u00a0ventilator\u00a0teljes\u00edtm\u00e9nye: <\/strong>3500\u00a0m3\/h<\/p>\n<p><strong>Elektromos adatok<\/strong><\/p>\n<p>T\u00e1pfesz\u00fclts\u00e9g: 3 x 400 V<\/p>\n<p>Vez\u00e9rl\u0151fesz\u00fclts\u00e9g: 24 V<\/p>\n<p>Frekvencia: \u00a050 Hz<\/p>\n<p>&nbsp;<\/p>","protected":false},"excerpt":{"rendered":"<p>Gumihevederes s\u00f6r\u00e9tez\u0151 g\u00e9p g\u00e1zpalack alkatr\u00e9szek \u00e9s kisebb g\u00e1zpalackok s\u00f6r\u00e9tez\u00e9s\u00e9hez. A g\u00e9p 950 mm sz\u00e9les, 900 mm \u00e1tm\u00e9r\u0151j\u0171 hevederrel rendelkezik.\u00a0T\u00f6ltet 0,27 m3, 400 kg \u00f6sszesen, max 7 kg alkatr\u00e9sz s\u00faly<\/p>","protected":false},"featured_media":567,"template":"","meta":[],"product_brand":[],"product_cat":[32,121,31],"product_tag":[154,39],"class_list":{"0":"post-526","1":"product","2":"type-product","3":"status-publish","4":"has-post-thumbnail","6":"product_cat-gazpalack-nyomasproba-es-felujitas","7":"product_cat-gazpalackok-kulso-tisztitasa","8":"product_cat-termekek","9":"product_tag-gumiheveder","10":"product_tag-soretezes","12":"first","13":"instock","14":"shipping-taxable","15":"purchasable","16":"product-type-simple"},"_links":{"self":[{"href":"https:\/\/pwent.lionstackailab.hu\/de\/wp-json\/wp\/v2\/product\/526","targetHints":{"allow":["GET"]}}],"collection":[{"href":"https:\/\/pwent.lionstackailab.hu\/de\/wp-json\/wp\/v2\/product"}],"about":[{"href":"https:\/\/pwent.lionstackailab.hu\/de\/wp-json\/wp\/v2\/types\/product"}],"wp:featuredmedia":[{"embeddable":true,"href":"https:\/\/pwent.lionstackailab.hu\/de\/wp-json\/wp\/v2\/media\/567"}],"wp:attachment":[{"href":"https:\/\/pwent.lionstackailab.hu\/de\/wp-json\/wp\/v2\/media?parent=526"}],"wp:term":[{"taxonomy":"product_brand","embeddable":true,"href":"https:\/\/pwent.lionstackailab.hu\/de\/wp-json\/wp\/v2\/product_brand?post=526"},{"taxonomy":"product_cat","embeddable":true,"href":"https:\/\/pwent.lionstackailab.hu\/de\/wp-json\/wp\/v2\/product_cat?post=526"},{"taxonomy":"product_tag","embeddable":true,"href":"https:\/\/pwent.lionstackailab.hu\/de\/wp-json\/wp\/v2\/product_tag?post=526"}],"curies":[{"name":"wp","href":"https:\/\/api.w.org\/{rel}","templated":true}]}}