{"id":524,"date":"2026-03-19T13:34:28","date_gmt":"2026-03-19T13:34:28","guid":{"rendered":"https:\/\/pwent.lionstackailab.hu\/?post_type=product&#038;p=524"},"modified":"2026-03-19T13:34:37","modified_gmt":"2026-03-19T13:34:37","slug":"box-elt-tcs-teljes-vezerloegyseg-beutok-programozasahoz","status":"publish","type":"product","link":"https:\/\/pwent.lionstackailab.hu\/de\/termek\/box-elt-tcs-teljes-vezerloegyseg-beutok-programozasahoz\/","title":{"rendered":"BOX-ELT-TCS teljes vez\u00e9rl\u0151egys\u00e9g be\u00fct\u0151k programoz\u00e1s\u00e1hoz"},"content":{"rendered":"<p>Teljes vez\u00e9rl\u0151egys\u00e9g CPU-val, alaplappal, \u00e1ramell\u00e1t\u00e1ssal, t\u00e1ppal, \u00e9rint\u0151k\u00e9perny\u0151vel \u00e9s csatlakoz\u00f3 egys\u00e9gekkel. A vez\u00e9rl\u0151 egys\u00e9g alkalmas m\u00e1r megl\u00e9v\u0151 be\u00fct\u0151fej programoz\u00e1s\u00e1hoz.<\/p>","protected":false},"excerpt":{"rendered":"<p>Teljes vez\u00e9rl\u0151egys\u00e9g CPU-val, alaplappal, \u00e1ramell\u00e1t\u00e1ssal, t\u00e1ppal, \u00e9rint\u0151k\u00e9perny\u0151vel \u00e9s csatlakoz\u00f3 egys\u00e9gekkel. A vez\u00e9rl\u0151 egys\u00e9g alkalmas m\u00e1r megl\u00e9v\u0151 be\u00fct\u0151fej programoz\u00e1s\u00e1hoz.<\/p>","protected":false},"featured_media":566,"template":"","meta":[],"product_brand":[],"product_cat":[32,138,75,31],"product_tag":[150,146,143,152],"class_list":{"0":"post-524","1":"product","2":"type-product","3":"status-publish","4":"has-post-thumbnail","6":"product_cat-gazpalack-nyomasproba-es-felujitas","7":"product_cat-gazpalackok-jelolese","8":"product_cat-kiegeszitok","9":"product_cat-termekek","10":"product_tag-erintokepernyo","11":"product_tag-kiegeszito","12":"product_tag-mk3-x80","13":"product_tag-vezerles","15":"first","16":"instock","17":"shipping-taxable","18":"purchasable","19":"product-type-simple"},"_links":{"self":[{"href":"https:\/\/pwent.lionstackailab.hu\/de\/wp-json\/wp\/v2\/product\/524","targetHints":{"allow":["GET"]}}],"collection":[{"href":"https:\/\/pwent.lionstackailab.hu\/de\/wp-json\/wp\/v2\/product"}],"about":[{"href":"https:\/\/pwent.lionstackailab.hu\/de\/wp-json\/wp\/v2\/types\/product"}],"wp:featuredmedia":[{"embeddable":true,"href":"https:\/\/pwent.lionstackailab.hu\/de\/wp-json\/wp\/v2\/media\/566"}],"wp:attachment":[{"href":"https:\/\/pwent.lionstackailab.hu\/de\/wp-json\/wp\/v2\/media?parent=524"}],"wp:term":[{"taxonomy":"product_brand","embeddable":true,"href":"https:\/\/pwent.lionstackailab.hu\/de\/wp-json\/wp\/v2\/product_brand?post=524"},{"taxonomy":"product_cat","embeddable":true,"href":"https:\/\/pwent.lionstackailab.hu\/de\/wp-json\/wp\/v2\/product_cat?post=524"},{"taxonomy":"product_tag","embeddable":true,"href":"https:\/\/pwent.lionstackailab.hu\/de\/wp-json\/wp\/v2\/product_tag?post=524"}],"curies":[{"name":"wp","href":"https:\/\/api.w.org\/{rel}","templated":true}]}}