{"id":522,"date":"2026-03-19T13:34:28","date_gmt":"2026-03-19T13:34:28","guid":{"rendered":"https:\/\/pwent.lionstackailab.hu\/?post_type=product&#038;p=522"},"modified":"2026-03-19T13:34:36","modified_gmt":"2026-03-19T13:34:36","slug":"tes-m8-3-beuto-fej-programozo-egyseg-es-gazpalack-adapter-nelkul","status":"publish","type":"product","link":"https:\/\/pwent.lionstackailab.hu\/de\/termek\/tes-m8-3-beuto-fej-programozo-egyseg-es-gazpalack-adapter-nelkul\/","title":{"rendered":"TES-M8-3 be\u00fct\u0151 fej programoz\u00f3 egys\u00e9g \u00e9s g\u00e1zpalack adapter N\u00c9LK\u00dcL"},"content":{"rendered":"<p>Be\u00fct\u0151 fej 80X50 mm. Fej alum\u00ednium kerettel, biztons\u00e1gi f\u00e9m lemezekkel \u00e9s kieg\u00e9sz\u00edt\u0151 leveg\u0151 besz\u00edv\u00f3val, amelyek biztos\u00edtj\u00e1k a be\u00fct\u0151fej belsej\u00e9nek tisztas\u00e1g\u00e1t m\u00e9g poros koszos ipari k\u00f6rnyezetben is.Pisztolymarkolat \u00e9s ravasz a be\u00fct\u00e9si munka elkezd\u00e9s\u00e9hez\u00a0(s\u0171r\u00edtett leveg\u0151 1-6 bar).<\/p>","protected":false},"excerpt":{"rendered":"<p id=\"tw-target-text\" class=\"tw-data-text vk_txt tw-ta tw-text-small\" dir=\"ltr\" data-placeholder=\"Ford\u00edt\u00e1s\"><span lang=\"hu\">Be\u00fct\u0151 fej 50 x 80 mm ter\u00fclet jel\u00f6l\u00e9s\u00e9re, programoz\u00f3 egys\u00e9g \u00e9s g\u00e1zpalack adapter <strong>N\u00c9LK\u00dcL<\/strong><\/span><\/p>","protected":false},"featured_media":564,"template":"","meta":[],"product_brand":[],"product_cat":[32,138,75,31],"product_tag":[146,143],"class_list":{"0":"post-522","1":"product","2":"type-product","3":"status-publish","4":"has-post-thumbnail","6":"product_cat-gazpalack-nyomasproba-es-felujitas","7":"product_cat-gazpalackok-jelolese","8":"product_cat-kiegeszitok","9":"product_cat-termekek","10":"product_tag-kiegeszito","11":"product_tag-mk3-x80","13":"first","14":"instock","15":"shipping-taxable","16":"purchasable","17":"product-type-simple"},"_links":{"self":[{"href":"https:\/\/pwent.lionstackailab.hu\/de\/wp-json\/wp\/v2\/product\/522","targetHints":{"allow":["GET"]}}],"collection":[{"href":"https:\/\/pwent.lionstackailab.hu\/de\/wp-json\/wp\/v2\/product"}],"about":[{"href":"https:\/\/pwent.lionstackailab.hu\/de\/wp-json\/wp\/v2\/types\/product"}],"wp:featuredmedia":[{"embeddable":true,"href":"https:\/\/pwent.lionstackailab.hu\/de\/wp-json\/wp\/v2\/media\/564"}],"wp:attachment":[{"href":"https:\/\/pwent.lionstackailab.hu\/de\/wp-json\/wp\/v2\/media?parent=522"}],"wp:term":[{"taxonomy":"product_brand","embeddable":true,"href":"https:\/\/pwent.lionstackailab.hu\/de\/wp-json\/wp\/v2\/product_brand?post=522"},{"taxonomy":"product_cat","embeddable":true,"href":"https:\/\/pwent.lionstackailab.hu\/de\/wp-json\/wp\/v2\/product_cat?post=522"},{"taxonomy":"product_tag","embeddable":true,"href":"https:\/\/pwent.lionstackailab.hu\/de\/wp-json\/wp\/v2\/product_tag?post=522"}],"curies":[{"name":"wp","href":"https:\/\/api.w.org\/{rel}","templated":true}]}}