{"id":521,"date":"2026-03-19T13:34:28","date_gmt":"2026-03-19T13:34:28","guid":{"rendered":"https:\/\/pwent.lionstackailab.hu\/?post_type=product&#038;p=521"},"modified":"2026-03-19T13:34:36","modified_gmt":"2026-03-19T13:34:36","slug":"sch-tcs-7-tartalek-erintokepernyo","status":"publish","type":"product","link":"https:\/\/pwent.lionstackailab.hu\/de\/termek\/sch-tcs-7-tartalek-erintokepernyo\/","title":{"rendered":"SCH-TCS-7 tartal\u00e9k \u00e9rint\u0151k\u00e9perny\u0151"},"content":{"rendered":"<p id=\"tw-target-text\" class=\"tw-data-text vk_txt tw-ta tw-text-small\" dir=\"ltr\" data-placeholder=\"Ford\u00edt\u00e1s\"><span lang=\"hu\">Tartal\u00e9k \u00c9rint\u0151k\u00e9perny\u0151 panel interf\u00e9sz k\u00e1rty\u00e1val s\u00e9r\u00fclt \u00e9rint\u0151k\u00e9perny\u0151 cser\u00e9j\u00e9hez<\/span><\/p>","protected":false},"excerpt":{"rendered":"<p id=\"tw-target-text\" class=\"tw-data-text vk_txt tw-ta tw-text-small\" dir=\"ltr\" data-placeholder=\"Ford\u00edt\u00e1s\"><span lang=\"hu\">Tartal\u00e9k \u00c9rint\u0151k\u00e9perny\u0151 panel interf\u00e9sz k\u00e1rty\u00e1val<\/span><\/p>","protected":false},"featured_media":563,"template":"","meta":[],"product_brand":[],"product_cat":[32,138,75],"product_tag":[150,146,143],"class_list":{"0":"post-521","1":"product","2":"type-product","3":"status-publish","4":"has-post-thumbnail","6":"product_cat-gazpalack-nyomasproba-es-felujitas","7":"product_cat-gazpalackok-jelolese","8":"product_cat-kiegeszitok","9":"product_tag-erintokepernyo","10":"product_tag-kiegeszito","11":"product_tag-mk3-x80","13":"first","14":"instock","15":"shipping-taxable","16":"purchasable","17":"product-type-simple"},"_links":{"self":[{"href":"https:\/\/pwent.lionstackailab.hu\/de\/wp-json\/wp\/v2\/product\/521","targetHints":{"allow":["GET"]}}],"collection":[{"href":"https:\/\/pwent.lionstackailab.hu\/de\/wp-json\/wp\/v2\/product"}],"about":[{"href":"https:\/\/pwent.lionstackailab.hu\/de\/wp-json\/wp\/v2\/types\/product"}],"wp:featuredmedia":[{"embeddable":true,"href":"https:\/\/pwent.lionstackailab.hu\/de\/wp-json\/wp\/v2\/media\/563"}],"wp:attachment":[{"href":"https:\/\/pwent.lionstackailab.hu\/de\/wp-json\/wp\/v2\/media?parent=521"}],"wp:term":[{"taxonomy":"product_brand","embeddable":true,"href":"https:\/\/pwent.lionstackailab.hu\/de\/wp-json\/wp\/v2\/product_brand?post=521"},{"taxonomy":"product_cat","embeddable":true,"href":"https:\/\/pwent.lionstackailab.hu\/de\/wp-json\/wp\/v2\/product_cat?post=521"},{"taxonomy":"product_tag","embeddable":true,"href":"https:\/\/pwent.lionstackailab.hu\/de\/wp-json\/wp\/v2\/product_tag?post=521"}],"curies":[{"name":"wp","href":"https:\/\/api.w.org\/{rel}","templated":true}]}}