{"id":518,"date":"2026-03-19T13:34:28","date_gmt":"2026-03-19T13:34:28","guid":{"rendered":"https:\/\/pwent.lionstackailab.hu\/?post_type=product&#038;p=518"},"modified":"2026-03-19T13:34:35","modified_gmt":"2026-03-19T13:34:35","slug":"ass-6sh-120-05-beuto-hegy","status":"publish","type":"product","link":"https:\/\/pwent.lionstackailab.hu\/de\/termek\/ass-6sh-120-05-beuto-hegy\/","title":{"rendered":"ASS-6SH-120-05 be\u00fct\u0151 hegy"},"content":{"rendered":"<p>Be\u00fct\u0151hegy, 6 mm \u00e1tm\u00e9r\u0151j\u0171, 120 \u00b0-os sz\u00f6gben, rug\u00f3s, o-gy\u0171r\u0171, al\u00e1t\u00e9t. A hegy csak S \/ F \/ M egys\u00e9gekhez haszn\u00e1lhat\u00f3. A\u00a0120 \u00b0 ide\u00e1lis kem\u00e9nyf\u00e9mek, p\u00e9ld\u00e1ul ac\u00e9lpalackok jel\u00f6l\u00e9s\u00e9hez<\/p>","protected":false},"excerpt":{"rendered":"<p>Be\u00fct\u0151hegy+rug\u00f3s, o-gy\u0171r\u0171, al\u00e1t\u00e9t, 6 mm \u00e1tm\u00e9r\u0151j\u0171, 120 \u00b0-os sz\u00f6gben.\u00a0A\u00a0120 \u00b0 \u00a0ide\u00e1lis kem\u00e9nyf\u00e9mek, p\u00e9ld\u00e1ul ac\u00e9lpalackok jel\u00f6l\u00e9s\u00e9hez<\/p>","protected":false},"featured_media":560,"template":"","meta":[],"product_brand":[],"product_cat":[32,138,75,31],"product_tag":[147,145,143],"class_list":{"0":"post-518","1":"product","2":"type-product","3":"status-publish","4":"has-post-thumbnail","6":"product_cat-gazpalack-nyomasproba-es-felujitas","7":"product_cat-gazpalackok-jelolese","8":"product_cat-kiegeszitok","9":"product_cat-termekek","10":"product_tag-alkatresz","11":"product_tag-hegy","12":"product_tag-mk3-x80","14":"first","15":"instock","16":"shipping-taxable","17":"purchasable","18":"product-type-simple"},"_links":{"self":[{"href":"https:\/\/pwent.lionstackailab.hu\/de\/wp-json\/wp\/v2\/product\/518","targetHints":{"allow":["GET"]}}],"collection":[{"href":"https:\/\/pwent.lionstackailab.hu\/de\/wp-json\/wp\/v2\/product"}],"about":[{"href":"https:\/\/pwent.lionstackailab.hu\/de\/wp-json\/wp\/v2\/types\/product"}],"wp:featuredmedia":[{"embeddable":true,"href":"https:\/\/pwent.lionstackailab.hu\/de\/wp-json\/wp\/v2\/media\/560"}],"wp:attachment":[{"href":"https:\/\/pwent.lionstackailab.hu\/de\/wp-json\/wp\/v2\/media?parent=518"}],"wp:term":[{"taxonomy":"product_brand","embeddable":true,"href":"https:\/\/pwent.lionstackailab.hu\/de\/wp-json\/wp\/v2\/product_brand?post=518"},{"taxonomy":"product_cat","embeddable":true,"href":"https:\/\/pwent.lionstackailab.hu\/de\/wp-json\/wp\/v2\/product_cat?post=518"},{"taxonomy":"product_tag","embeddable":true,"href":"https:\/\/pwent.lionstackailab.hu\/de\/wp-json\/wp\/v2\/product_tag?post=518"}],"curies":[{"name":"wp","href":"https:\/\/api.w.org\/{rel}","templated":true}]}}