{"id":515,"date":"2026-03-19T13:34:28","date_gmt":"2026-03-19T13:34:28","guid":{"rendered":"https:\/\/pwent.lionstackailab.hu\/?post_type=product&#038;p=515"},"modified":"2026-03-19T13:34:34","modified_gmt":"2026-03-19T13:34:34","slug":"mk3-x80-gazpalack-feliratozo-gep-vezerlessel","status":"publish","type":"product","link":"https:\/\/pwent.lionstackailab.hu\/de\/termek\/mk3-x80-gazpalack-feliratozo-gep-vezerlessel\/","title":{"rendered":"MK3-X80 g\u00e1zpalack feliratoz\u00f3 g\u00e9p vez\u00e9rl\u00e9ssel"},"content":{"rendered":"<p>Nagy erej\u0171, prec\u00edzi\u00f3s pontgrav\u00edroz\u00e1s. Jel\u00f6l\u0151 ablak: 80 x 50 mm; Be\u00fct\u0151 fej alum\u00ednium kerettel, g\u00e1zpalack be\u00fct\u00e9s, feliratoz\u00e1s, jel\u00f6l\u00e9s elv\u00e9gz\u00e9s\u00e9hez. F\u00e9m biztons\u00e1gi\u00a0red\u0151ny\u00f6k \u00e9s kieg\u00e9sz\u00edt\u0151 leveg\u0151 bemenet biztos\u00edtj\u00e1k a tiszta bels\u0151t \u00e9s a \u00a0mechanikai alkatr\u00e9szeket tisztas\u00e1g\u00e1t. Ez k\u00fcl\u00f6n\u00f6sen fontos az ipari poros k\u00f6r\u00fclm\u00e9nyek k\u00f6z\u00f6tt. Az \u00e9rint\u0151k\u00e9perny\u0151vel a g\u00e9p programoz\u00e1sa egyszer\u0171v\u00e9 v\u00e1lik.\u00a0K\u00f6nnyen be\u00e1ll\u00edthat\u00f3ak ak\u00e1r a nyom\u00e1spr\u00f3b\u00e1n\u00e1l k\u00f6telez\u0151 adatok, ak\u00e1r egy g\u00e1zv\u00e1ltoztat\u00e1sn\u00e1l sz\u00fcks\u00e9ges feliratok<\/p>\n<h2>G\u00e1zpalack\u00a0be\u00fct\u00e9s<\/h2>\n<p>A g\u00e9p alkalmas g\u00e1zpalackok gyors egyszer\u0171 feliratoz\u00e1s\u00e1hoz. Az el\u0151re be\u00e1ll\u00edtott programokkal, gyors v\u00e1lt\u00e1sokkal, a be\u00fctni k\u00edv\u00e1nt sz\u00f6veg egyszer\u0171en be\u00e1ll\u00edthat\u00f3. A be\u00e1ll\u00edt\u00e1st k\u00f6vet\u0151en \u00e1tlagos munk\u00e1n\u00e1l 53 karakter\/perc sebess\u00e9ggel be\u00fcthet\u0151ek ac\u00e9l palackok.A v\u00e1lt\u00e1s gyors. A m\u0171velet az oper\u00e1tornak nem megterhel\u0151. A kor\u00e1bbi k\u00e9zi kalap\u00e1l\u00e1ssal szemben eg\u00e9sz nap egyetlen oper\u00e1tor is v\u00e9gezheti a m\u0171veletet azonos min\u0151s\u00e9ggel, azonos m\u00e9lys\u00e9ggel. A g\u00e1zpalackok fel\u00fclet\u00e9t a be\u00fct\u00e9s ut\u00e1n ak\u00e1r 120-200 mikronos fest\u00e9kkel is el lehet takarni, a g\u00e9\u00fcnkkel elhelyezett be\u00fct\u00e9sek akkor is l\u00e1tsz\u00f3dni fognak a g\u00e1zpalack fel\u00fclet\u00e9n.<\/p>\n<p>Elektro-pneumatikus be\u00fct\u0151 fej (s\u0171r\u00edtett leveg\u0151: 1-6 bar).<\/p>\n<ul>\n<li>Nagy be\u00fct\u00e9si er\u0151 a legkem\u00e9nyebb anyag\u00fa g\u00e1zpalackokhoz is<\/li>\n<li>Fest\u00e9kr\u00e9tegek alatt is l\u00e1that\u00f3 jel\u00f6l\u00e9s lehet ak\u00e1r porfestett ak\u00e1r v\u00edzb\u00e1zis\u00fa fest\u00e9kkel ell\u00e1tott g\u00e1zpalack<\/li>\n<li>Egyszer\u0171 haszn\u00e1lat<\/li>\n<li>Egyszer\u0171 \u00e9rint\u0151k\u00e9perny\u0151vel t\u00f6rt\u00e9n\u0151 programozhat\u00f3s\u00e1g<\/li>\n<li>Robusztus kivitel<\/li>\n<li>Biztos pozicion\u00e1l\u00e1s<\/li>\n<li>Sorozatsz\u00e1mok, sz\u00f6vegek, kijel\u00f6lt szervezet azonos\u00edt\u00f3, TARA s\u00faly, d\u00e1tumok \u00e9s sok minden m\u00e1s jel\u00f6l\u00e9se<\/li>\n<\/ul>\n<h2><strong>Beschreibung<\/strong><\/h2>\n<ul>\n<li>G\u00e1zpalackok nagy erej\u0171 hordozhat\u00f3 jel\u00f6l\u0151 g\u00e9p elektro-pneumatikus \u00fct\u00e9ssel a prec\u00edzi\u00f3s a m\u00e9ly jel\u00f6l\u00e9si eredm\u00e9ny el\u00e9r\u00e9s\u00e9hez, ahol a fel\u00fclet m\u00e9g tov\u00e1bbi fest\u00e9s vagy s\u00f6r\u00e9tez\u00e9snek lesz kit\u00e9ve.<\/li>\n<li>Megold\u00e1s a nagy kem\u00e9nys\u00e9g\u0171 f\u00e9mek jel\u00f6l\u00e9s\u00e9re, mint pl. a CrMo54.<\/li>\n<li>\u00c9rint\u0151k\u00e9perny\u0151s k\u00fcl\u00f6n\u00e1ll\u00f3 programoz\u00f3i egys\u00e9g<\/li>\n<li>PC-hez k\u00f6thet\u0151 kivitel.<\/li>\n<\/ul>\n<h2><strong>Jellemz\u0151k<\/strong><\/h2>\n<ul>\n<li>Maxim\u00e1lis rugalmass\u00e1g: nagy pontoss\u00e1g, nagy sebess\u00e9g, m\u00e9ly jel\u00f6l\u00e9s<\/li>\n<li>Aj\u00e1nlott f\u00e9mek \u00e9s nagy kem\u00e9nys\u00e9g\u0171 f\u00e9mek jel\u00f6l\u00e9s\u00e9re<\/li>\n<li>\u00cdves \u00e9s egyenes nem forg\u00f3 munkadarabok jel\u00f6l\u00e9s\u00e9re<\/li>\n<li>Jel\u00f6l\u00e9si ablak: 80 x 50 mm<\/li>\n<\/ul>\n<h2><strong>Jel\u00f6l\u00e9s<\/strong><\/h2>\n<ul>\n<li>V\u00e1ltoz\u00f3 sz\u00f6veg, sorozatsz\u00e1m, d\u00e1tum \u00e9s id\u0151, log\u00f3, grafika ( (DXF, PLT)<\/li>\n<li>20 el\u00e9rhet\u0151 karakterk\u00e9szlet<\/li>\n<li>Programozhat\u00f3 karakterm\u00e9ret, st\u00edlus , \u00e9s ir\u00e1ny<\/li>\n<li>NASA szabv\u00e1nyos DataMatrix k\u00f3d<\/li>\n<\/ul>\n<h2><strong>Kontakt<\/strong><\/h2>\n<ul>\n<li>Soros k\u00e1bel PC kapcsolat \u00e9s Ethernet h\u00e1l\u00f3zati kapcsolat<\/li>\n<li>USB port programok \u00e9s grafik\u00e1k export \u00e9s importj\u00e1hoz.<\/li>\n<\/ul>\n<hr \/>\n<p>&nbsp;<\/p>\n<h2>Let\u00f6lt\u00e9sek<\/h2>\n<ul>\n<li><a href=\"https:\/\/pwent.eu\/wp-content\/uploads\/2016\/05\/GASCYLINDERS-marking-HU.pdf\" rel=\"\">MK3-X80 g\u00e1zpalack be\u00fct\u00e9s, jel\u00f6l\u00e9s, feliratoz\u00e1s<\/a><\/li>\n<\/ul>\n<p>&nbsp;<\/p>","protected":false},"excerpt":{"rendered":"<p>Nagy erej\u0171, nagy teherb\u00edr\u00e1s\u00fa, ipari k\u00f6rnyezetbe haszn\u00e1lhat\u00f3, k\u00f6nnyen programozhat\u00f3 g\u00e1zpalack be\u00fct\u0151 g\u00e9p \u00e9rint\u0151k\u00e9perny\u0151s vez\u00e9rl\u00e9ssel. Jel\u00f6l\u0151 Ablak: 80 x 50 mm; G\u00e1zpalackok gyors r\u00f6gz\u00edt\u00e9s\u00e9hez szolg\u00e1l\u00f3 adapterrel<\/p>","protected":false},"featured_media":553,"template":"","meta":[],"product_brand":[],"product_cat":[32,138,36,33,31],"product_tag":[139,140,141,142,143],"class_list":{"0":"post-515","1":"product","2":"type-product","3":"status-publish","4":"has-post-thumbnail","6":"product_cat-gazpalack-nyomasproba-es-felujitas","7":"product_cat-gazpalackok-jelolese","8":"product_cat-muhely-porralolto-keszulek-karbantartasahoz","9":"product_cat-muhely-szendioxiddal-olto-keszulekhez","10":"product_cat-termekek","11":"product_tag-beutes","12":"product_tag-feliratozas","13":"product_tag-gravirozas","14":"product_tag-jeloles","15":"product_tag-mk3-x80","17":"first","18":"instock","19":"featured","20":"shipping-taxable","21":"purchasable","22":"product-type-simple"},"_links":{"self":[{"href":"https:\/\/pwent.lionstackailab.hu\/de\/wp-json\/wp\/v2\/product\/515","targetHints":{"allow":["GET"]}}],"collection":[{"href":"https:\/\/pwent.lionstackailab.hu\/de\/wp-json\/wp\/v2\/product"}],"about":[{"href":"https:\/\/pwent.lionstackailab.hu\/de\/wp-json\/wp\/v2\/types\/product"}],"wp:featuredmedia":[{"embeddable":true,"href":"https:\/\/pwent.lionstackailab.hu\/de\/wp-json\/wp\/v2\/media\/553"}],"wp:attachment":[{"href":"https:\/\/pwent.lionstackailab.hu\/de\/wp-json\/wp\/v2\/media?parent=515"}],"wp:term":[{"taxonomy":"product_brand","embeddable":true,"href":"https:\/\/pwent.lionstackailab.hu\/de\/wp-json\/wp\/v2\/product_brand?post=515"},{"taxonomy":"product_cat","embeddable":true,"href":"https:\/\/pwent.lionstackailab.hu\/de\/wp-json\/wp\/v2\/product_cat?post=515"},{"taxonomy":"product_tag","embeddable":true,"href":"https:\/\/pwent.lionstackailab.hu\/de\/wp-json\/wp\/v2\/product_tag?post=515"}],"curies":[{"name":"wp","href":"https:\/\/api.w.org\/{rel}","templated":true}]}}