{"id":502,"date":"2026-03-19T13:34:24","date_gmt":"2026-03-19T13:34:24","guid":{"rendered":"https:\/\/pwent.lionstackailab.hu\/?post_type=product&#038;p=502"},"modified":"2026-03-19T13:34:26","modified_gmt":"2026-03-19T13:34:26","slug":"rcp-elszivofal-gazpalackok-festesehez","status":"publish","type":"product","link":"https:\/\/pwent.lionstackailab.hu\/de\/termek\/rcp-elszivofal-gazpalackok-festesehez\/","title":{"rendered":"RCP elsz\u00edv\u00f3fal g\u00e1zpalackok fest\u00e9s\u00e9hez"},"content":{"rendered":"<p>G\u00e1zpalackok k\u00e9zi fest\u00e9s\u00e9hez, 2-6 \u00e1ll\u00e1sos kabinok. Az RCP-VMB alkalmas a g\u00e1zpalackok, t\u0171zolt\u00f3k\u00e9sz\u00fcl\u00e9kek k\u00fcls\u0151 fel\u00fclet\u00e9nek k\u00e9zi fest\u00e9s\u00e9re. A g\u00e1zpalackokat el\u0151z\u0151leg vagy s\u00f6r\u00e9tez\u00e9ssel vagy RCP270 tiszt\u00edt\u00f3 egys\u00e9ggel meg kell tiszt\u00edtani. Nyitott ajt\u00f3n\u00e1l (1 \u00e1ll\u00e1sos modell) a g\u00e1zpalack forog. A g\u00e1zpalack forg\u00e1sa mellett lehget\u0151s\u00e9g van a palack ecsettel vagy fest\u0151hengerrel t\u00f6rt\u00e9n\u0151 lefest\u00e9s\u00e9re.<\/p>\n<h3>El\u0151ny\u00f6k<\/h3>\n<p>Az RCP-VMB egys\u00e9ggel a fest\u00e9si folyamat a kabinon bel\u00fcl t\u00f6rt\u00e9nik meg. Az ajt\u00f3 a fest\u00e9si m\u0171velet befejez\u00e9s\u00e9vel bez\u00e1rhat\u00f3, ezzel a munkahely tiszt\u00e1n \u00e9s rendezetten tarthat\u00f3. A g\u00e1zpalackok ak\u00e1r teljesen ak\u00e1r r\u00e9szlegesen lefethet\u0151ek. Ak\u00e1r csak a nyak is festhet\u0151 a nyom\u00e1spr\u00f3ba feliratainak visszajav\u00edt\u00e1s\u00e1n\u00e1l vagy a g\u00e1zpalack nyaksz\u00edn\u00e9nek megv\u00e1ltoztat\u00e1s\u00e1n\u00e1l.<\/p>\n<h3>R\u00e9szek \u00e9s tartoz\u00e9kok<\/h3>\n<ul>\n<li>Kabin festett ac\u00e9lb\u00f3l<\/li>\n<li>Aluminium k\u00fcls\u0151 bor\u00edt\u00f3 lemezek<\/li>\n<li>Sz\u00e9lesre t\u00e1rhat\u00f3 ajt\u00f3 (1 palackos verzi\u00f3)<\/li>\n<li>Bels\u0151 vil\u00e1g\u00edt\u00e1s (1 palackos verzi\u00f3)<\/li>\n<li>F\u00fcgg\u0151legesen \u00e1ll\u00edthat\u00f3 befog\u00f3 szerkezet a palackok forgat\u00e1s\u00e1hoz<\/li>\n<li>forgat\u00f3 motor\/ok<\/li>\n<li>24 voltos f\u0151 vez\u00e9rl\u0151panel<\/li>\n<\/ul>\n<h3>Speci\u00e1lis modellek k\u00fcl\u00f6n k\u00e9r\u00e9s alapj\u00e1n<\/h3>\n<ul>\n<li>speci\u00e1lis palackm\u00e9retekhez alkalmas kabinok gy\u00e1rt\u00e1sa<\/li>\n<li>k\u00fcl\u00f6nb\u00f6z\u0151 fesz\u00fclts\u00e9gekhez \u00e9s frekvenci\u00e1khoz tervez\u00e9s<\/li>\n<\/ul>\n<hr \/>\n<p>&nbsp;<\/p>\n<p><strong>Let\u00f6lthet\u0151 anyagok<\/strong><\/p>\n<ul>\n<li><a href=\"https:\/\/pwent.eu\/wp-content\/uploads\/2016\/05\/RCP_VMBext_painting.pdf\" rel=\"\">RCP sorozat VMB verzi\u00f3<\/a><\/li>\n<\/ul>","protected":false},"excerpt":{"rendered":"<p>G\u00e1zpalackok k\u00e9zi fest\u00e9s\u00e9hez, 2-6 \u00e1ll\u00e1sos kabinok. Az RCP-VMB alkalmas a g\u00e1zpalackok, t\u0171zolt\u00f3k\u00e9sz\u00fcl\u00e9kek k\u00fcls\u0151 fel\u00fclet\u00e9nek k\u00e9zi fest\u00e9s\u00e9re. A g\u00e1zpalackokat el\u0151z\u0151leg vagy s\u00f6r\u00e9tez\u00e9ssel vagy RCP270 tiszt\u00edt\u00f3 egys\u00e9ggel meg kell tiszt\u00edtani. Nyitott ajt\u00f3n\u00e1l (1 \u00e1ll\u00e1sos modell) a g\u00e1zpalack forog. A g\u00e1zpalack forg\u00e1sa mellett lehet\u0151s\u00e9g van a palack ecsettel vagy fest\u0151hengerrel t\u00f6rt\u00e9n\u0151 lefest\u00e9s\u00e9re<\/p>","protected":false},"featured_media":490,"template":"","meta":[],"product_brand":[],"product_cat":[133,32,31],"product_tag":[135,136,137],"class_list":{"0":"post-502","1":"product","2":"type-product","3":"status-publish","4":"has-post-thumbnail","6":"product_cat-gazpalack-kulso-festese-feluletkezeles","7":"product_cat-gazpalack-nyomasproba-es-felujitas","8":"product_cat-termekek","9":"product_tag-elszivas","10":"product_tag-festes","11":"product_tag-kabin","13":"first","14":"instock","15":"shipping-taxable","16":"purchasable","17":"product-type-simple"},"_links":{"self":[{"href":"https:\/\/pwent.lionstackailab.hu\/de\/wp-json\/wp\/v2\/product\/502","targetHints":{"allow":["GET"]}}],"collection":[{"href":"https:\/\/pwent.lionstackailab.hu\/de\/wp-json\/wp\/v2\/product"}],"about":[{"href":"https:\/\/pwent.lionstackailab.hu\/de\/wp-json\/wp\/v2\/types\/product"}],"wp:featuredmedia":[{"embeddable":true,"href":"https:\/\/pwent.lionstackailab.hu\/de\/wp-json\/wp\/v2\/media\/490"}],"wp:attachment":[{"href":"https:\/\/pwent.lionstackailab.hu\/de\/wp-json\/wp\/v2\/media?parent=502"}],"wp:term":[{"taxonomy":"product_brand","embeddable":true,"href":"https:\/\/pwent.lionstackailab.hu\/de\/wp-json\/wp\/v2\/product_brand?post=502"},{"taxonomy":"product_cat","embeddable":true,"href":"https:\/\/pwent.lionstackailab.hu\/de\/wp-json\/wp\/v2\/product_cat?post=502"},{"taxonomy":"product_tag","embeddable":true,"href":"https:\/\/pwent.lionstackailab.hu\/de\/wp-json\/wp\/v2\/product_tag?post=502"}],"curies":[{"name":"wp","href":"https:\/\/api.w.org\/{rel}","templated":true}]}}