{"id":498,"date":"2026-03-19T13:34:24","date_gmt":"2026-03-19T13:34:24","guid":{"rendered":"https:\/\/pwent.lionstackailab.hu\/?post_type=product&#038;p=498"},"modified":"2026-03-19T13:34:26","modified_gmt":"2026-03-19T13:34:26","slug":"fit50-duo-viznyomasproba-pad-66-palackhoz","status":"publish","type":"product","link":"https:\/\/pwent.lionstackailab.hu\/de\/termek\/fit50-duo-viznyomasproba-pad-66-palackhoz\/","title":{"rendered":"FIT50-DUO v\u00edznyom\u00e1spr\u00f3ba pad 6+6 palackhoz"},"content":{"rendered":"<p>A FIT\/50 DUO 6 + 6 palack palack ak\u00e1r t\u0171zolt\u00f3k\u00e9sz\u00fcl\u00e9kek ak\u00e1r nagym\u00e9ret\u0171 ipari g\u00e1zpalackok nyom\u00e1spr\u00f3b\u00e1z\u00e1s\u00e1hoz alkalmas.\u00a0 A FIT\/50 DUO megengedi hogy egyszerre 2 invertern\u00e9l dolgozzunk. M\u00edg az egyik 6 palackon a nyom\u00e1spr\u00f3b\u00e1t v\u00e9gezz\u00fck, addig a m\u00e1sik padon a palackok cser\u00e9je t\u00f6rt\u00e9nik, ezzel felgyors\u00edtva a folyamatot \u00e9s n\u00f6velve a g\u00e9p kihaszn\u00e1lts\u00e1g\u00e1t.<\/p>\n<hr \/>\n<p><strong>Let\u00f6lthet\u0151 anyagok<\/strong><\/p>\n<ul>\n<li><a href=\"https:\/\/pwent.eu\/wp-content\/uploads\/2016\/05\/FIT50_hydraulic_testing-1.pdf\" rel=\"\">FIT 50 duo v\u00edznyom\u00e1spr\u00f3ba pad<\/a><\/li>\n<\/ul>","protected":false},"excerpt":{"rendered":"<p>F\u00e9lautomata nyom\u00e1spr\u00f3bapad 6 + 6 g\u00e1zpalack nyom\u00e1spr\u00f3b\u00e1j\u00e1nak elv\u00e9gz\u00e9s\u00e9hez. Maxim\u00e1lis nyom\u00e1s\u00e9rt\u00e9k: 450 bar. G\u00e1zpalack \u00e1tm\u00e9r\u0151: 110-270 mm G\u00e1zpalack hossz: 500-1755 mm.<\/p>","protected":false},"featured_media":505,"template":"","meta":[],"product_brand":[],"product_cat":[32,40],"product_tag":[134,44],"class_list":{"0":"post-498","1":"product","2":"type-product","3":"status-publish","4":"has-post-thumbnail","6":"product_cat-gazpalack-nyomasproba-es-felujitas","7":"product_cat-gazpalack-nyomasproba-rampa","8":"product_tag-fit50","9":"product_tag-nyomopad","11":"first","12":"instock","13":"shipping-taxable","14":"purchasable","15":"product-type-simple"},"_links":{"self":[{"href":"https:\/\/pwent.lionstackailab.hu\/de\/wp-json\/wp\/v2\/product\/498","targetHints":{"allow":["GET"]}}],"collection":[{"href":"https:\/\/pwent.lionstackailab.hu\/de\/wp-json\/wp\/v2\/product"}],"about":[{"href":"https:\/\/pwent.lionstackailab.hu\/de\/wp-json\/wp\/v2\/types\/product"}],"wp:featuredmedia":[{"embeddable":true,"href":"https:\/\/pwent.lionstackailab.hu\/de\/wp-json\/wp\/v2\/media\/505"}],"wp:attachment":[{"href":"https:\/\/pwent.lionstackailab.hu\/de\/wp-json\/wp\/v2\/media?parent=498"}],"wp:term":[{"taxonomy":"product_brand","embeddable":true,"href":"https:\/\/pwent.lionstackailab.hu\/de\/wp-json\/wp\/v2\/product_brand?post=498"},{"taxonomy":"product_cat","embeddable":true,"href":"https:\/\/pwent.lionstackailab.hu\/de\/wp-json\/wp\/v2\/product_cat?post=498"},{"taxonomy":"product_tag","embeddable":true,"href":"https:\/\/pwent.lionstackailab.hu\/de\/wp-json\/wp\/v2\/product_tag?post=498"}],"curies":[{"name":"wp","href":"https:\/\/api.w.org\/{rel}","templated":true}]}}