{"id":493,"date":"2026-03-19T13:34:23","date_gmt":"2026-03-19T13:34:23","guid":{"rendered":"https:\/\/pwent.lionstackailab.hu\/?post_type=product&#038;p=493"},"modified":"2026-03-19T13:34:25","modified_gmt":"2026-03-19T13:34:25","slug":"dyna-6810-nyomatekkulcs-porraloltok-szelepelesehez","status":"publish","type":"product","link":"https:\/\/pwent.lionstackailab.hu\/de\/termek\/dyna-6810-nyomatekkulcs-porraloltok-szelepelesehez\/","title":{"rendered":"DYNA 6810 Drehmomentschl\u00fcssel zum Absperren von Feuerl\u00f6schern"},"content":{"rendered":"<p>20-100 Nm. A kattan\u00e1sos t\u00edpus\u00fa nyomat\u00e9kkulcs DYNA 6810 modell egy profi kulcs a legpontosabb nyomat\u00e9k el\u00e9r\u00e9s\u00e9re, t\u0171z\u00f3lt\u00f3k\u00e9sz\u00fcl\u00e9k szelepel\u00e9s\u00e9n\u00e9l. A berendez\u00e9s alap\u00e1llapotban menet 1\/4 &#8222;BSP szelepel\u00e9s\u00e9hez alkalmas bet\u00e9ttel van ell\u00e1tva. A\u00a0kis fej lehet\u0151v\u00e9 teszi, szelepel\u00e9st m\u00e9g sz\u0171k ter\u00fcleteken is.<\/p>\n<hr \/>\n<p><strong>Let\u00f6lthet\u0151 anyagok<\/strong><\/p>\n<p><a href=\"https:\/\/pwent.eu\/wp-content\/uploads\/2016\/05\/DYNA6810_wrench-2.pdf\" rel=\"\">DYNA 6810 model -nyomat\u00e9kkulcs porolt\u00f3khoz<\/a><\/p>","protected":false},"excerpt":{"rendered":"<p>20-100 Nm er\u0151h\u00f6z. A kattan\u00e1sos t\u00edpus\u00fa nyomat\u00e9kkulcsot t\u0171zolt\u00f3k\u00e9sz\u00fcl\u00e9kek szelepel\u00e9s\u00e9hez aj\u00e1nljuk. A berendez\u00e9s alap\u00e1llapotban 1\/4 &#8222;BSP menetek szelepel\u00e9s\u00e9hez alkalmas bet\u00e9ttel van ell\u00e1tva. A\u00a0kis fej lehet\u0151v\u00e9 teszi, szelepel\u00e9st m\u00e9g sz\u0171k ter\u00fcleteken is<\/p>","protected":false},"featured_media":504,"template":"","meta":[],"product_brand":[],"product_cat":[32,34,31],"product_tag":[77,35,68],"class_list":{"0":"post-493","1":"product","2":"type-product","3":"status-publish","4":"has-post-thumbnail","6":"product_cat-gazpalack-nyomasproba-es-felujitas","7":"product_cat-szelepszereles","8":"product_cat-termekek","9":"product_tag-nyomatekkulcs","10":"product_tag-szelepeles","11":"product_tag-tuzoltokeszulek","13":"first","14":"instock","15":"shipping-taxable","16":"purchasable","17":"product-type-simple"},"_links":{"self":[{"href":"https:\/\/pwent.lionstackailab.hu\/de\/wp-json\/wp\/v2\/product\/493","targetHints":{"allow":["GET"]}}],"collection":[{"href":"https:\/\/pwent.lionstackailab.hu\/de\/wp-json\/wp\/v2\/product"}],"about":[{"href":"https:\/\/pwent.lionstackailab.hu\/de\/wp-json\/wp\/v2\/types\/product"}],"wp:featuredmedia":[{"embeddable":true,"href":"https:\/\/pwent.lionstackailab.hu\/de\/wp-json\/wp\/v2\/media\/504"}],"wp:attachment":[{"href":"https:\/\/pwent.lionstackailab.hu\/de\/wp-json\/wp\/v2\/media?parent=493"}],"wp:term":[{"taxonomy":"product_brand","embeddable":true,"href":"https:\/\/pwent.lionstackailab.hu\/de\/wp-json\/wp\/v2\/product_brand?post=493"},{"taxonomy":"product_cat","embeddable":true,"href":"https:\/\/pwent.lionstackailab.hu\/de\/wp-json\/wp\/v2\/product_cat?post=493"},{"taxonomy":"product_tag","embeddable":true,"href":"https:\/\/pwent.lionstackailab.hu\/de\/wp-json\/wp\/v2\/product_tag?post=493"}],"curies":[{"name":"wp","href":"https:\/\/api.w.org\/{rel}","templated":true}]}}