{"id":433,"date":"2026-03-19T13:34:00","date_gmt":"2026-03-19T13:34:00","guid":{"rendered":"https:\/\/pwent.lionstackailab.hu\/?post_type=product&#038;p=433"},"modified":"2026-03-19T13:34:25","modified_gmt":"2026-03-19T13:34:25","slug":"air5b-vizszintes-pneumatikus-satu","status":"publish","type":"product","link":"https:\/\/pwent.lionstackailab.hu\/de\/termek\/air5b-vizszintes-pneumatikus-satu\/","title":{"rendered":"AIR5B v\u00edzszintes pneumatikus satu"},"content":{"rendered":"<p>Horizont\u00e1lis, pneumatikus satu, 70-220 mm \u00e1tm\u00e9r\u0151h\u00f6z, j\u00e1rm\u0171re, mobil m\u0171helyhez.\u00a0G\u00e1zpalackok, porral-olt\u00f3 \u00e9s sz\u00e9ndioxiddal olt\u00f3 t\u0171zolt\u00f3k\u00e9sz\u00fcl\u00e9kek biztons\u00e1gos karbantart\u00e1s\u00e1hoz. Sz\u00fcks\u00e9ges leveg\u0151nyom\u00e1s: \u00a010 bar. Sz\u00e1ll\u00edt\u00e1si param\u00e9terek: 730 X 170 X 280 mm, S\u00faly: 20 kg.<a name=\"TOC-19\"><\/a><\/p>\n<hr \/>\n<h3>\u00a0Let\u00f6lthet\u0151 anyagok<\/h3>\n<ul>\n<li>\u00a0<a href=\"https:\/\/pwent.eu\/wp-content\/uploads\/2016\/05\/AIR_pneumatic_vices-1.pdf\" rel=\"\">Air sorozat air 5 pnemutatikus k\u00e9sz\u00fcl\u00e9k<\/a><\/li>\n<\/ul>","protected":false},"excerpt":{"rendered":"<p>Horizont\u00e1lis, pneumatikus satu, 70-220 mm \u00e1tm\u00e9r\u0151h\u00f6z, j\u00e1rm\u0171re, mobil m\u0171helyhez. Aj\u00e1nljuk g\u00e1zpalackok, porralolt\u00f3- \u00e9s sz\u00e9ndioxiddal olt\u00f3 t\u0171zolt\u00f3k\u00e9sz\u00fcl\u00e9kek biztons\u00e1gos karbantart\u00e1s\u00e1hoz<\/p>","protected":false},"featured_media":485,"template":"","meta":[],"product_brand":[],"product_cat":[32,76,34,31],"product_tag":[80,96,35],"class_list":{"0":"post-433","1":"product","2":"type-product","3":"status-publish","4":"has-post-thumbnail","6":"product_cat-gazpalack-nyomasproba-es-felujitas","7":"product_cat-mobil-karbantarto-allomas","8":"product_cat-szelepszereles","9":"product_cat-termekek","10":"product_tag-mobil","11":"product_tag-satu","12":"product_tag-szelepeles","14":"first","15":"instock","16":"shipping-taxable","17":"purchasable","18":"product-type-simple"},"_links":{"self":[{"href":"https:\/\/pwent.lionstackailab.hu\/de\/wp-json\/wp\/v2\/product\/433","targetHints":{"allow":["GET"]}}],"collection":[{"href":"https:\/\/pwent.lionstackailab.hu\/de\/wp-json\/wp\/v2\/product"}],"about":[{"href":"https:\/\/pwent.lionstackailab.hu\/de\/wp-json\/wp\/v2\/types\/product"}],"wp:featuredmedia":[{"embeddable":true,"href":"https:\/\/pwent.lionstackailab.hu\/de\/wp-json\/wp\/v2\/media\/485"}],"wp:attachment":[{"href":"https:\/\/pwent.lionstackailab.hu\/de\/wp-json\/wp\/v2\/media?parent=433"}],"wp:term":[{"taxonomy":"product_brand","embeddable":true,"href":"https:\/\/pwent.lionstackailab.hu\/de\/wp-json\/wp\/v2\/product_brand?post=433"},{"taxonomy":"product_cat","embeddable":true,"href":"https:\/\/pwent.lionstackailab.hu\/de\/wp-json\/wp\/v2\/product_cat?post=433"},{"taxonomy":"product_tag","embeddable":true,"href":"https:\/\/pwent.lionstackailab.hu\/de\/wp-json\/wp\/v2\/product_tag?post=433"}],"curies":[{"name":"wp","href":"https:\/\/api.w.org\/{rel}","templated":true}]}}